{"id":33047,"date":"2025-12-13T08:56:32","date_gmt":"2025-12-13T08:56:32","guid":{"rendered":"https:\/\/xn--kbrsglobalstore-7kcc.com\/?post_type=product&#038;p=33047"},"modified":"2025-12-16T21:13:59","modified_gmt":"2025-12-16T21:13:59","slug":"2pcs-toddler-boys-casual-solid-color-pattern-short-sleeve-t-shirt-and-shorts-set-with-pouch-summer","status":"publish","type":"product","link":"https:\/\/xn--kbrsglobalstore-7kcc.com\/tr\/urun\/2pcs-toddler-boys-casual-solid-color-pattern-short-sleeve-t-shirt-and-shorts-set-with-pouch-summer\/","title":{"rendered":"K\u00fc\u00e7\u00fck Erkek \u00c7ocuklar \u0130\u00e7in G\u00fcnl\u00fck Kullan\u0131ma Uygun D\u00fcz Renk Desenli K\u0131sa Kollu Ti\u015f\u00f6rt ve \u015eort Tak\u0131m\u0131, \u00c7anta Dahil, Yazl\u0131k"},"content":{"rendered":"<p class=\"ds-markdown-paragraph translation-block\">Bu 2 par\u00e7al\u0131, \u00e7ocuklu erkek \u00e7ocuklar i\u00e7in tasarlanm\u0131\u015f g\u00fcnl\u00fck k\u0131yafet setiyle minik yavrunuzu e\u011flenceli ve rahat bir \u015fekilde giydirin. Set, sevimli d\u00fcz renk desenli yumu\u015fak, k\u0131sa kollu bir ti\u015f\u00f6rt ve \u00f6n\u00fcnde kullan\u0131\u015fl\u0131 bir cep bulunan uyumlu \u015forttan olu\u015fmaktad\u0131r; bu cep, minik hazineler i\u00e7in m\u00fckemmeldir ve k\u0131yafete ekstra bir e\u011flence katar.<\/p>\n<p class=\"ds-markdown-paragraph translation-block\">Hafif ve nefes alabilen kuma\u015ftan \u00fcretilen bu set, yaz g\u00fcnlerinde serin kalmak ve aktif olmak i\u00e7in idealdir. Rahat kesimi ve e\u011flenceli tasar\u0131m\u0131, parkta, oyun bulu\u015fmalar\u0131nda veya aile gezilerinde sevimli g\u00f6r\u00fcn\u00fcrken \u00f6zg\u00fcrce hareket edebilmesini sa\u011flar.<\/p>\n<p class=\"ds-markdown-paragraph\">Hafif ve nefes alabilen kuma\u015ftan \u00fcretilen bu set, yaz ko\u015fullar\u0131nda serin kalmak ve aktif olmak i\u00e7in idealdir. Rahat b\u00f6l\u00fcm ve e\u011flenceli tasar\u0131m, parkta, oyun bulu\u015fmalar\u0131nda veya aile gezilerinde sevimli g\u00f6r\u00fcn\u00fcrken \u00f6zg\u00fcrce hareket edebilmesini sa\u011flar.<\/p>","protected":false},"excerpt":{"rendered":"<p>Dress your little one in playful comfort with this 2-Piece Toddler Boys&#8217; Casual Set. The outfit includes a soft,\u00a0short-sleeve T-shirt\u00a0featuring a cute\u00a0solid color pattern, paired with matching\u00a0shorts that include a handy front pouch\u2014perfect for tiny treasures and adding an extra touch of fun. Crafted from lightweight, breathable fabric, this set is ideal for keeping cool [&hellip;]<\/p>","protected":false},"featured_media":33048,"comment_status":"open","ping_status":"closed","template":"","meta":{"_monsterinsights_skip_tracking":false,"_monsterinsights_sitenote_active":false,"_monsterinsights_sitenote_note":"","_monsterinsights_sitenote_category":0},"product_brand":[],"product_cat":[15,113],"product_tag":[],"class_list":{"0":"post-33047","1":"product","2":"type-product","3":"status-publish","4":"has-post-thumbnail","6":"product_cat-uncategorized","7":"product_cat-kids-clothing","9":"first","10":"instock","11":"shipping-taxable","12":"purchasable","13":"product-type-simple"},"aioseo_notices":[],"_links":{"self":[{"href":"https:\/\/xn--kbrsglobalstore-7kcc.com\/tr\/wp-json\/wp\/v2\/product\/33047","targetHints":{"allow":["GET"]}}],"collection":[{"href":"https:\/\/xn--kbrsglobalstore-7kcc.com\/tr\/wp-json\/wp\/v2\/product"}],"about":[{"href":"https:\/\/xn--kbrsglobalstore-7kcc.com\/tr\/wp-json\/wp\/v2\/types\/product"}],"replies":[{"embeddable":true,"href":"https:\/\/xn--kbrsglobalstore-7kcc.com\/tr\/wp-json\/wp\/v2\/comments?post=33047"}],"wp:featuredmedia":[{"embeddable":true,"href":"https:\/\/xn--kbrsglobalstore-7kcc.com\/tr\/wp-json\/wp\/v2\/media\/33048"}],"wp:attachment":[{"href":"https:\/\/xn--kbrsglobalstore-7kcc.com\/tr\/wp-json\/wp\/v2\/media?parent=33047"}],"wp:term":[{"taxonomy":"product_brand","embeddable":true,"href":"https:\/\/xn--kbrsglobalstore-7kcc.com\/tr\/wp-json\/wp\/v2\/product_brand?post=33047"},{"taxonomy":"product_cat","embeddable":true,"href":"https:\/\/xn--kbrsglobalstore-7kcc.com\/tr\/wp-json\/wp\/v2\/product_cat?post=33047"},{"taxonomy":"product_tag","embeddable":true,"href":"https:\/\/xn--kbrsglobalstore-7kcc.com\/tr\/wp-json\/wp\/v2\/product_tag?post=33047"}],"curies":[{"name":"wp","href":"https:\/\/api.w.org\/{rel}","templated":true}]}}