{"id":32982,"date":"2025-12-12T22:57:04","date_gmt":"2025-12-12T22:57:04","guid":{"rendered":"https:\/\/xn--kbrsglobalstore-7kcc.com\/?post_type=product&#038;p=32982"},"modified":"2025-12-16T21:15:52","modified_gmt":"2025-12-16T21:15:52","slug":"3-tier-desk-organizer-with-drawers-ideal-for-storing-office-supplies-jewelry-and-cosmetics-portable-compartment-box-4-92in8-7in2-99in","status":"publish","type":"product","link":"https:\/\/xn--kbrsglobalstore-7kcc.com\/tr\/urun\/3-tier-desk-organizer-with-drawers-ideal-for-storing-office-supplies-jewelry-and-cosmetics-portable-compartment-box-4-92in8-7in2-99in\/","title":{"rendered":"\u00c7ekmeceli 3 Katl\u0131 Masa D\u00fczenleyici"},"content":{"rendered":"<p class=\"ds-markdown-paragraph translation-block\">Kompakt ve verimli 3 Katl\u0131 Masa D\u00fczenleyici ile alan\u0131n\u0131z\u0131 en \u00fcst d\u00fczeye \u00e7\u0131kar\u0131n ve da\u011f\u0131n\u0131kl\u0131\u011f\u0131 en aza indirin. Bu \u00e7ok y\u00f6nl\u00fc saklama \u00e7\u00f6z\u00fcm\u00fc, \u00e7\u0131kar\u0131labilir \u00fc\u00e7 e\u011fimli b\u00f6lme ve altta \u00e7ekilebilir bir \u00e7ekmeceye sahiptir; kalemlerden, klipslerden ve yap\u0131\u015fkan notlardan tak\u0131lara, kozmetik \u00fcr\u00fcnlerine ve k\u00fc\u00e7\u00fck teknoloji aksesuarlar\u0131na kadar her \u015fey i\u00e7in \u00f6zel alanlar olu\u015fturur.<\/p>\n<p class=\"ds-markdown-paragraph\">Its smart,\u00a0<strong>portable design (4.92&#8243; x 8.7&#8243; x 2.99&#8243;)<\/strong>\u00a0makes it an ideal fit for any desktop, vanity, or shelf without taking up valuable workspace. The clean, minimalist style blends seamlessly into any environment, from a home office to a bedroom dresser.<\/p>\n<p class=\"ds-markdown-paragraph translation-block\">G\u00fcnl\u00fck ihtiya\u00e7lar\u0131n\u0131z\u0131 d\u00fczenlemek i\u00e7in m\u00fckemmel olan bu \u00e7ok ama\u00e7l\u0131 kutu, d\u00fczeni koruman\u0131za ve verimlili\u011finizi art\u0131rman\u0131za yard\u0131mc\u0131 olur. K\u00fc\u00e7\u00fck e\u015fyalar\u0131n\u0131z\u0131 d\u00fczenli bir \u015fekilde saklamak ve an\u0131nda eri\u015filebilir k\u0131lmak i\u00e7in pratik ve \u015f\u0131k bir \u00e7\u00f6z\u00fcm.<\/p>","protected":false},"excerpt":{"rendered":"<p>Maximize your space and minimize clutter with the compact and efficient 3-Tier Desk Organizer. This versatile storage solution features\u00a0three removable, slanted compartments\u00a0and a\u00a0bottom pull-out drawer, creating dedicated spaces for everything from pens, clips, and sticky notes to jewelry, cosmetics, and small tech accessories. Its smart,\u00a0portable design (4.92&#8243; x 8.7&#8243; x 2.99&#8243;)\u00a0makes it an ideal fit [&hellip;]<\/p>","protected":false},"featured_media":33046,"comment_status":"open","ping_status":"closed","template":"","meta":{"_monsterinsights_skip_tracking":false,"_monsterinsights_sitenote_active":false,"_monsterinsights_sitenote_note":"","_monsterinsights_sitenote_category":0},"product_brand":[],"product_cat":[15,133],"product_tag":[],"class_list":{"0":"post-32982","1":"product","2":"type-product","3":"status-publish","4":"has-post-thumbnail","6":"product_cat-uncategorized","7":"product_cat-storage-solution","9":"first","10":"instock","11":"shipping-taxable","12":"purchasable","13":"product-type-simple"},"aioseo_notices":[],"_links":{"self":[{"href":"https:\/\/xn--kbrsglobalstore-7kcc.com\/tr\/wp-json\/wp\/v2\/product\/32982","targetHints":{"allow":["GET"]}}],"collection":[{"href":"https:\/\/xn--kbrsglobalstore-7kcc.com\/tr\/wp-json\/wp\/v2\/product"}],"about":[{"href":"https:\/\/xn--kbrsglobalstore-7kcc.com\/tr\/wp-json\/wp\/v2\/types\/product"}],"replies":[{"embeddable":true,"href":"https:\/\/xn--kbrsglobalstore-7kcc.com\/tr\/wp-json\/wp\/v2\/comments?post=32982"}],"wp:featuredmedia":[{"embeddable":true,"href":"https:\/\/xn--kbrsglobalstore-7kcc.com\/tr\/wp-json\/wp\/v2\/media\/33046"}],"wp:attachment":[{"href":"https:\/\/xn--kbrsglobalstore-7kcc.com\/tr\/wp-json\/wp\/v2\/media?parent=32982"}],"wp:term":[{"taxonomy":"product_brand","embeddable":true,"href":"https:\/\/xn--kbrsglobalstore-7kcc.com\/tr\/wp-json\/wp\/v2\/product_brand?post=32982"},{"taxonomy":"product_cat","embeddable":true,"href":"https:\/\/xn--kbrsglobalstore-7kcc.com\/tr\/wp-json\/wp\/v2\/product_cat?post=32982"},{"taxonomy":"product_tag","embeddable":true,"href":"https:\/\/xn--kbrsglobalstore-7kcc.com\/tr\/wp-json\/wp\/v2\/product_tag?post=32982"}],"curies":[{"name":"wp","href":"https:\/\/api.w.org\/{rel}","templated":true}]}}