{"id":32981,"date":"2025-12-13T00:20:45","date_gmt":"2025-12-13T00:20:45","guid":{"rendered":"https:\/\/xn--kbrsglobalstore-7kcc.com\/?post_type=product&#038;p=32981"},"modified":"2025-12-16T21:13:49","modified_gmt":"2025-12-16T21:13:49","slug":"1-pc-book-storage-box-transparent-foldable-book-case-bag-for-home-classroom-dust-proof-book-organizer-old-books-and-toys-storage","status":"publish","type":"product","link":"https:\/\/xn--kbrsglobalstore-7kcc.com\/tr\/urun\/1-pc-book-storage-box-transparent-foldable-book-case-bag-for-home-classroom-dust-proof-book-organizer-old-books-and-toys-storage\/","title":{"rendered":"Kitap Saklama Kutusu, \u015eeffaf Katlanabilir Kitap \u00c7antas\u0131, Ev ve S\u0131n\u0131f \u0130\u00e7in Toz Ge\u00e7irmez Kitap D\u00fczenleyici, Eski Kitaplar ve Oyuncaklar \u0130\u00e7in Saklama Kutusu"},"content":{"rendered":"<div class=\"ds-message _63c77b1\">\n<div class=\"ds-markdown\">\n<p class=\"ds-markdown-paragraph translation-block\">De\u011ferli kitaplar\u0131n\u0131z\u0131, dergilerinizi ve k\u00fc\u00e7\u00fck oyuncaklar\u0131n\u0131z\u0131 \u015feffaf katlanabilir kitap saklama kutusuyla d\u00fczenli ve korunakl\u0131 bir \u015fekilde saklay\u0131n. Bu yenilik\u00e7i saklama \u00e7\u00f6z\u00fcm\u00fc, i\u00e7eri\u011fi kolayca g\u00f6rmenizi sa\u011flayan ve \u00fcst\u00fcn toz ge\u00e7irmez koruma sa\u011flayan kristal berrakl\u0131\u011f\u0131nda, dayan\u0131kl\u0131 PVC tasar\u0131ma sahiptir.<\/p>\n<p class=\"ds-markdown-paragraph translation-block\">Katlanabilir yap\u0131s\u0131 sayesinde kullan\u0131lmad\u0131\u011f\u0131 zamanlarda yerden tasarruf sa\u011flayarak saklanabilir ve alet gerektirmeden saniyeler i\u00e7inde monte edilebilir. Sa\u011flam ancak hafif olan bu k\u0131l\u0131f, evinizde, s\u0131n\u0131f\u0131n\u0131zda, ofisinizde veya \u00f6\u011frenci yurdunuzda eski kitaplar\u0131n\u0131z\u0131, ders kitaplar\u0131n\u0131z\u0131, koleksiyon e\u015fyalar\u0131n\u0131z\u0131 veya oyuncaklar\u0131n\u0131z\u0131 d\u00fczenlemek i\u00e7in m\u00fckemmeldir.<\/p>\n<p class=\"ds-markdown-paragraph translation-block\">Ta\u015f\u0131nabilir ve istiflenebilir olan bu kitapl\u0131k \u00e7antas\u0131, d\u00fczeni koruman\u0131za ve e\u015fyalar\u0131n\u0131z\u0131 da\u011f\u0131n\u0131kl\u0131ktan ve hasardan koruman\u0131za yard\u0131mc\u0131 olur. Okuyucular, \u00f6\u011frenciler, \u00f6\u011fretmenler ve d\u00fczenli, eri\u015filebilir bir koleksiyona de\u011fer veren herkes i\u00e7in olmazsa olmaz bir kitap d\u00fczenleyici.<\/p>\n<\/div>\n<\/div>\n<div class=\"ds-theme\"><\/div>\n<div class=\"ds-flex _0a3d93b\">\n<div class=\"ds-flex _965abe9 _54866f7\">\n<div class=\"db183363 ds-icon-button ds-icon-button--m ds-icon-button--sizing-container\" tabindex=\"0\" role=\"button\" aria-disabled=\"false\">\n<div class=\"ds-icon-button__hover-bg\"><\/div>\n<div class=\"ds-icon\"><\/div>\n<div class=\"ds-focus-ring\"><\/div>\n<\/div>\n<div class=\"db183363 ds-icon-button ds-icon-button--m ds-icon-button--sizing-container\" tabindex=\"0\" role=\"button\" aria-disabled=\"false\">\n<div class=\"ds-icon-button__hover-bg\"><\/div>\n<div class=\"ds-icon\"><\/div>\n<div class=\"ds-focus-ring\"><\/div>\n<\/div>\n<div class=\"db183363 ds-icon-button ds-icon-button--m ds-icon-button--sizing-container\" tabindex=\"0\" role=\"button\" aria-disabled=\"false\">\n<div class=\"ds-icon-button__hover-bg\"><\/div>\n<div class=\"ds-icon\"><\/div>\n<div class=\"ds-focus-ring\"><\/div>\n<\/div>\n<div class=\"db183363 ds-icon-button ds-icon-button--m ds-icon-button--sizing-container\" tabindex=\"0\" role=\"button\" aria-disabled=\"false\">\n<div class=\"ds-icon-button__hover-bg\"><\/div>\n<div class=\"ds-icon\"><\/div>\n<div class=\"ds-focus-ring\"><\/div>\n<\/div>\n<div class=\"db183363 ds-icon-button ds-icon-button--m ds-icon-button--sizing-container\" tabindex=\"0\" role=\"button\" aria-disabled=\"false\">\n<div class=\"ds-icon-button__hover-bg\"><\/div>\n<div class=\"ds-icon\"><\/div>\n<\/div>\n<\/div>\n<\/div>","protected":false},"excerpt":{"rendered":"<p>Keep your cherished books, magazines, and small toys neatly organized and protected with the Transparent Foldable Book Storage Box. This innovative storage solution features a\u00a0crystal-clear, durable PVC design\u00a0that lets you easily see the contents while providing\u00a0superior dust-proof protection. Its\u00a0collapsible, foldable structure\u00a0allows for space-saving storage when not in use, and it assembles in seconds without tools. [&hellip;]<\/p>","protected":false},"featured_media":33035,"comment_status":"open","ping_status":"closed","template":"","meta":{"_monsterinsights_skip_tracking":false,"_monsterinsights_sitenote_active":false,"_monsterinsights_sitenote_note":"","_monsterinsights_sitenote_category":0},"product_brand":[],"product_cat":[15,133],"product_tag":[],"class_list":{"0":"post-32981","1":"product","2":"type-product","3":"status-publish","4":"has-post-thumbnail","6":"product_cat-uncategorized","7":"product_cat-storage-solution","9":"first","10":"instock","11":"shipping-taxable","12":"purchasable","13":"product-type-simple"},"aioseo_notices":[],"_links":{"self":[{"href":"https:\/\/xn--kbrsglobalstore-7kcc.com\/tr\/wp-json\/wp\/v2\/product\/32981","targetHints":{"allow":["GET"]}}],"collection":[{"href":"https:\/\/xn--kbrsglobalstore-7kcc.com\/tr\/wp-json\/wp\/v2\/product"}],"about":[{"href":"https:\/\/xn--kbrsglobalstore-7kcc.com\/tr\/wp-json\/wp\/v2\/types\/product"}],"replies":[{"embeddable":true,"href":"https:\/\/xn--kbrsglobalstore-7kcc.com\/tr\/wp-json\/wp\/v2\/comments?post=32981"}],"wp:featuredmedia":[{"embeddable":true,"href":"https:\/\/xn--kbrsglobalstore-7kcc.com\/tr\/wp-json\/wp\/v2\/media\/33035"}],"wp:attachment":[{"href":"https:\/\/xn--kbrsglobalstore-7kcc.com\/tr\/wp-json\/wp\/v2\/media?parent=32981"}],"wp:term":[{"taxonomy":"product_brand","embeddable":true,"href":"https:\/\/xn--kbrsglobalstore-7kcc.com\/tr\/wp-json\/wp\/v2\/product_brand?post=32981"},{"taxonomy":"product_cat","embeddable":true,"href":"https:\/\/xn--kbrsglobalstore-7kcc.com\/tr\/wp-json\/wp\/v2\/product_cat?post=32981"},{"taxonomy":"product_tag","embeddable":true,"href":"https:\/\/xn--kbrsglobalstore-7kcc.com\/tr\/wp-json\/wp\/v2\/product_tag?post=32981"}],"curies":[{"name":"wp","href":"https:\/\/api.w.org\/{rel}","templated":true}]}}