{"id":32980,"date":"2025-12-12T22:51:06","date_gmt":"2025-12-12T22:51:06","guid":{"rendered":"https:\/\/xn--kbrsglobalstore-7kcc.com\/?post_type=product&#038;p=32980"},"modified":"2025-12-16T21:16:06","modified_gmt":"2025-12-16T21:16:06","slug":"space-saving-bra-storage-box-multi-functional-wardrobe-drawer-divider-suitable-for-underwear-socks-lingerie-accessories-foldable-storage-box-good-solution-for-organizing-underwear-drawer-st","status":"publish","type":"product","link":"https:\/\/xn--kbrsglobalstore-7kcc.com\/tr\/urun\/space-saving-bra-storage-box-multi-functional-wardrobe-drawer-divider-suitable-for-underwear-socks-lingerie-accessories-foldable-storage-box-good-solution-for-organizing-underwear-drawer-st\/","title":{"rendered":"Yer Tasarrufu Sa\u011flayan S\u00fctyen Saklama Kutusu \u2013 \u00c7ok Fonksiyonlu Gard\u0131rop \u00c7ekmecesi B\u00f6l\u00fcc\u00fc"},"content":{"rendered":"<div class=\"ds-message _63c77b1\">\n<div class=\"ds-markdown\">\n<p class=\"ds-markdown-paragraph translation-block\">Da\u011f\u0131n\u0131k \u00e7ekmecelerinizi, yerden tasarruf sa\u011flayan s\u00fctyen saklama kutusuyla d\u00fczenin \u00f6rneklerine d\u00f6n\u00fc\u015ft\u00fcr\u00fcn. Bu yenilik\u00e7i, \u00e7ok fonksiyonlu \u00e7ekmece b\u00f6l\u00fcc\u00fc, s\u00fctyenleri dik olarak korumak ve saklamak i\u00e7in \u00f6zel olarak \u015fekillendirilmi\u015f yumu\u015fak, yap\u0131land\u0131r\u0131lm\u0131\u015f b\u00f6lmelere sahiptir ve b\u00f6ylece \u015fekillerini kaybetmelerini \u00f6nlerken, ek b\u00f6l\u00fcmler de k\u00fclotlar\u0131, \u00e7oraplar\u0131, i\u00e7 \u00e7ama\u015f\u0131rlar\u0131n\u0131 ve k\u00fc\u00e7\u00fck aksesuarlar\u0131 d\u00fczenli bir \u015fekilde saklaman\u0131z\u0131 sa\u011flar.<\/p>\n<p class=\"ds-markdown-paragraph translation-block\">Katlanabilir tasar\u0131m\u0131 sayesinde kullan\u0131lmad\u0131\u011f\u0131 zamanlarda inan\u0131lmaz derecede yer tasarrufu sa\u011flar ve herhangi bir \u00e7ekmecede kolayca ayarlanabilir. Dayan\u0131kl\u0131 ve kolay temizlenebilir kuma\u015ftan \u00fcretilen bu d\u00fczenleyici, \u00e7ekmecelerinizde alan\u0131 en \u00fcst d\u00fczeye \u00e7\u0131karan ve i\u00e7 \u00e7ama\u015f\u0131rlar\u0131n\u0131z\u0131 m\u00fckemmel bir \u015fekilde d\u00fczenli ve eri\u015filebilir tutan ak\u0131ll\u0131 bir \u00e7\u00f6z\u00fcmd\u00fcr.<\/p>\n<p class=\"ds-markdown-paragraph translation-block\">\u0130\u00e7 \u00e7ama\u015f\u0131rlar\u0131n\u0131n \u00f6tesinde, \u00e7ok y\u00f6nl\u00fc b\u00f6lmeleri tak\u0131, makyaj f\u0131r\u00e7as\u0131 veya parf\u00fcm d\u00fczenleyici olarak da kullan\u0131labilir. G\u00fcnl\u00fck d\u00fczeni ve \u00f6zeni te\u015fvik eden, kad\u0131nlar i\u00e7in son derece pratik bir hediye olan bu \u00fcr\u00fcn, Noel, do\u011fum g\u00fcnleri veya herhangi bir \u00f6zel g\u00fcn i\u00e7in m\u00fckemmel bir se\u00e7imdir.<\/p>\n<\/div>\n<\/div>\n<div class=\"ds-theme\"><\/div>\n<div class=\"ds-flex _0a3d93b\">\n<div class=\"ds-flex _965abe9 _54866f7\">\n<div class=\"db183363 ds-icon-button ds-icon-button--m ds-icon-button--sizing-container\" tabindex=\"0\" role=\"button\" aria-disabled=\"false\">\n<div class=\"ds-icon-button__hover-bg\"><\/div>\n<div class=\"ds-icon\"><\/div>\n<div class=\"ds-focus-ring\"><\/div>\n<\/div>\n<div class=\"db183363 ds-icon-button ds-icon-button--m ds-icon-button--sizing-container\" tabindex=\"0\" role=\"button\" aria-disabled=\"false\">\n<div class=\"ds-icon-button__hover-bg\"><\/div>\n<div class=\"ds-icon\"><\/div>\n<div class=\"ds-focus-ring\"><\/div>\n<\/div>\n<div class=\"db183363 ds-icon-button ds-icon-button--m ds-icon-button--sizing-container\" tabindex=\"0\" role=\"button\" aria-disabled=\"false\">\n<div class=\"ds-icon-button__hover-bg\"><\/div>\n<div class=\"ds-icon\"><\/div>\n<div class=\"ds-focus-ring\"><\/div>\n<\/div>\n<div class=\"db183363 ds-icon-button ds-icon-button--m ds-icon-button--sizing-container\" tabindex=\"0\" role=\"button\" aria-disabled=\"false\">\n<div class=\"ds-icon-button__hover-bg\"><\/div>\n<div class=\"ds-icon\"><\/div>\n<div class=\"ds-focus-ring\"><\/div>\n<\/div>\n<div class=\"db183363 ds-icon-button ds-icon-button--m ds-icon-button--sizing-container\" tabindex=\"0\" role=\"button\" aria-disabled=\"false\">\n<div class=\"ds-icon-button__hover-bg\"><\/div>\n<div class=\"ds-icon\"><\/div>\n<\/div>\n<\/div>\n<\/div>","protected":false},"excerpt":{"rendered":"<p>Transform your cluttered drawers into models of organization with the Space-Saving Bra Storage Box. This innovative,\u00a0multi-functional drawer divider\u00a0features soft, structured compartments specifically shaped to\u00a0protect and store bras upright, preventing them from losing their shape, while additional sections neatly organize\u00a0panties, socks, lingerie, and small accessories. Its\u00a0collapsible, foldable design\u00a0makes it incredibly space-efficient when not in use and [&hellip;]<\/p>","protected":false},"featured_media":33029,"comment_status":"open","ping_status":"closed","template":"","meta":{"_monsterinsights_skip_tracking":false,"_monsterinsights_sitenote_active":false,"_monsterinsights_sitenote_note":"","_monsterinsights_sitenote_category":0},"product_brand":[],"product_cat":[15,133],"product_tag":[],"class_list":{"0":"post-32980","1":"product","2":"type-product","3":"status-publish","4":"has-post-thumbnail","6":"product_cat-uncategorized","7":"product_cat-storage-solution","9":"first","10":"instock","11":"shipping-taxable","12":"purchasable","13":"product-type-simple"},"aioseo_notices":[],"_links":{"self":[{"href":"https:\/\/xn--kbrsglobalstore-7kcc.com\/tr\/wp-json\/wp\/v2\/product\/32980","targetHints":{"allow":["GET"]}}],"collection":[{"href":"https:\/\/xn--kbrsglobalstore-7kcc.com\/tr\/wp-json\/wp\/v2\/product"}],"about":[{"href":"https:\/\/xn--kbrsglobalstore-7kcc.com\/tr\/wp-json\/wp\/v2\/types\/product"}],"replies":[{"embeddable":true,"href":"https:\/\/xn--kbrsglobalstore-7kcc.com\/tr\/wp-json\/wp\/v2\/comments?post=32980"}],"wp:featuredmedia":[{"embeddable":true,"href":"https:\/\/xn--kbrsglobalstore-7kcc.com\/tr\/wp-json\/wp\/v2\/media\/33029"}],"wp:attachment":[{"href":"https:\/\/xn--kbrsglobalstore-7kcc.com\/tr\/wp-json\/wp\/v2\/media?parent=32980"}],"wp:term":[{"taxonomy":"product_brand","embeddable":true,"href":"https:\/\/xn--kbrsglobalstore-7kcc.com\/tr\/wp-json\/wp\/v2\/product_brand?post=32980"},{"taxonomy":"product_cat","embeddable":true,"href":"https:\/\/xn--kbrsglobalstore-7kcc.com\/tr\/wp-json\/wp\/v2\/product_cat?post=32980"},{"taxonomy":"product_tag","embeddable":true,"href":"https:\/\/xn--kbrsglobalstore-7kcc.com\/tr\/wp-json\/wp\/v2\/product_tag?post=32980"}],"curies":[{"name":"wp","href":"https:\/\/api.w.org\/{rel}","templated":true}]}}