{"id":32979,"date":"2025-12-13T00:11:54","date_gmt":"2025-12-13T00:11:54","guid":{"rendered":"https:\/\/xn--kbrsglobalstore-7kcc.com\/?post_type=product&#038;p=32979"},"modified":"2025-12-16T21:14:15","modified_gmt":"2025-12-16T21:14:15","slug":"360-rotating-brush-holder-plastic-insert-rack-with-glazed-coating-suitable-for-art-brushes-pens-makeup-tools-space-saving-white-desktop-accessory-bag-bags-makeup-bag-vanity-travel-ma","status":"publish","type":"product","link":"https:\/\/xn--kbrsglobalstore-7kcc.com\/tr\/urun\/360-rotating-brush-holder-plastic-insert-rack-with-glazed-coating-suitable-for-art-brushes-pens-makeup-tools-space-saving-white-desktop-accessory-bag-bags-makeup-bag-vanity-travel-ma\/","title":{"rendered":"360\u00b0 D\u00f6nebilen F\u0131r\u00e7a Tutucu \u2013 Cilal\u0131 Kaplamal\u0131 Plastik \u0130\u00e7 Raf"},"content":{"rendered":"<p class=\"ds-markdown-paragraph translation-block\">Masa\u00fcst\u00fcn\u00fcz\u00fc veya makyaj masan\u0131z\u0131, dahiyane 360\u00b0 D\u00f6nen F\u0131r\u00e7a Tutucu ile d\u00fczenleyin ve \u015f\u0131kla\u015ft\u0131r\u0131n. Bu \u015f\u0131k, yerden tasarruf sa\u011flayan beyaz d\u00fczenleyici, kolay temizlik ve modern bir g\u00f6r\u00fcn\u00fcm i\u00e7in p\u00fcr\u00fczs\u00fcz bir cila kaplamas\u0131yla tamamlanm\u0131\u015f, a\u00e7\u0131l\u0131 yuvalardan olu\u015fan \u00e7ok katmanl\u0131 bir merkezi kuleye sahiptir. Benzersiz tasar\u0131m\u0131, tam 360\u00b0 d\u00f6n\u00fc\u015fe olanak tan\u0131yarak, di\u011fer e\u015fyalar\u0131 kar\u0131\u015ft\u0131rmadan veya hareket ettirmeden her f\u0131r\u00e7aya, kaleme veya alete an\u0131nda, parmak ucuyla eri\u015fmenizi sa\u011flar.<\/p>\n<p class=\"ds-markdown-paragraph translation-block\"><strong>Resim f\u0131r\u00e7alar\u0131, makyaj malzemeleri, kalemler, hatta parf\u00fcmler ve tak\u0131lar<\/strong> gibi e\u015fyalar\u0131 d\u00fczenlemek i\u00e7in m\u00fckemmel olan bu \u00fcr\u00fcn, en \u00e7ok kulland\u0131\u011f\u0131n\u0131z e\u015fyalar\u0131 dik, g\u00f6r\u00fcn\u00fcr ve elinizin alt\u0131nda tutar. Kompakt ancak son derece i\u015flevsel olan bu \u00fcr\u00fcn, ev ofisiniz i\u00e7in ideal bir <strong>masa\u00fcst\u00fc aksesuar\u0131<\/strong>, g\u00fczellik rutininiz i\u00e7in bir <strong>makyaj masas\u0131 d\u00fczenleyici<\/strong> veya \u00e7antan\u0131z\u0131 d\u00fczenli tutmak i\u00e7in bir <strong>seyahat malzemesi<\/strong>dir.<\/p>\n<p class=\"ds-markdown-paragraph translation-block\">Sadece bir tutucu olmaktan \u00f6te, ak\u0131ll\u0131 tasar\u0131m\u0131 estetik \u00e7ekicilikle birle\u015ftiren \u00e7ok y\u00f6nl\u00fc bir saklama \u00e7\u00f6z\u00fcm\u00fcd\u00fcr. G\u00fczel bir \u015fekilde sunulan bu \u00fcr\u00fcn, Noel, do\u011fum g\u00fcnleri veya herhangi bir \u00f6zel g\u00fcn i\u00e7in kad\u0131nlar i\u00e7in harika ve pratik bir hediye se\u00e7ene\u011fidir.<\/p>","protected":false},"excerpt":{"rendered":"<p>Declutter and elevate your desktop or vanity with the ingenious 360\u00b0 Rotating Brush Holder. This sleek,\u00a0space-saving white organizer\u00a0features a central tower with multiple tiers of angled slots, all finished with a smooth\u00a0glazed coating\u00a0for easy cleaning and a modern look. Its unique design allows for a\u00a0full 360\u00b0 rotation, giving you instant, fingertip access to every brush, [&hellip;]<\/p>","protected":false},"featured_media":33021,"comment_status":"open","ping_status":"closed","template":"","meta":{"_monsterinsights_skip_tracking":false,"_monsterinsights_sitenote_active":false,"_monsterinsights_sitenote_note":"","_monsterinsights_sitenote_category":0},"product_brand":[],"product_cat":[15,133],"product_tag":[],"class_list":{"0":"post-32979","1":"product","2":"type-product","3":"status-publish","4":"has-post-thumbnail","6":"product_cat-uncategorized","7":"product_cat-storage-solution","9":"first","10":"instock","11":"shipping-taxable","12":"purchasable","13":"product-type-simple"},"aioseo_notices":[],"_links":{"self":[{"href":"https:\/\/xn--kbrsglobalstore-7kcc.com\/tr\/wp-json\/wp\/v2\/product\/32979","targetHints":{"allow":["GET"]}}],"collection":[{"href":"https:\/\/xn--kbrsglobalstore-7kcc.com\/tr\/wp-json\/wp\/v2\/product"}],"about":[{"href":"https:\/\/xn--kbrsglobalstore-7kcc.com\/tr\/wp-json\/wp\/v2\/types\/product"}],"replies":[{"embeddable":true,"href":"https:\/\/xn--kbrsglobalstore-7kcc.com\/tr\/wp-json\/wp\/v2\/comments?post=32979"}],"wp:featuredmedia":[{"embeddable":true,"href":"https:\/\/xn--kbrsglobalstore-7kcc.com\/tr\/wp-json\/wp\/v2\/media\/33021"}],"wp:attachment":[{"href":"https:\/\/xn--kbrsglobalstore-7kcc.com\/tr\/wp-json\/wp\/v2\/media?parent=32979"}],"wp:term":[{"taxonomy":"product_brand","embeddable":true,"href":"https:\/\/xn--kbrsglobalstore-7kcc.com\/tr\/wp-json\/wp\/v2\/product_brand?post=32979"},{"taxonomy":"product_cat","embeddable":true,"href":"https:\/\/xn--kbrsglobalstore-7kcc.com\/tr\/wp-json\/wp\/v2\/product_cat?post=32979"},{"taxonomy":"product_tag","embeddable":true,"href":"https:\/\/xn--kbrsglobalstore-7kcc.com\/tr\/wp-json\/wp\/v2\/product_tag?post=32979"}],"curies":[{"name":"wp","href":"https:\/\/api.w.org\/{rel}","templated":true}]}}