{"id":32978,"date":"2025-12-12T23:32:27","date_gmt":"2025-12-12T23:32:27","guid":{"rendered":"https:\/\/xn--kbrsglobalstore-7kcc.com\/?post_type=product&#038;p=32978"},"modified":"2025-12-16T21:15:42","modified_gmt":"2025-12-16T21:15:42","slug":"desktop-drawer-storage-box-cosmetic-skincare-lipstick-perfume-organizer-stationery-drawer-storage-box-multi-functional-stackable-makeup-storage-box-bagroom-decor-bagsmakeup-bagvanitytravelmake","status":"publish","type":"product","link":"https:\/\/xn--kbrsglobalstore-7kcc.com\/tr\/urun\/desktop-drawer-storage-box-cosmetic-skincare-lipstick-perfume-organizer-stationery-drawer-storage-box-multi-functional-stackable-makeup-storage-box-bagroom-decor-bagsmakeup-bagvanitytravelmake\/","title":{"rendered":"Masa\u00fcst\u00fc \u00c7ekmeceli Saklama Kutusu, Kozmetik, Cilt Bak\u0131m\u0131, Ruj, Parf\u00fcm D\u00fczenleyici"},"content":{"rendered":"<p class=\"ds-markdown-paragraph translation-block\">\u00c7ok y\u00f6nl\u00fc Masa\u00fcst\u00fc \u00c7ekmeceli Saklama Kutusu ile alan\u0131n\u0131z\u0131 \u015f\u0131k ve d\u00fczenli bir \u015fekilde d\u00fczenleyin. Bu \u015f\u0131k, istiflenebilir d\u00fczenleyici, kozmetik \u00fcr\u00fcnlerinizi, cilt bak\u0131m \u00fcr\u00fcnlerinizi, rujlar\u0131n\u0131z\u0131, parf\u00fcmlerinizi, k\u0131rtasiye malzemelerinizi ve tak\u0131lar\u0131n\u0131z\u0131 saklamak ve an\u0131nda eri\u015fmek i\u00e7in m\u00fckemmel olan, farkl\u0131 y\u00fcksekliklerde \u00e7ok say\u0131da sorunsuz kayan \u015feffaf \u00e7ekmeceye sahiptir.<\/p>\n<p class=\"ds-markdown-paragraph translation-block\">\u00c7ok fonksiyonlu bir depolama kulesi olarak tasarlanan bu \u00fcr\u00fcn, temel e\u015fyalar\u0131n\u0131z\u0131 tek bir kompakt alanda bir araya getirerek makyaj masas\u0131 veya \u00e7al\u0131\u015fma masas\u0131 karma\u015fas\u0131n\u0131 ortadan kald\u0131r\u0131r. Mod\u00fcler ve istiflenebilir tasar\u0131m\u0131, depolama d\u00fczeninizi \u00f6zelle\u015ftirmenize olanak tan\u0131rken, sade ve modern esteti\u011fi onu pratik bir oda dekoru par\u00e7as\u0131 haline getirir.<\/p>\n<p class=\"ds-markdown-paragraph translation-block\">Makyaj masan\u0131z, ev ofisiniz, banyonuz veya seyahat setiniz i\u00e7in ideal olan bu kutu, her \u015feyi g\u00f6r\u00fcn\u00fcr, korunakl\u0131 ve elinizin alt\u0131nda tutar. \u0130\u015flevselli\u011fi d\u00fczenli zarafetle g\u00fczel bir \u015fekilde birle\u015ftiren bu kutu, en \u00fcst d\u00fczey hepsi bir arada d\u00fczenleyici olup, Noel, do\u011fum g\u00fcnleri veya herhangi bir \u00f6zel g\u00fcn i\u00e7in kad\u0131nlar i\u00e7in d\u00fc\u015f\u00fcnceli ve pratik bir hediye se\u00e7ene\u011fidir.<\/p>","protected":false},"excerpt":{"rendered":"<p>Declutter your space with style and order using the versatile Desktop Drawer Storage Box. This sleek, stackable organizer features multiple smooth-gliding\u00a0transparent drawers\u00a0of varying heights, perfect for storing and instantly accessing your\u00a0cosmetics, skincare, lipsticks, perfumes, stationery, and jewelry. Designed as a\u00a0multi-functional storage tower, it consolidates your essentials in one compact footprint, eliminating vanity or desk chaos. [&hellip;]<\/p>","protected":false},"featured_media":33012,"comment_status":"open","ping_status":"closed","template":"","meta":{"_monsterinsights_skip_tracking":false,"_monsterinsights_sitenote_active":false,"_monsterinsights_sitenote_note":"","_monsterinsights_sitenote_category":0},"product_brand":[],"product_cat":[15,133],"product_tag":[],"class_list":{"0":"post-32978","1":"product","2":"type-product","3":"status-publish","4":"has-post-thumbnail","6":"product_cat-uncategorized","7":"product_cat-storage-solution","9":"first","10":"instock","11":"shipping-taxable","12":"purchasable","13":"product-type-simple"},"aioseo_notices":[],"_links":{"self":[{"href":"https:\/\/xn--kbrsglobalstore-7kcc.com\/tr\/wp-json\/wp\/v2\/product\/32978","targetHints":{"allow":["GET"]}}],"collection":[{"href":"https:\/\/xn--kbrsglobalstore-7kcc.com\/tr\/wp-json\/wp\/v2\/product"}],"about":[{"href":"https:\/\/xn--kbrsglobalstore-7kcc.com\/tr\/wp-json\/wp\/v2\/types\/product"}],"replies":[{"embeddable":true,"href":"https:\/\/xn--kbrsglobalstore-7kcc.com\/tr\/wp-json\/wp\/v2\/comments?post=32978"}],"wp:featuredmedia":[{"embeddable":true,"href":"https:\/\/xn--kbrsglobalstore-7kcc.com\/tr\/wp-json\/wp\/v2\/media\/33012"}],"wp:attachment":[{"href":"https:\/\/xn--kbrsglobalstore-7kcc.com\/tr\/wp-json\/wp\/v2\/media?parent=32978"}],"wp:term":[{"taxonomy":"product_brand","embeddable":true,"href":"https:\/\/xn--kbrsglobalstore-7kcc.com\/tr\/wp-json\/wp\/v2\/product_brand?post=32978"},{"taxonomy":"product_cat","embeddable":true,"href":"https:\/\/xn--kbrsglobalstore-7kcc.com\/tr\/wp-json\/wp\/v2\/product_cat?post=32978"},{"taxonomy":"product_tag","embeddable":true,"href":"https:\/\/xn--kbrsglobalstore-7kcc.com\/tr\/wp-json\/wp\/v2\/product_tag?post=32978"}],"curies":[{"name":"wp","href":"https:\/\/api.w.org\/{rel}","templated":true}]}}