{"id":32976,"date":"2025-12-12T22:38:53","date_gmt":"2025-12-12T22:38:53","guid":{"rendered":"https:\/\/xn--kbrsglobalstore-7kcc.com\/?post_type=product&#038;p=32976"},"modified":"2025-12-15T11:06:47","modified_gmt":"2025-12-15T11:06:47","slug":"1-2pcs-foldable-mesh-laundry-hamper-basket-dirty-clothes-storage-bin-home-decor-organizer-for-toysfor-back-to-school","status":"publish","type":"product","link":"https:\/\/xn--kbrsglobalstore-7kcc.com\/tr\/urun\/1-2pcs-foldable-mesh-laundry-hamper-basket-dirty-clothes-storage-bin-home-decor-organizer-for-toysfor-back-to-school\/","title":{"rendered":"1\/2 adet Katlanabilir File \u00c7ama\u015f\u0131r Sepeti, Kirli \u00c7ama\u015f\u0131r Saklama Kutusu, Ev Dekorasyonu Oyuncak D\u00fczenleyici, Okula D\u00f6n\u00fc\u015f \u0130\u00e7in"},"content":{"rendered":"<p class=\"ds-markdown-paragraph translation-block\">Katlanabilir File \u00c7ama\u015f\u0131r Sepeti ile hem \u015f\u0131kl\u0131k hem de ak\u0131ll\u0131 tasar\u0131mla da\u011f\u0131n\u0131kl\u0131\u011f\u0131 kontrol alt\u0131na al\u0131n. Bu \u00e7ok y\u00f6nl\u00fc saklama \u00e7\u00f6z\u00fcm\u00fc, havan\u0131n dola\u015fmas\u0131na olanak tan\u0131yan nefes alabilen, dayan\u0131kl\u0131 file yap\u0131s\u0131 sayesinde kirli \u00e7ama\u015f\u0131rlar\u0131, oyuncaklar\u0131 veya okul malzemelerini saklamak i\u00e7in idealdir ve koku ve k\u00fcf olu\u015fumunu \u00f6nler.<\/p>\n<p class=\"ds-markdown-paragraph translation-block\">Ak\u0131ll\u0131ca tasarlanm\u0131\u015f katlanabilir \u00e7er\u00e7evesi sayesinde saniyeler i\u00e7inde kurulabilir ve kullan\u0131lmad\u0131\u011f\u0131 zamanlarda kolayca saklanabilmesi i\u00e7in d\u00fczle\u015ftirilebilir; b\u00f6ylece yurt odalar\u0131nda, dolaplarda veya banyolarda de\u011ferli yerden tasarruf sa\u011flan\u0131r. Sa\u011flam sap\u0131 sayesinde odadan odaya ta\u015f\u0131mak da kolayd\u0131r.<\/p>\n<p class=\"ds-markdown-paragraph translation-block\">\u00c7ama\u015f\u0131r ay\u0131r\u0131c\u0131, oyuncak kutusu veya genel ev d\u00fczenleyici olarak m\u00fckemmel olan bu sepet, stilden \u00f6d\u00fcn vermeden i\u015flevsellik kat\u0131yor. Herhangi bir odada d\u00fczenli ve derli toplu bir alan sa\u011flamak i\u00e7in olmazsa olmaz bir ev dekorasyon d\u00fczenleyicisidir.<\/p>","protected":false},"excerpt":{"rendered":"<p>Tame clutter with both style and smart design using the Foldable Mesh Laundry Hamper Basket. This versatile storage solution features a\u00a0breathable, durable mesh construction\u00a0that allows air to circulate, making it ideal for storing\u00a0dirty clothes, toys, or back-to-school supplies\u00a0while preventing odors and mildew. Its ingenious\u00a0collapsible, foldable frame\u00a0allows it to be set up in seconds and flattened [&hellip;]<\/p>","protected":false},"featured_media":32998,"comment_status":"open","ping_status":"closed","template":"","meta":{"_monsterinsights_skip_tracking":false,"_monsterinsights_sitenote_active":false,"_monsterinsights_sitenote_note":"","_monsterinsights_sitenote_category":0},"product_brand":[],"product_cat":[15,133],"product_tag":[],"class_list":{"0":"post-32976","1":"product","2":"type-product","3":"status-publish","4":"has-post-thumbnail","6":"product_cat-uncategorized","7":"product_cat-storage-solution","9":"first","10":"instock","11":"shipping-taxable","12":"purchasable","13":"product-type-simple"},"aioseo_notices":[],"_links":{"self":[{"href":"https:\/\/xn--kbrsglobalstore-7kcc.com\/tr\/wp-json\/wp\/v2\/product\/32976","targetHints":{"allow":["GET"]}}],"collection":[{"href":"https:\/\/xn--kbrsglobalstore-7kcc.com\/tr\/wp-json\/wp\/v2\/product"}],"about":[{"href":"https:\/\/xn--kbrsglobalstore-7kcc.com\/tr\/wp-json\/wp\/v2\/types\/product"}],"replies":[{"embeddable":true,"href":"https:\/\/xn--kbrsglobalstore-7kcc.com\/tr\/wp-json\/wp\/v2\/comments?post=32976"}],"wp:featuredmedia":[{"embeddable":true,"href":"https:\/\/xn--kbrsglobalstore-7kcc.com\/tr\/wp-json\/wp\/v2\/media\/32998"}],"wp:attachment":[{"href":"https:\/\/xn--kbrsglobalstore-7kcc.com\/tr\/wp-json\/wp\/v2\/media?parent=32976"}],"wp:term":[{"taxonomy":"product_brand","embeddable":true,"href":"https:\/\/xn--kbrsglobalstore-7kcc.com\/tr\/wp-json\/wp\/v2\/product_brand?post=32976"},{"taxonomy":"product_cat","embeddable":true,"href":"https:\/\/xn--kbrsglobalstore-7kcc.com\/tr\/wp-json\/wp\/v2\/product_cat?post=32976"},{"taxonomy":"product_tag","embeddable":true,"href":"https:\/\/xn--kbrsglobalstore-7kcc.com\/tr\/wp-json\/wp\/v2\/product_tag?post=32976"}],"curies":[{"name":"wp","href":"https:\/\/api.w.org\/{rel}","templated":true}]}}