{"id":32975,"date":"2025-12-12T22:33:54","date_gmt":"2025-12-12T22:33:54","guid":{"rendered":"https:\/\/xn--kbrsglobalstore-7kcc.com\/?post_type=product&#038;p=32975"},"modified":"2025-12-16T21:16:21","modified_gmt":"2025-12-16T21:16:21","slug":"1pc-sophisticated-multi-layer-jewelry-storage-box-with-earring-necklace-ring-display-stand-velvet-flip-cover-drawer-style-organizer-room-bathroom-house-pink-room-living-travel-stuff-gift-bag","status":"publish","type":"product","link":"https:\/\/xn--kbrsglobalstore-7kcc.com\/tr\/urun\/1pc-sophisticated-multi-layer-jewelry-storage-box-with-earring-necklace-ring-display-stand-velvet-flip-cover-drawer-style-organizer-room-bathroom-house-pink-room-living-travel-stuff-gift-bag\/","title":{"rendered":"1 adet \u015e\u0131k \u00c7ok Katmanl\u0131 Tak\u0131 Saklama Kutusu"},"content":{"rendered":"<div class=\"ds-message _63c77b1\">\n<div class=\"ds-markdown\">\n<p class=\"ds-markdown-paragraph translation-block\">De\u011ferli aksesuarlar\u0131n\u0131z\u0131 \u015f\u0131k bir d\u00fczen i\u00e7inde bulun ve sergileyin, Sofistike \u00c7ok Katmanl\u0131 Tak\u0131 D\u00fczenleyici Kutusu ile. Bu zarif kutu, \u00f6zel b\u00f6lmelere sahip, kadife astarl\u0131, yumu\u015fak bir i\u00e7 para birimine sahiptir...<\/p>\n<p class=\"ds-markdown-paragraph translation-block\">G\u00fcvenli manyetik kilitli \u00e7ekmeceli tasar\u0131m\u0131, her \u015feyi tozdan, kar\u0131\u015f\u0131kl\u0131ktan ve d\u00fczenli bir \u015fekilde saklar. B\u00fcy\u00fcleyici pembe tonu ve \u015f\u0131k y\u00fczeyi, onu her t\u00fcrl\u00fc \u015fifonyer, makyaj masas\u0131, banyo tezgah\u0131 veya rafa \u015f\u0131k bir katk\u0131 haline getirerek hem i\u015flevsel bir saklama \u00e7\u00f6z\u00fcm\u00fc hem de ho\u015f bir oda dekoru olarak kusursuz bir \u015fekilde uyum sa\u011flar.<\/p>\n<p class=\"ds-markdown-paragraph translation-block\">Sadece bir m\u00fccevher kutusu de\u011fil, \u00e7ok y\u00f6nl\u00fc bir seyahat \u00e7antas\u0131, masa d\u00fczenleyici veya hediye olarak verilebilecek bir hazine. Anneler, kad\u0131nlar, arkada\u015flar veya \u00f6\u011fretmenler i\u00e7in Noel, do\u011fum g\u00fcnleri veya d\u00fc\u011f\u00fcnler i\u00e7in m\u00fckemmel, d\u00fc\u015f\u00fcnceli bir hediye olan bu \u00fcr\u00fcn, g\u00fczel ve pratik bir pakette l\u00fcks bir d\u00fczenleme sunuyor.<\/p>\n<\/div>\n<\/div>\n<div class=\"ds-theme\"><\/div>\n<div class=\"ds-flex _0a3d93b\">\n<div class=\"ds-flex _965abe9 _54866f7\">\n<div class=\"db183363 ds-icon-button ds-icon-button--m ds-icon-button--sizing-container\" tabindex=\"0\" role=\"button\" aria-disabled=\"false\">\n<div class=\"ds-icon-button__hover-bg\"><\/div>\n<div class=\"ds-icon\"><\/div>\n<div class=\"ds-focus-ring\"><\/div>\n<\/div>\n<div class=\"db183363 ds-icon-button ds-icon-button--m ds-icon-button--sizing-container\" tabindex=\"0\" role=\"button\" aria-disabled=\"false\">\n<div class=\"ds-icon-button__hover-bg\"><\/div>\n<div class=\"ds-icon\"><\/div>\n<div class=\"ds-focus-ring\"><\/div>\n<\/div>\n<div class=\"db183363 ds-icon-button ds-icon-button--m ds-icon-button--sizing-container\" tabindex=\"0\" role=\"button\" aria-disabled=\"false\">\n<div class=\"ds-icon-button__hover-bg\"><\/div>\n<div class=\"ds-icon\"><\/div>\n<div class=\"ds-focus-ring\"><\/div>\n<\/div>\n<div class=\"db183363 ds-icon-button ds-icon-button--m ds-icon-button--sizing-container\" tabindex=\"0\" role=\"button\" aria-disabled=\"false\">\n<div class=\"ds-icon-button__hover-bg\"><\/div>\n<div class=\"ds-icon\"><\/div>\n<div class=\"ds-focus-ring\"><\/div>\n<\/div>\n<div class=\"db183363 ds-icon-button ds-icon-button--m ds-icon-button--sizing-container\" tabindex=\"0\" role=\"button\" aria-disabled=\"false\">\n<div class=\"ds-icon-button__hover-bg\"><\/div>\n<div class=\"ds-icon\"><\/div>\n<\/div>\n<\/div>\n<\/div>","protected":false},"excerpt":{"rendered":"<p>Preserve and display your treasured accessories in elegant order with the Sophisticated Multi-Layer Jewelry Organizer Box. This exquisite case features a\u00a0plush, velvet-lined interior\u00a0with specialized compartments: dedicated\u00a0hanging bars for necklaces, cushioned slots for\u00a0rings, pierced earring cards, and a\u00a0flip-top lid with a built-in display stand\u00a0for your favorite pieces. The\u00a0drawer-style design with a secure magnetic closure\u00a0keeps everything dust-free, [&hellip;]<\/p>","protected":false},"featured_media":32994,"comment_status":"open","ping_status":"closed","template":"","meta":{"_monsterinsights_skip_tracking":false,"_monsterinsights_sitenote_active":false,"_monsterinsights_sitenote_note":"","_monsterinsights_sitenote_category":0},"product_brand":[],"product_cat":[15,133],"product_tag":[],"class_list":{"0":"post-32975","1":"product","2":"type-product","3":"status-publish","4":"has-post-thumbnail","6":"product_cat-uncategorized","7":"product_cat-storage-solution","9":"first","10":"instock","11":"shipping-taxable","12":"purchasable","13":"product-type-simple"},"aioseo_notices":[],"_links":{"self":[{"href":"https:\/\/xn--kbrsglobalstore-7kcc.com\/tr\/wp-json\/wp\/v2\/product\/32975","targetHints":{"allow":["GET"]}}],"collection":[{"href":"https:\/\/xn--kbrsglobalstore-7kcc.com\/tr\/wp-json\/wp\/v2\/product"}],"about":[{"href":"https:\/\/xn--kbrsglobalstore-7kcc.com\/tr\/wp-json\/wp\/v2\/types\/product"}],"replies":[{"embeddable":true,"href":"https:\/\/xn--kbrsglobalstore-7kcc.com\/tr\/wp-json\/wp\/v2\/comments?post=32975"}],"wp:featuredmedia":[{"embeddable":true,"href":"https:\/\/xn--kbrsglobalstore-7kcc.com\/tr\/wp-json\/wp\/v2\/media\/32994"}],"wp:attachment":[{"href":"https:\/\/xn--kbrsglobalstore-7kcc.com\/tr\/wp-json\/wp\/v2\/media?parent=32975"}],"wp:term":[{"taxonomy":"product_brand","embeddable":true,"href":"https:\/\/xn--kbrsglobalstore-7kcc.com\/tr\/wp-json\/wp\/v2\/product_brand?post=32975"},{"taxonomy":"product_cat","embeddable":true,"href":"https:\/\/xn--kbrsglobalstore-7kcc.com\/tr\/wp-json\/wp\/v2\/product_cat?post=32975"},{"taxonomy":"product_tag","embeddable":true,"href":"https:\/\/xn--kbrsglobalstore-7kcc.com\/tr\/wp-json\/wp\/v2\/product_tag?post=32975"}],"curies":[{"name":"wp","href":"https:\/\/api.w.org\/{rel}","templated":true}]}}