{"id":32974,"date":"2025-12-12T22:28:08","date_gmt":"2025-12-12T22:28:08","guid":{"rendered":"https:\/\/xn--kbrsglobalstore-7kcc.com\/?post_type=product&#038;p=32974"},"modified":"2025-12-16T21:16:34","modified_gmt":"2025-12-16T21:16:34","slug":"3pcs-multifunctional-storage-box-set-suitable-for-cosmetics-snacks-etc-plastic-organizer-for-kitchen-bathroom-and-dormitory","status":"publish","type":"product","link":"https:\/\/xn--kbrsglobalstore-7kcc.com\/tr\/urun\/3pcs-multifunctional-storage-box-set-suitable-for-cosmetics-snacks-etc-plastic-organizer-for-kitchen-bathroom-and-dormitory\/","title":{"rendered":"3 Par\u00e7al\u0131 \u00c7ok Fonksiyonlu Saklama Kutusu Seti"},"content":{"rendered":"<p class=\"ds-markdown-paragraph translation-block\">\u00c7ok y\u00f6nl\u00fc 3 par\u00e7al\u0131 \u00e7ok fonksiyonlu saklama kutusu seti ile her alan\u0131 d\u00fczenleyin ve da\u011f\u0131n\u0131kl\u0131\u011f\u0131 ortadan kald\u0131r\u0131n. Bu pratik \u00fc\u00e7l\u00fc, e\u015fyalar\u0131n\u0131z\u0131 g\u00f6r\u00fcn\u00fcr, korunakl\u0131 ve d\u00fczenli bir \u015fekilde saklamak i\u00e7in tasarlanm\u0131\u015f, g\u00fcvenli ge\u00e7meli kapakl\u0131 dayan\u0131kl\u0131, \u015feffaf plastik kutulardan olu\u015fmaktad\u0131r.<\/p>\n<p class=\"ds-markdown-paragraph translation-block\">K\u00fc\u00e7\u00fck e\u015fyalar\u0131 bir arada tutmak i\u00e7in m\u00fckemmel olan bu istiflenebilir kutular, kozmetik \u00fcr\u00fcnleri, cilt bak\u0131m \u00fcr\u00fcnleri, at\u0131\u015ft\u0131rmal\u0131klar, ofis malzemeleri, el i\u015fi malzemeleri ve daha fazlas\u0131n\u0131 saklamak i\u00e7in idealdir. D\u00fczg\u00fcn ve \u015f\u0131k tasar\u0131mlar\u0131, mutfak kilerinizde, banyo tezgah\u0131n\u0131zda, \u00f6\u011frenci odan\u0131zda veya ofis raf\u0131n\u0131zda kusursuz bir \u015fekilde yer almalar\u0131n\u0131 sa\u011flar.<\/p>\n<p class=\"ds-markdown-paragraph\">Temizlemesi kolay ve g\u00fcnl\u00fck kullan\u0131m i\u00e7in tasarlanm\u0131\u015f bu set, d\u00fczeni koruman\u0131za ve alan\u0131 zahmetsizce en \u00fcst d\u00fczeye \u00e7\u0131karman\u0131za yard\u0131mc\u0131 olur. Evinizin her k\u00f6\u015fesine d\u00fczenli bir verimlilik getirmek i\u00e7in basit ve ak\u0131ll\u0131 bir \u00e7\u00f6z\u00fcm.<\/p>","protected":false},"excerpt":{"rendered":"<p>Declutter and organize any space with the versatile 3-Piece Multifunctional Storage Box Set. This practical trio features\u00a0durable, clear plastic boxes\u00a0with secure snap-on lids, designed to keep your belongings visible, protected, and neatly contained. Perfect for consolidating small items, these stackable boxes are ideal for storing\u00a0cosmetics, skincare products, snacks, office supplies, craft materials, and more. Their [&hellip;]<\/p>","protected":false},"featured_media":32986,"comment_status":"open","ping_status":"closed","template":"","meta":{"_monsterinsights_skip_tracking":false,"_monsterinsights_sitenote_active":false,"_monsterinsights_sitenote_note":"","_monsterinsights_sitenote_category":0},"product_brand":[],"product_cat":[15,133],"product_tag":[],"class_list":{"0":"post-32974","1":"product","2":"type-product","3":"status-publish","4":"has-post-thumbnail","6":"product_cat-uncategorized","7":"product_cat-storage-solution","9":"first","10":"instock","11":"shipping-taxable","12":"purchasable","13":"product-type-simple"},"aioseo_notices":[],"_links":{"self":[{"href":"https:\/\/xn--kbrsglobalstore-7kcc.com\/tr\/wp-json\/wp\/v2\/product\/32974","targetHints":{"allow":["GET"]}}],"collection":[{"href":"https:\/\/xn--kbrsglobalstore-7kcc.com\/tr\/wp-json\/wp\/v2\/product"}],"about":[{"href":"https:\/\/xn--kbrsglobalstore-7kcc.com\/tr\/wp-json\/wp\/v2\/types\/product"}],"replies":[{"embeddable":true,"href":"https:\/\/xn--kbrsglobalstore-7kcc.com\/tr\/wp-json\/wp\/v2\/comments?post=32974"}],"wp:featuredmedia":[{"embeddable":true,"href":"https:\/\/xn--kbrsglobalstore-7kcc.com\/tr\/wp-json\/wp\/v2\/media\/32986"}],"wp:attachment":[{"href":"https:\/\/xn--kbrsglobalstore-7kcc.com\/tr\/wp-json\/wp\/v2\/media?parent=32974"}],"wp:term":[{"taxonomy":"product_brand","embeddable":true,"href":"https:\/\/xn--kbrsglobalstore-7kcc.com\/tr\/wp-json\/wp\/v2\/product_brand?post=32974"},{"taxonomy":"product_cat","embeddable":true,"href":"https:\/\/xn--kbrsglobalstore-7kcc.com\/tr\/wp-json\/wp\/v2\/product_cat?post=32974"},{"taxonomy":"product_tag","embeddable":true,"href":"https:\/\/xn--kbrsglobalstore-7kcc.com\/tr\/wp-json\/wp\/v2\/product_tag?post=32974"}],"curies":[{"name":"wp","href":"https:\/\/api.w.org\/{rel}","templated":true}]}}