{"id":32973,"date":"2025-12-12T22:21:25","date_gmt":"2025-12-12T22:21:25","guid":{"rendered":"https:\/\/xn--kbrsglobalstore-7kcc.com\/?post_type=product&#038;p=32973"},"modified":"2025-12-15T11:10:08","modified_gmt":"2025-12-15T11:10:08","slug":"high-end-large-capacity-makeup-organizer-box-dresser-drawer-storage-rack-for-cosmetics-and-jewelry","status":"publish","type":"product","link":"https:\/\/xn--kbrsglobalstore-7kcc.com\/tr\/urun\/high-end-large-capacity-makeup-organizer-box-dresser-drawer-storage-rack-for-cosmetics-and-jewelry\/","title":{"rendered":"Y\u00fcksek Kaliteli, Geni\u015f Kapasiteli Makyaj D\u00fczenleyici Kutu, Kozmetik ve Tak\u0131lar \u0130\u00e7in \u00c7ekmece \u0130\u00e7i Saklama Raf\u0131"},"content":{"rendered":"<div class=\"ds-message _63c77b1\">\n<div class=\"ds-markdown\">\n<p class=\"ds-markdown-paragraph translation-block\">CUCCOO BIZCHIC Kahverengi Sivri Burunlu Topuklu Ayakkab\u0131lar\u0131n \u015f\u0131k ve g\u00fc\u00e7l\u00fc zarafetiyle her ortama h\u00fckmedin. Bu topuklu ayakkab\u0131lar, incelikli, uzun sivri burun ve g\u00fcvenli, \u015f\u0131k bilek kay\u0131\u015f\u0131 ile hem modern hem de zamans\u0131z bir sil\u00fcet olu\u015fturarak, keskin sofistike bir tarz\u0131 inkar edilemez bir \u00e7ekicilikle ustaca harmanl\u0131yor.<\/p>\n<p class=\"ds-markdown-paragraph translation-block\">Zengin ve \u00e7ok y\u00f6nl\u00fc bir kahverengi tonunda \u00fcretilen bu ayakkab\u0131lar, klasik siyaha sofistike bir alternatif sunarak, tak\u0131m elbiseli pantolonlardan ofis k\u0131yafetlerine ve kokteyl elbiselerine kadar her \u015feyle zahmetsizce uyum sa\u011fl\u0131yor. Sa\u011flam y\u00fcksek topuk, kendinden emin bir boy uzunlu\u011fu sa\u011flayarak, toplant\u0131 odas\u0131nda etkili olmak, \u015f\u0131k bir \u015fekilde i\u015fe gidip gelmek veya bir partide ya da ziyafette gece boyunca dans etmek i\u00e7in m\u00fckemmel bir se\u00e7imdir.<\/p>\n<p class=\"ds-markdown-paragraph translation-block\">G\u00fcnd\u00fczden geceye sorunsuz ge\u00e7i\u015f yapan kad\u0131nlar i\u00e7in tasarlanan bu topuklu ayakkab\u0131lar, seksi, profesyonel ve \u015f\u0131k tarz\u0131n m\u00fckemmel bir birle\u015fimidir; modaya uygun her gard\u0131rop i\u00e7in olmazsa olmaz bir g\u00fc\u00e7l\u00fc topuklu ayakkab\u0131d\u0131r.<\/p>\n<\/div>\n<\/div>\n<div class=\"ds-theme\"><\/div>\n<div class=\"ds-flex _0a3d93b\">\n<div class=\"ds-flex _965abe9 _54866f7\">\n<div class=\"db183363 ds-icon-button ds-icon-button--m ds-icon-button--sizing-container\" tabindex=\"0\" role=\"button\" aria-disabled=\"false\">\n<div class=\"ds-icon-button__hover-bg\"><\/div>\n<div class=\"ds-icon\"><\/div>\n<div class=\"ds-focus-ring\"><\/div>\n<\/div>\n<div class=\"db183363 ds-icon-button ds-icon-button--m ds-icon-button--sizing-container\" tabindex=\"0\" role=\"button\" aria-disabled=\"false\">\n<div class=\"ds-icon-button__hover-bg\"><\/div>\n<div class=\"ds-icon\"><\/div>\n<div class=\"ds-focus-ring\"><\/div>\n<\/div>\n<div class=\"db183363 ds-icon-button ds-icon-button--m ds-icon-button--sizing-container\" tabindex=\"0\" role=\"button\" aria-disabled=\"false\">\n<div class=\"ds-icon-button__hover-bg\"><\/div>\n<div class=\"ds-icon\"><\/div>\n<div class=\"ds-focus-ring\"><\/div>\n<\/div>\n<div class=\"db183363 ds-icon-button ds-icon-button--m ds-icon-button--sizing-container\" tabindex=\"0\" role=\"button\" aria-disabled=\"false\">\n<div class=\"ds-icon-button__hover-bg\"><\/div>\n<div class=\"ds-icon\"><\/div>\n<div class=\"ds-focus-ring\"><\/div>\n<\/div>\n<div class=\"db183363 ds-icon-button ds-icon-button--m ds-icon-button--sizing-container\" tabindex=\"0\" role=\"button\" aria-disabled=\"false\">\n<div class=\"ds-icon-button__hover-bg\"><\/div>\n<div class=\"ds-icon\"><\/div>\n<\/div>\n<\/div>\n<\/div>","protected":false},"excerpt":{"rendered":"<p>Command every room with the sleek, powerful elegance of the CUCCOO BIZCHIC Brown Pointy Toe Pumps. These heels masterfully blend sharp sophistication with undeniable allure, featuring a\u00a0streamlined, elongated pointy toe\u00a0and a\u00a0secure, chic ankle strap\u00a0that together create a silhouette that is both modern and timeless. Crafted in a rich, versatile\u00a0brown hue, they offer a sophisticated alternative [&hellip;]<\/p>","protected":false},"featured_media":32983,"comment_status":"open","ping_status":"closed","template":"","meta":{"_monsterinsights_skip_tracking":false,"_monsterinsights_sitenote_active":false,"_monsterinsights_sitenote_note":"","_monsterinsights_sitenote_category":0},"product_brand":[],"product_cat":[15,133],"product_tag":[],"class_list":{"0":"post-32973","1":"product","2":"type-product","3":"status-publish","4":"has-post-thumbnail","6":"product_cat-uncategorized","7":"product_cat-storage-solution","9":"first","10":"instock","11":"shipping-taxable","12":"purchasable","13":"product-type-simple"},"aioseo_notices":[],"_links":{"self":[{"href":"https:\/\/xn--kbrsglobalstore-7kcc.com\/tr\/wp-json\/wp\/v2\/product\/32973","targetHints":{"allow":["GET"]}}],"collection":[{"href":"https:\/\/xn--kbrsglobalstore-7kcc.com\/tr\/wp-json\/wp\/v2\/product"}],"about":[{"href":"https:\/\/xn--kbrsglobalstore-7kcc.com\/tr\/wp-json\/wp\/v2\/types\/product"}],"replies":[{"embeddable":true,"href":"https:\/\/xn--kbrsglobalstore-7kcc.com\/tr\/wp-json\/wp\/v2\/comments?post=32973"}],"wp:featuredmedia":[{"embeddable":true,"href":"https:\/\/xn--kbrsglobalstore-7kcc.com\/tr\/wp-json\/wp\/v2\/media\/32983"}],"wp:attachment":[{"href":"https:\/\/xn--kbrsglobalstore-7kcc.com\/tr\/wp-json\/wp\/v2\/media?parent=32973"}],"wp:term":[{"taxonomy":"product_brand","embeddable":true,"href":"https:\/\/xn--kbrsglobalstore-7kcc.com\/tr\/wp-json\/wp\/v2\/product_brand?post=32973"},{"taxonomy":"product_cat","embeddable":true,"href":"https:\/\/xn--kbrsglobalstore-7kcc.com\/tr\/wp-json\/wp\/v2\/product_cat?post=32973"},{"taxonomy":"product_tag","embeddable":true,"href":"https:\/\/xn--kbrsglobalstore-7kcc.com\/tr\/wp-json\/wp\/v2\/product_tag?post=32973"}],"curies":[{"name":"wp","href":"https:\/\/api.w.org\/{rel}","templated":true}]}}