{"id":32965,"date":"2025-12-12T22:04:05","date_gmt":"2025-12-12T22:04:05","guid":{"rendered":"https:\/\/xn--kbrsglobalstore-7kcc.com\/?post_type=product&#038;p=32965"},"modified":"2025-12-15T11:11:02","modified_gmt":"2025-12-15T11:11:02","slug":"modern-human-body-sensor-wall-lamp-with-motion-detection-ambient-lighting-home-decor-for-bedroom-living-room-hallway-staircase-no-wiring-needed","status":"publish","type":"product","link":"https:\/\/xn--kbrsglobalstore-7kcc.com\/tr\/urun\/modern-human-body-sensor-wall-lamp-with-motion-detection-ambient-lighting-home-decor-for-bedroom-living-room-hallway-staircase-no-wiring-needed\/","title":{"rendered":"Hareket Alg\u0131lama ve Ortam Ayd\u0131nlatmal\u0131 Modern \u0130nsan V\u00fccudu Sens\u00f6rl\u00fc Duvar Lambas\u0131 \u2013 Yatak Odas\u0131, Oturma Odas\u0131, Koridor, Merdiven Bo\u015flu\u011fu \u0130\u00e7in Ev Dekorasyonu \u2013 Kablolama Gerektirmez"},"content":{"rendered":"<p class=\"ds-markdown-paragraph translation-block\">Evinizi ak\u0131ll\u0131, eller serbest kullan\u0131m kolayl\u0131\u011f\u0131 ve \u00e7a\u011fda\u015f bir stille ayd\u0131nlat\u0131n. Modern \u0130nsan V\u00fccudu Sens\u00f6rl\u00fc Duvar Lambas\u0131, odaya girdi\u011finizde otomatik olarak a\u00e7\u0131lan ve \u00e7\u0131kt\u0131\u011f\u0131n\u0131zda kapanan geli\u015fmi\u015f <strong>hareket alg\u0131lama teknolojisine<\/strong> sahiptir; bu da zahmetsiz g\u00fcvenlik ve enerji verimlili\u011fi sa\u011flar.<\/p>\n<p class=\"ds-markdown-paragraph translation-block\">Sorunsuz kurulum i\u00e7in tasarlanm\u0131\u015ft\u0131r, kablolama gerektirmez; birlikte verilen donan\u0131mlarla herhangi bir duvara monte etmeniz yeterlidir. Yatak odan\u0131zda, oturma odan\u0131zda, koridorunuzda veya merdiven bo\u015flu\u011funuzda uyku d\u00fczeninizi bozmadan veya ana ayd\u0131nlatman\u0131z\u0131 bast\u0131rmadan davetkar bir \u0131\u015f\u0131k yaratmak i\u00e7in m\u00fckemmel olan yumu\u015fak, s\u0131cak bir ortam \u0131\u015f\u0131\u011f\u0131 yayar.<\/p>\n<p class=\"ds-markdown-paragraph translation-block\">\u015e\u0131k ve minimalist tasar\u0131m\u0131yla bu lamba, zarif bir modern ev dekorasyonu unsuru olarak da i\u015flev g\u00f6r\u00fcyor. Gece yar\u0131s\u0131 navigasyonu, g\u00fcvenli\u011fi art\u0131rma ve her mekana otomatik bir sofistike dokunu\u015f katma i\u00e7in m\u00fckemmel bir \u00e7\u00f6z\u00fcm.<\/p>","protected":false},"excerpt":{"rendered":"<p>Illuminate your home with intelligent, hands-free convenience and contemporary style. The Modern Human Body Sensor Wall Lamp features advanced\u00a0motion detection technology\u00a0that automatically turns on when you enter a room and off when you leave, providing effortless safety and energy efficiency. Designed for hassle-free installation, it requires\u00a0no wiring\u2014simply mount it on any wall with the included [&hellip;]<\/p>","protected":false},"featured_media":32966,"comment_status":"open","ping_status":"closed","template":"","meta":{"_monsterinsights_skip_tracking":false,"_monsterinsights_sitenote_active":false,"_monsterinsights_sitenote_note":"","_monsterinsights_sitenote_category":0},"product_brand":[],"product_cat":[15,134],"product_tag":[],"class_list":{"0":"post-32965","1":"product","2":"type-product","3":"status-publish","4":"has-post-thumbnail","6":"product_cat-uncategorized","7":"product_cat-lamps-led-lights","9":"first","10":"instock","11":"shipping-taxable","12":"purchasable","13":"product-type-simple"},"aioseo_notices":[],"_links":{"self":[{"href":"https:\/\/xn--kbrsglobalstore-7kcc.com\/tr\/wp-json\/wp\/v2\/product\/32965","targetHints":{"allow":["GET"]}}],"collection":[{"href":"https:\/\/xn--kbrsglobalstore-7kcc.com\/tr\/wp-json\/wp\/v2\/product"}],"about":[{"href":"https:\/\/xn--kbrsglobalstore-7kcc.com\/tr\/wp-json\/wp\/v2\/types\/product"}],"replies":[{"embeddable":true,"href":"https:\/\/xn--kbrsglobalstore-7kcc.com\/tr\/wp-json\/wp\/v2\/comments?post=32965"}],"wp:featuredmedia":[{"embeddable":true,"href":"https:\/\/xn--kbrsglobalstore-7kcc.com\/tr\/wp-json\/wp\/v2\/media\/32966"}],"wp:attachment":[{"href":"https:\/\/xn--kbrsglobalstore-7kcc.com\/tr\/wp-json\/wp\/v2\/media?parent=32965"}],"wp:term":[{"taxonomy":"product_brand","embeddable":true,"href":"https:\/\/xn--kbrsglobalstore-7kcc.com\/tr\/wp-json\/wp\/v2\/product_brand?post=32965"},{"taxonomy":"product_cat","embeddable":true,"href":"https:\/\/xn--kbrsglobalstore-7kcc.com\/tr\/wp-json\/wp\/v2\/product_cat?post=32965"},{"taxonomy":"product_tag","embeddable":true,"href":"https:\/\/xn--kbrsglobalstore-7kcc.com\/tr\/wp-json\/wp\/v2\/product_tag?post=32965"}],"curies":[{"name":"wp","href":"https:\/\/api.w.org\/{rel}","templated":true}]}}