{"id":32956,"date":"2025-12-12T22:00:06","date_gmt":"2025-12-12T22:00:06","guid":{"rendered":"https:\/\/xn--kbrsglobalstore-7kcc.com\/?post_type=product&#038;p=32956"},"modified":"2025-12-16T21:16:49","modified_gmt":"2025-12-16T21:16:49","slug":"2-piece-rgbw-wall-lights-with-16-colors-remote-controlled-battery-powered-magnetic-installation-suitable-for-bedroom-living-room-brand-aiboo","status":"publish","type":"product","link":"https:\/\/xn--kbrsglobalstore-7kcc.com\/tr\/urun\/2-piece-rgbw-wall-lights-with-16-colors-remote-controlled-battery-powered-magnetic-installation-suitable-for-bedroom-living-room-brand-aiboo\/","title":{"rendered":"16 Renkli, Uzaktan Kumandal\u0131 RGBW Duvar Lambalar\u0131"},"content":{"rendered":"<p class=\"ds-markdown-paragraph translation-block\">AIBOO 2 Par\u00e7al\u0131 RGBW Duvar Lambalar\u0131 ile mekan\u0131n\u0131z\u0131 dinamik ve \u00f6zelle\u015ftirilebilir bir ambiyansla d\u00f6n\u00fc\u015ft\u00fcr\u00fcn. Bu set, duvarlar\u0131n\u0131z\u0131 \u0131\u015f\u0131kla boyaman\u0131za olanak tan\u0131r ve 16 canl\u0131 renkten olu\u015fan bir spektrumun yan\u0131 s\u0131ra s\u0131cak ve so\u011fuk beyaz \u0131\u015f\u0131k sunar; t\u00fcm\u00fc birlikte verilen kullan\u0131\u015fl\u0131 uzaktan kumanda ile kolayca kontrol edilebilir.<\/p>\n<p class=\"ds-markdown-paragraph translation-block\">Kolay manyetik kurulum \u00f6zelli\u011fine sahip ve uzun \u00f6m\u00fcrl\u00fc pillerle \u00e7al\u0131\u015fan bu lambalar, kablo, alet veya priz gerektirmedi\u011fi i\u00e7in her yerde ge\u00e7ici veya kal\u0131c\u0131 vurgu ayd\u0131nlatmas\u0131 olu\u015fturmak i\u00e7in m\u00fckemmeldir. \u015e\u0131k ve modern tasar\u0131mlar\u0131, hem i\u015flevsel bir \u0131\u015f\u0131k kayna\u011f\u0131 hem de \u015f\u0131k bir dekor olarak yatak odan\u0131za, oturma odan\u0131za, koridorunuza veya medya odan\u0131za kusursuz bir \u015fekilde uyum sa\u011flar.<\/p>\n<p class=\"ds-markdown-paragraph\">Tek bir t\u0131klamayla film geceleri, partiler veya rahatlama anlar\u0131 i\u00e7in ortam\u0131 ayarlay\u0131n. Kolayca ta\u015f\u0131nabilen ve yeniden konumland\u0131r\u0131labilen bu \u00e7ok y\u00f6nl\u00fc lambalar, evinizin atmosferini canl\u0131 ve kablosuz bir parlakl\u0131kla ki\u015fiselle\u015ftirmek i\u00e7in m\u00fckemmel bir ara\u00e7t\u0131r.<\/p>","protected":false},"excerpt":{"rendered":"<p>Transform your space with dynamic, customizable ambiance using the AIBOO 2-Piece RGBW Wall Lights. This set allows you to paint your walls with light, offering a spectrum of\u00a016 vibrant colors\u00a0plus warm and cool white light, all easily controlled with the included\u00a0convenient remote. Featuring\u00a0effortless magnetic installation\u00a0and powered by long-lasting batteries, these lights require\u00a0no wires, no tools, [&hellip;]<\/p>","protected":false},"featured_media":32957,"comment_status":"open","ping_status":"closed","template":"","meta":{"_monsterinsights_skip_tracking":false,"_monsterinsights_sitenote_active":false,"_monsterinsights_sitenote_note":"","_monsterinsights_sitenote_category":0},"product_brand":[],"product_cat":[15,134],"product_tag":[],"class_list":{"0":"post-32956","1":"product","2":"type-product","3":"status-publish","4":"has-post-thumbnail","6":"product_cat-uncategorized","7":"product_cat-lamps-led-lights","9":"first","10":"instock","11":"shipping-taxable","12":"purchasable","13":"product-type-simple"},"aioseo_notices":[],"_links":{"self":[{"href":"https:\/\/xn--kbrsglobalstore-7kcc.com\/tr\/wp-json\/wp\/v2\/product\/32956","targetHints":{"allow":["GET"]}}],"collection":[{"href":"https:\/\/xn--kbrsglobalstore-7kcc.com\/tr\/wp-json\/wp\/v2\/product"}],"about":[{"href":"https:\/\/xn--kbrsglobalstore-7kcc.com\/tr\/wp-json\/wp\/v2\/types\/product"}],"replies":[{"embeddable":true,"href":"https:\/\/xn--kbrsglobalstore-7kcc.com\/tr\/wp-json\/wp\/v2\/comments?post=32956"}],"wp:featuredmedia":[{"embeddable":true,"href":"https:\/\/xn--kbrsglobalstore-7kcc.com\/tr\/wp-json\/wp\/v2\/media\/32957"}],"wp:attachment":[{"href":"https:\/\/xn--kbrsglobalstore-7kcc.com\/tr\/wp-json\/wp\/v2\/media?parent=32956"}],"wp:term":[{"taxonomy":"product_brand","embeddable":true,"href":"https:\/\/xn--kbrsglobalstore-7kcc.com\/tr\/wp-json\/wp\/v2\/product_brand?post=32956"},{"taxonomy":"product_cat","embeddable":true,"href":"https:\/\/xn--kbrsglobalstore-7kcc.com\/tr\/wp-json\/wp\/v2\/product_cat?post=32956"},{"taxonomy":"product_tag","embeddable":true,"href":"https:\/\/xn--kbrsglobalstore-7kcc.com\/tr\/wp-json\/wp\/v2\/product_tag?post=32956"}],"curies":[{"name":"wp","href":"https:\/\/api.w.org\/{rel}","templated":true}]}}