{"id":32950,"date":"2025-12-12T21:54:53","date_gmt":"2025-12-12T21:54:53","guid":{"rendered":"https:\/\/xn--kbrsglobalstore-7kcc.com\/?post_type=product&#038;p=32950"},"modified":"2025-12-16T21:19:03","modified_gmt":"2025-12-16T21:19:03","slug":"1pc-modern-crystal-ceiling-light-fixture-with-wrought-crystal-lampshade-hard-wired-chandelier-suitable-for-e26-e27-base-bulb-not-included-110v-240v-wide-voltage-for-bedroom-living-room-corri","status":"publish","type":"product","link":"https:\/\/xn--kbrsglobalstore-7kcc.com\/tr\/urun\/1pc-modern-crystal-ceiling-light-fixture-with-wrought-crystal-lampshade-hard-wired-chandelier-suitable-for-e26-e27-base-bulb-not-included-110v-240v-wide-voltage-for-bedroom-living-room-corri\/","title":{"rendered":"D\u00f6vme ve Kristal Abajurlu Modern Kristal Tavan Lambas\u0131"},"content":{"rendered":"<p class=\"ds-markdown-paragraph translation-block\">Evinizin ambiyans\u0131n\u0131, end\u00fcstriyel bir dokunu\u015f ve zamans\u0131z bir zarafetin g\u00f6z kama\u015ft\u0131r\u0131c\u0131 bir kar\u0131\u015f\u0131m\u0131yla y\u00fckseltin. Bu Modern Kristal Tavan Lambas\u0131, \u0131\u015f\u0131\u011f\u0131 yakalay\u0131p yans\u0131tarak g\u00fczel bir g\u00f6r\u00fcnt\u00fc olu\u015fturan, \u00f6zenle dizilmi\u015f kristal detaylarla s\u00fcslenmi\u015f \u00e7arp\u0131c\u0131 bir \u00e7a\u011fda\u015f d\u00f6vme demir \u00e7er\u00e7eveye sahiptir.<\/p>\n<p class=\"ds-markdown-paragraph translation-block\">\u00c7ok y\u00f6nl\u00fcl\u00fck i\u00e7in tasarlanan bu avize, standart bir <strong>E26\/E27 duy ampul\u00fc<\/strong> destekler (ampul dahil de\u011fildir) ve geni\u015f bir <strong>110V-240V voltaj aral\u0131\u011f\u0131nda<\/strong> \u00e7al\u0131\u015farak d\u00fcnya genelindeki \u00e7o\u011fu konut ortam\u0131 i\u00e7in uygundur. <strong>Sabit ba\u011flant\u0131l\u0131 bir avize<\/strong> olarak, an\u0131nda odak noktas\u0131 haline gelen kal\u0131c\u0131 ve zarif bir ayd\u0131nlatma \u00e7\u00f6z\u00fcm\u00fc sunar.<\/p>\n<p class=\"ds-markdown-paragraph translation-block\">Yatak odan\u0131za, oturma odan\u0131za, koridorunuza veya balkonunuza sofistike bir hava katmak i\u00e7in m\u00fckemmel olan bu ayd\u0131nlatma armat\u00fcr\u00fc, sa\u011flam i\u015f\u00e7ili\u011fi g\u00f6z kama\u015ft\u0131r\u0131c\u0131 g\u00fczellikle birle\u015ftiriyor. Bu sadece bir \u0131\u015f\u0131k de\u011fil; herhangi bir tavan\u0131 sanat eserine d\u00f6n\u00fc\u015ft\u00fcren, dikkat \u00e7ekici bir par\u00e7a.<\/p>","protected":false},"excerpt":{"rendered":"<p>Elevate your home&#8217;s ambiance with a dazzling blend of industrial edge and timeless glamour. This Modern Crystal Ceiling Light Fixture features a striking\u00a0contemporary wrought iron frame\u00a0adorned with cascading,\u00a0carefully strung crystal accents\u00a0that capture and refract light into a beautiful display. Engineered for versatility, it supports a standard\u00a0E26\/E27 base bulb\u00a0(bulb not included) and operates on a wide\u00a0110V-240V [&hellip;]<\/p>","protected":false},"featured_media":32951,"comment_status":"open","ping_status":"closed","template":"","meta":{"_monsterinsights_skip_tracking":false,"_monsterinsights_sitenote_active":false,"_monsterinsights_sitenote_note":"","_monsterinsights_sitenote_category":0},"product_brand":[],"product_cat":[15,134],"product_tag":[],"class_list":{"0":"post-32950","1":"product","2":"type-product","3":"status-publish","4":"has-post-thumbnail","6":"product_cat-uncategorized","7":"product_cat-lamps-led-lights","9":"first","10":"instock","11":"shipping-taxable","12":"purchasable","13":"product-type-simple"},"aioseo_notices":[],"_links":{"self":[{"href":"https:\/\/xn--kbrsglobalstore-7kcc.com\/tr\/wp-json\/wp\/v2\/product\/32950","targetHints":{"allow":["GET"]}}],"collection":[{"href":"https:\/\/xn--kbrsglobalstore-7kcc.com\/tr\/wp-json\/wp\/v2\/product"}],"about":[{"href":"https:\/\/xn--kbrsglobalstore-7kcc.com\/tr\/wp-json\/wp\/v2\/types\/product"}],"replies":[{"embeddable":true,"href":"https:\/\/xn--kbrsglobalstore-7kcc.com\/tr\/wp-json\/wp\/v2\/comments?post=32950"}],"wp:featuredmedia":[{"embeddable":true,"href":"https:\/\/xn--kbrsglobalstore-7kcc.com\/tr\/wp-json\/wp\/v2\/media\/32951"}],"wp:attachment":[{"href":"https:\/\/xn--kbrsglobalstore-7kcc.com\/tr\/wp-json\/wp\/v2\/media?parent=32950"}],"wp:term":[{"taxonomy":"product_brand","embeddable":true,"href":"https:\/\/xn--kbrsglobalstore-7kcc.com\/tr\/wp-json\/wp\/v2\/product_brand?post=32950"},{"taxonomy":"product_cat","embeddable":true,"href":"https:\/\/xn--kbrsglobalstore-7kcc.com\/tr\/wp-json\/wp\/v2\/product_cat?post=32950"},{"taxonomy":"product_tag","embeddable":true,"href":"https:\/\/xn--kbrsglobalstore-7kcc.com\/tr\/wp-json\/wp\/v2\/product_tag?post=32950"}],"curies":[{"name":"wp","href":"https:\/\/api.w.org\/{rel}","templated":true}]}}