{"id":32932,"date":"2025-12-12T21:47:55","date_gmt":"2025-12-12T21:47:55","guid":{"rendered":"https:\/\/xn--kbrsglobalstore-7kcc.com\/?post_type=product&#038;p=32932"},"modified":"2025-12-16T21:19:39","modified_gmt":"2025-12-16T21:19:39","slug":"a-golden-leaf-tree-lamp-powered-by-usb-or-batteries-featuring-72-led-copper-wire-string-lights-a-touch-switch-and-dual-modes-for-steady-or-flashing-light-suitable-for-home-decoration-christmas-v","status":"publish","type":"product","link":"https:\/\/xn--kbrsglobalstore-7kcc.com\/tr\/urun\/a-golden-leaf-tree-lamp-powered-by-usb-or-batteries-featuring-72-led-copper-wire-string-lights-a-touch-switch-and-dual-modes-for-steady-or-flashing-light-suitable-for-home-decoration-christmas-v\/","title":{"rendered":"USB veya pille \u00e7al\u0131\u015fan, 72 adet bak\u0131r telli LED \u0131\u015f\u0131k zincirine sahip alt\u0131n yaprakl\u0131 a\u011fa\u00e7 \u015feklinde lamba."},"content":{"rendered":"<div class=\"ds-message _63c77b1\">\n<div class=\"ds-markdown\">\n<p class=\"ds-markdown-paragraph translation-block\">Alt\u0131n Yaprakl\u0131 A\u011fa\u00e7 Lambas\u0131 ile herhangi bir odaya b\u00fcy\u00fcl\u00fc, do\u011fal bir zarafet kat\u0131n. Bu b\u00fcy\u00fcleyici dekoratif par\u00e7a, zarif, heykelsi bir a\u011fa\u00e7 g\u00f6vdesi ve narin alt\u0131n yapraklar\u0131yla dikkat \u00e7ekiyor; dallar aras\u0131nda yuvalanm\u0131\u015f ate\u015f b\u00f6cekleri gibi par\u0131ldayan 72 adet s\u0131cak beyaz LED bak\u0131r tel \u0131\u015f\u0131k zinciriyle s\u00fcslenmi\u015ftir.<\/p>\n<p class=\"ds-markdown-paragraph translation-block\">Kullan\u0131m\u0131 basit ve \u00e7ok y\u00f6nl\u00fcd\u00fcr: birlikte verilen USB kablosuyla veya kablosuz yerle\u015ftirme i\u00e7in pillerle \u00e7al\u0131\u015ft\u0131rabilirsiniz. Kullan\u0131\u015fl\u0131 dokunmatik anahtar, ortam ayd\u0131nlatmas\u0131 i\u00e7in yumu\u015fak, sabit bir \u0131\u015f\u0131k ile kutlamalar i\u00e7in nazik, \u015fenlikli bir yan\u0131p s\u00f6nme modu aras\u0131nda zahmetsizce ge\u00e7i\u015f yapman\u0131z\u0131 sa\u011flar.<\/p>\n<p class=\"ds-markdown-paragraph translation-block\">Oturma odan\u0131z, yatak odan\u0131z veya ofisiniz i\u00e7in m\u00fckemmel bir orta sehpa lambas\u0131 olan bu \u00fcr\u00fcn, y\u0131l boyunca rahat bir atmosfer yarat\u0131r ve \u00f6zellikle Noel veya Sevgililer G\u00fcn\u00fc i\u00e7in tatil dekorasyonu olarak b\u00fcy\u00fcleyici bir g\u00f6r\u00fcn\u00fcm kazan\u0131r. Do\u011fa ve \u0131\u015f\u0131\u011f\u0131n g\u00fczel bir birle\u015fimi olan bu \u00fcr\u00fcn, \u015f\u0131k oda dekorasyonunuza an\u0131nda bir y\u00fckseltme sa\u011flar.<\/p>\n<\/div>\n<\/div>\n<div class=\"ds-theme\"><\/div>\n<div class=\"ds-flex _0a3d93b\">\n<div class=\"ds-flex _965abe9 _54866f7\">\n<div class=\"db183363 ds-icon-button ds-icon-button--m ds-icon-button--sizing-container\" tabindex=\"0\" role=\"button\" aria-disabled=\"false\">\n<div class=\"ds-icon-button__hover-bg\"><\/div>\n<div class=\"ds-icon\"><\/div>\n<div class=\"ds-focus-ring\"><\/div>\n<\/div>\n<div class=\"db183363 ds-icon-button ds-icon-button--m ds-icon-button--sizing-container\" tabindex=\"0\" role=\"button\" aria-disabled=\"false\">\n<div class=\"ds-icon-button__hover-bg\"><\/div>\n<div class=\"ds-icon\"><\/div>\n<div class=\"ds-focus-ring\"><\/div>\n<\/div>\n<div class=\"db183363 ds-icon-button ds-icon-button--m ds-icon-button--sizing-container\" tabindex=\"0\" role=\"button\" aria-disabled=\"false\">\n<div class=\"ds-icon-button__hover-bg\"><\/div>\n<div class=\"ds-icon\"><\/div>\n<div class=\"ds-focus-ring\"><\/div>\n<\/div>\n<div class=\"db183363 ds-icon-button ds-icon-button--m ds-icon-button--sizing-container\" tabindex=\"0\" role=\"button\" aria-disabled=\"false\">\n<div class=\"ds-icon-button__hover-bg\"><\/div>\n<div class=\"ds-icon\"><\/div>\n<div class=\"ds-focus-ring\"><\/div>\n<\/div>\n<div class=\"db183363 ds-icon-button ds-icon-button--m ds-icon-button--sizing-container\" tabindex=\"0\" role=\"button\" aria-disabled=\"false\">\n<div class=\"ds-icon-button__hover-bg\"><\/div>\n<div class=\"ds-icon\"><\/div>\n<\/div>\n<\/div>\n<\/div>","protected":false},"excerpt":{"rendered":"<p>Add a touch of magical, natural elegance to any room with the Golden Leaf Tree Lamp. This enchanting decorative piece features a graceful, sculptural\u00a0tree trunk with delicate golden leaves, adorned with\u00a072 warm white LED copper wire string lights\u00a0that twinkle like fireflies nestled among the branches. Operating is simple and versatile: power it via the\u00a0included USB [&hellip;]<\/p>","protected":false},"featured_media":32933,"comment_status":"open","ping_status":"closed","template":"","meta":{"_monsterinsights_skip_tracking":false,"_monsterinsights_sitenote_active":false,"_monsterinsights_sitenote_note":"","_monsterinsights_sitenote_category":0},"product_brand":[],"product_cat":[15,134],"product_tag":[],"class_list":{"0":"post-32932","1":"product","2":"type-product","3":"status-publish","4":"has-post-thumbnail","6":"product_cat-uncategorized","7":"product_cat-lamps-led-lights","9":"first","10":"instock","11":"shipping-taxable","12":"purchasable","13":"product-type-simple"},"aioseo_notices":[],"_links":{"self":[{"href":"https:\/\/xn--kbrsglobalstore-7kcc.com\/tr\/wp-json\/wp\/v2\/product\/32932","targetHints":{"allow":["GET"]}}],"collection":[{"href":"https:\/\/xn--kbrsglobalstore-7kcc.com\/tr\/wp-json\/wp\/v2\/product"}],"about":[{"href":"https:\/\/xn--kbrsglobalstore-7kcc.com\/tr\/wp-json\/wp\/v2\/types\/product"}],"replies":[{"embeddable":true,"href":"https:\/\/xn--kbrsglobalstore-7kcc.com\/tr\/wp-json\/wp\/v2\/comments?post=32932"}],"wp:featuredmedia":[{"embeddable":true,"href":"https:\/\/xn--kbrsglobalstore-7kcc.com\/tr\/wp-json\/wp\/v2\/media\/32933"}],"wp:attachment":[{"href":"https:\/\/xn--kbrsglobalstore-7kcc.com\/tr\/wp-json\/wp\/v2\/media?parent=32932"}],"wp:term":[{"taxonomy":"product_brand","embeddable":true,"href":"https:\/\/xn--kbrsglobalstore-7kcc.com\/tr\/wp-json\/wp\/v2\/product_brand?post=32932"},{"taxonomy":"product_cat","embeddable":true,"href":"https:\/\/xn--kbrsglobalstore-7kcc.com\/tr\/wp-json\/wp\/v2\/product_cat?post=32932"},{"taxonomy":"product_tag","embeddable":true,"href":"https:\/\/xn--kbrsglobalstore-7kcc.com\/tr\/wp-json\/wp\/v2\/product_tag?post=32932"}],"curies":[{"name":"wp","href":"https:\/\/api.w.org\/{rel}","templated":true}]}}