{"id":32923,"date":"2025-12-12T20:49:18","date_gmt":"2025-12-12T20:49:18","guid":{"rendered":"https:\/\/xn--kbrsglobalstore-7kcc.com\/?post_type=product&#038;p=32923"},"modified":"2025-12-16T21:21:19","modified_gmt":"2025-12-16T21:21:19","slug":"modern-led-night-lamp-black-and-white-round-table-lamp-adjustable-brightness-usb-powered-with-warm-yellow-light-premium-light-luxury-can-be-used-in-bedroom-living-room-or-study-room-best-gift","status":"publish","type":"product","link":"https:\/\/xn--kbrsglobalstore-7kcc.com\/tr\/urun\/modern-led-night-lamp-black-and-white-round-table-lamp-adjustable-brightness-usb-powered-with-warm-yellow-light-premium-light-luxury-can-be-used-in-bedroom-living-room-or-study-room-best-gift\/","title":{"rendered":"Modern LED Gece Lambas\u0131, Siyah Beyaz Yuvarlak Masa Lambas\u0131"},"content":{"rendered":"<div class=\"ds-message _63c77b1\">\n<div class=\"ds-markdown\">\n<p class=\"ds-markdown-paragraph translation-block\">Modern LED Gece Lambas\u0131 ile mekan\u0131n\u0131z\u0131 minimalist bir l\u00fcksle ayd\u0131nlat\u0131n. Siyah ve beyaz renklerde \u015f\u0131k, iki tonlu k\u00fcresel bir tasar\u0131ma sahip olan bu lamba, modern bir dekor par\u00e7as\u0131 olarak \u00f6ne \u00e7\u0131karken, rahatlamak veya bir atmosfer yaratmak i\u00e7in m\u00fckemmel, \u00e7ok y\u00f6nl\u00fc ve yumu\u015fak bir ayd\u0131nlatma sa\u011flar.<\/p>\n<p class=\"ds-markdown-paragraph translation-block\"><strong>Ayarlanabilir parlakl\u0131k<\/strong> \u00f6zelli\u011fiyle donat\u0131lm\u0131\u015f olan bu \u00fcr\u00fcn, tek bir dokunu\u015fla \u0131\u015f\u0131\u011f\u0131 yumu\u015fak bir par\u0131lt\u0131dan daha parlak bir ortama kadar \u00f6zelle\u015ftirmenizi sa\u011flar. <strong>Kullan\u0131\u015fl\u0131 bir USB kablosu<\/strong> ile \u00e7al\u0131\u015fan \u00fcr\u00fcn, esnek yerle\u015ftirme imkan\u0131 sunar ve g\u00f6zleri yormadan rahatlamay\u0131 destekleyen <strong>sakinle\u015ftirici, s\u0131cak sar\u0131 bir \u0131\u015f\u0131k<\/strong> yayar.<\/p>\n<p class=\"ds-markdown-paragraph translation-block\">Komodin, oturma odas\u0131 raf\u0131 veya \u00e7al\u0131\u015fma masan\u0131z i\u00e7in ideal olan bu lamba, bi\u00e7im ve i\u015flevi kusursuz bir \u015fekilde birle\u015ftiriyor. G\u00fczelce paketlenmi\u015f olan bu lamba, Cad\u0131lar Bayram\u0131, Noel veya herhangi bir \u00f6zel g\u00fcn i\u00e7in d\u00fc\u015f\u00fcnceli ve \u015f\u0131k bir hediye olup, her odaya \u00fcst\u00fcn bir \u0131\u015f\u0131k l\u00fcks\u00fc kat\u0131yor.<\/p>\n<\/div>\n<\/div>\n<div class=\"ds-theme\"><\/div>\n<div class=\"ds-flex _0a3d93b\">\n<div class=\"ds-flex _965abe9\">\n<div class=\"db183363 ds-icon-button ds-icon-button--m ds-icon-button--sizing-container\" tabindex=\"0\" role=\"button\" aria-disabled=\"false\">\n<div class=\"ds-icon-button__hover-bg\"><\/div>\n<div class=\"ds-icon\"><\/div>\n<div class=\"ds-focus-ring\"><\/div>\n<\/div>\n<div class=\"db183363 ds-icon-button ds-icon-button--m ds-icon-button--sizing-container ds-icon-button--disabled\" role=\"button\" aria-disabled=\"true\">\n<div class=\"ds-icon\"><\/div>\n<div class=\"ds-focus-ring\"><\/div>\n<\/div>\n<div class=\"db183363 ds-icon-button ds-icon-button--m ds-icon-button--sizing-container\" tabindex=\"0\" role=\"button\" aria-disabled=\"false\">\n<div class=\"ds-icon-button__hover-bg\"><\/div>\n<div class=\"ds-icon\"><\/div>\n<div class=\"ds-focus-ring\"><\/div>\n<\/div>\n<div class=\"db183363 ds-icon-button ds-icon-button--m ds-icon-button--sizing-container\" tabindex=\"0\" role=\"button\" aria-disabled=\"false\">\n<div class=\"ds-icon-button__hover-bg\"><\/div>\n<div class=\"ds-icon\"><\/div>\n<div class=\"ds-focus-ring\"><\/div>\n<\/div>\n<div class=\"db183363 ds-icon-button ds-icon-button--m ds-icon-button--sizing-container\" tabindex=\"0\" role=\"button\" aria-disabled=\"false\">\n<div class=\"ds-icon-button__hover-bg\"><\/div>\n<div class=\"ds-icon\"><\/div>\n<\/div>\n<\/div>\n<\/div>","protected":false},"excerpt":{"rendered":"<p>Illuminate your space with minimalist luxury using the Modern LED Night Lamp. Featuring a\u00a0sleek, two-tone spherical design in black and white, this lamp serves as a striking piece of modern decor while providing versatile, gentle illumination perfect for winding down or setting a mood. Equipped with\u00a0adjustable brightness, it allows you to customize the light from [&hellip;]<\/p>","protected":false},"featured_media":32924,"comment_status":"open","ping_status":"closed","template":"","meta":{"_monsterinsights_skip_tracking":false,"_monsterinsights_sitenote_active":false,"_monsterinsights_sitenote_note":"","_monsterinsights_sitenote_category":0},"product_brand":[],"product_cat":[15,134],"product_tag":[],"class_list":{"0":"post-32923","1":"product","2":"type-product","3":"status-publish","4":"has-post-thumbnail","6":"product_cat-uncategorized","7":"product_cat-lamps-led-lights","9":"first","10":"instock","11":"shipping-taxable","12":"purchasable","13":"product-type-simple"},"aioseo_notices":[],"_links":{"self":[{"href":"https:\/\/xn--kbrsglobalstore-7kcc.com\/tr\/wp-json\/wp\/v2\/product\/32923","targetHints":{"allow":["GET"]}}],"collection":[{"href":"https:\/\/xn--kbrsglobalstore-7kcc.com\/tr\/wp-json\/wp\/v2\/product"}],"about":[{"href":"https:\/\/xn--kbrsglobalstore-7kcc.com\/tr\/wp-json\/wp\/v2\/types\/product"}],"replies":[{"embeddable":true,"href":"https:\/\/xn--kbrsglobalstore-7kcc.com\/tr\/wp-json\/wp\/v2\/comments?post=32923"}],"wp:featuredmedia":[{"embeddable":true,"href":"https:\/\/xn--kbrsglobalstore-7kcc.com\/tr\/wp-json\/wp\/v2\/media\/32924"}],"wp:attachment":[{"href":"https:\/\/xn--kbrsglobalstore-7kcc.com\/tr\/wp-json\/wp\/v2\/media?parent=32923"}],"wp:term":[{"taxonomy":"product_brand","embeddable":true,"href":"https:\/\/xn--kbrsglobalstore-7kcc.com\/tr\/wp-json\/wp\/v2\/product_brand?post=32923"},{"taxonomy":"product_cat","embeddable":true,"href":"https:\/\/xn--kbrsglobalstore-7kcc.com\/tr\/wp-json\/wp\/v2\/product_cat?post=32923"},{"taxonomy":"product_tag","embeddable":true,"href":"https:\/\/xn--kbrsglobalstore-7kcc.com\/tr\/wp-json\/wp\/v2\/product_tag?post=32923"}],"curies":[{"name":"wp","href":"https:\/\/api.w.org\/{rel}","templated":true}]}}