{"id":32914,"date":"2025-12-12T20:47:10","date_gmt":"2025-12-12T20:47:10","guid":{"rendered":"https:\/\/xn--kbrsglobalstore-7kcc.com\/?post_type=product&#038;p=32914"},"modified":"2025-12-16T21:22:27","modified_gmt":"2025-12-16T21:22:27","slug":"m-30m-rgb-led-strip-lights-with-remote-control-usb-powered-color-changing-lights-for-bedroom-living-room-gaming-party-decor-dimmable-usb-rechargeable-strip-lights-with-color-changing-modes-re","status":"publish","type":"product","link":"https:\/\/xn--kbrsglobalstore-7kcc.com\/tr\/urun\/m-30m-rgb-led-strip-lights-with-remote-control-usb-powered-color-changing-lights-for-bedroom-living-room-gaming-party-decor-dimmable-usb-rechargeable-strip-lights-with-color-changing-modes-re\/","title":{"rendered":"Uzaktan Kumandal\u0131 m\/30m RGB LED \u015eerit I\u015f\u0131klar"},"content":{"rendered":"<p class=\"ds-markdown-paragraph translation-block\">RGB LED \u015eerit I\u015f\u0131klar ile herhangi bir oday\u0131 canl\u0131 ve \u00f6zelle\u015ftirilebilir renklerle an\u0131nda d\u00f6n\u00fc\u015ft\u00fcr\u00fcn. Bu esnek, USB ile \u00e7al\u0131\u015fan \u0131\u015f\u0131k \u015feridi, 16 milyon dinamik rengi ve fla\u015f, solma ve yumu\u015fak ge\u00e7i\u015fler de dahil olmak \u00fczere birden fazla ayd\u0131nlatma modunu, birlikte verilen kullan\u0131\u015fl\u0131 uzaktan kumanda ile avucunuzun i\u00e7inden kolayca kurman\u0131za ve kontrol etmenize olanak tan\u0131r.<\/p>\n<p class=\"ds-markdown-paragraph translation-block\">Yatak odan\u0131za, oturma odan\u0131za, oyun alan\u0131n\u0131za veya parti dekorasyonunuza ho\u015f bir hava katmak i\u00e7in m\u00fckemmel olan bu ayarlanabilir \u0131\u015f\u0131k \u015feritleri, rahatlat\u0131c\u0131 ak\u015famlardan y\u00fcksek enerjili kutlamalara kadar her durum i\u00e7in m\u00fckemmel bir atmosfer yaratman\u0131za olanak tan\u0131r. Kendinden yap\u0131\u015fkanl\u0131 arka y\u00fczeyi ve \u00e7ok y\u00f6nl\u00fc uzunluk se\u00e7enekleri, temiz ve kuru herhangi bir y\u00fczeye h\u0131zl\u0131 ve kolay kurulum sa\u011flar.<\/p>\n<p class=\"ds-markdown-paragraph translation-block\">USB ile \u015farj edilebilme \u00f6zelli\u011fi ve harici g\u00fc\u00e7 adapt\u00f6r\u00fcne gerek duyulmamas\u0131 sayesinde bu lambalar, ta\u015f\u0131nabilir ve sorunsuz bir parlakl\u0131k sunar. Kendi canl\u0131 \u0131\u015f\u0131k g\u00f6sterinizi yarat\u0131n ve dinamik, uzaktan kumandal\u0131 renklerle her mekan\u0131 canland\u0131r\u0131n.<\/p>","protected":false},"excerpt":{"rendered":"<p>Instantly transform any room with vibrant, customizable color using the RGB LED Strip Lights. This flexible,\u00a0USB-powered light strip\u00a0allows you to easily install and control\u00a016 million dynamic colors\u00a0and multiple lighting modes\u2014including flash, fade, and smooth transitions\u2014right from the palm of your hand with the included\u00a0convenient remote control. Perfect for adding ambient flair to your\u00a0bedroom, living room, [&hellip;]<\/p>","protected":false},"featured_media":32919,"comment_status":"open","ping_status":"closed","template":"","meta":{"_monsterinsights_skip_tracking":false,"_monsterinsights_sitenote_active":false,"_monsterinsights_sitenote_note":"","_monsterinsights_sitenote_category":0},"product_brand":[],"product_cat":[15,134],"product_tag":[],"class_list":{"0":"post-32914","1":"product","2":"type-product","3":"status-publish","4":"has-post-thumbnail","6":"product_cat-uncategorized","7":"product_cat-lamps-led-lights","9":"first","10":"instock","11":"shipping-taxable","12":"purchasable","13":"product-type-simple"},"aioseo_notices":[],"_links":{"self":[{"href":"https:\/\/xn--kbrsglobalstore-7kcc.com\/tr\/wp-json\/wp\/v2\/product\/32914","targetHints":{"allow":["GET"]}}],"collection":[{"href":"https:\/\/xn--kbrsglobalstore-7kcc.com\/tr\/wp-json\/wp\/v2\/product"}],"about":[{"href":"https:\/\/xn--kbrsglobalstore-7kcc.com\/tr\/wp-json\/wp\/v2\/types\/product"}],"replies":[{"embeddable":true,"href":"https:\/\/xn--kbrsglobalstore-7kcc.com\/tr\/wp-json\/wp\/v2\/comments?post=32914"}],"wp:featuredmedia":[{"embeddable":true,"href":"https:\/\/xn--kbrsglobalstore-7kcc.com\/tr\/wp-json\/wp\/v2\/media\/32919"}],"wp:attachment":[{"href":"https:\/\/xn--kbrsglobalstore-7kcc.com\/tr\/wp-json\/wp\/v2\/media?parent=32914"}],"wp:term":[{"taxonomy":"product_brand","embeddable":true,"href":"https:\/\/xn--kbrsglobalstore-7kcc.com\/tr\/wp-json\/wp\/v2\/product_brand?post=32914"},{"taxonomy":"product_cat","embeddable":true,"href":"https:\/\/xn--kbrsglobalstore-7kcc.com\/tr\/wp-json\/wp\/v2\/product_cat?post=32914"},{"taxonomy":"product_tag","embeddable":true,"href":"https:\/\/xn--kbrsglobalstore-7kcc.com\/tr\/wp-json\/wp\/v2\/product_tag?post=32914"}],"curies":[{"name":"wp","href":"https:\/\/api.w.org\/{rel}","templated":true}]}}