{"id":32906,"date":"2025-12-12T20:43:42","date_gmt":"2025-12-12T20:43:42","guid":{"rendered":"https:\/\/xn--kbrsglobalstore-7kcc.com\/?post_type=product&#038;p=32906"},"modified":"2025-12-16T21:22:40","modified_gmt":"2025-12-16T21:22:40","slug":"smart-led-light-bars-rgbic-light-bar-for-room-16-million-colors-213-preset-modes-gaming-lights-remote-control-app-control-dynamic-music-sync-mode-tv-backlight-usb-powered-ambient-lighting","status":"publish","type":"product","link":"https:\/\/xn--kbrsglobalstore-7kcc.com\/tr\/urun\/smart-led-light-bars-rgbic-light-bar-for-room-16-million-colors-213-preset-modes-gaming-lights-remote-control-app-control-dynamic-music-sync-mode-tv-backlight-usb-powered-ambient-lighting\/","title":{"rendered":"Ak\u0131ll\u0131 LED I\u015f\u0131k Barlar\u0131, Oda \u0130\u00e7in RGB+IC I\u015f\u0131k Bar\u0131"},"content":{"rendered":"<p class=\"ds-markdown-paragraph translation-block\">Smart RGB+IC LED I\u015f\u0131k \u00c7ubu\u011fu Seti ile herhangi bir oday\u0131 tamamen \u00f6zelle\u015ftirilebilir, dinamik bir \u0131\u015f\u0131k ortam\u0131na d\u00f6n\u00fc\u015ft\u00fcr\u00fcn. Her bir \u00e7ubuk, 16 milyon canl\u0131 renk ve 213 \u00f6nceden ayarlanm\u0131\u015f ayd\u0131nlatma modunu emrinize sunar; bu modlar, birlikte verilen uzaktan kumanda veya \u00f6zel bir ak\u0131ll\u0131 telefon uygulamas\u0131 arac\u0131l\u0131\u011f\u0131yla kontrol edilebilir ve maksimum kolayl\u0131k sa\u011flar.<\/p>\n<p class=\"ds-markdown-paragraph translation-block\">Geli\u015fmi\u015f <strong>m\u00fczik senkronizasyon modu<\/strong> \u00f6zelli\u011fine sahip olan bu \u00e7ubuklar, TV'nizden, oyun sisteminizden veya hoparl\u00f6rlerinizden gelen sesi analiz eder ve ritme g\u00f6re ger\u00e7ek zamanl\u0131 olarak titre\u015fir, yan\u0131p s\u00f6ner ve renk de\u011fi\u015ftirir; b\u00f6ylece e\u011flencenizi nefes kesen bir g\u00f6rsel deneyime d\u00f6n\u00fc\u015ft\u00fcr\u00fcr. Kolay kurulum ve esnek yerle\u015ftirme i\u00e7in <strong>USB ile \u00e7al\u0131\u015f\u0131r<\/strong> ve canl\u0131 TV arka \u0131\u015f\u0131klar\u0131, oyun ortam\u0131 veya modern oda dekorasyonu olarak m\u00fckemmeldir.<\/p>\n<p class=\"ds-markdown-paragraph translation-block\">Bu 2'li set, oturma odan\u0131z, yatak odan\u0131z veya ev sineman\u0131z i\u00e7in dengeli ve etkileyici bir ayd\u0131nlatma sa\u011flar. Her ana uyacak \u015fekilde sakin ortam \u0131\u015f\u0131klar\u0131 ve y\u00fcksek enerjili parti sahneleri aras\u0131nda zahmetsizce ge\u00e7i\u015f yap\u0131n.<\/p>","protected":false},"excerpt":{"rendered":"<p>Immerse any room in a fully customizable, dynamic lightscape with the Smart RGB+IC LED Light Bar Set. Each bar puts\u00a016 million vibrant colors\u00a0and\u00a0213 preset lighting modes\u00a0at your command, controllable via the included remote or a dedicated smartphone app for ultimate convenience. Featuring advanced\u00a0music sync mode, the bars analyze audio from your TV, gaming setup, or [&hellip;]<\/p>","protected":false},"featured_media":32907,"comment_status":"open","ping_status":"closed","template":"","meta":{"_monsterinsights_skip_tracking":false,"_monsterinsights_sitenote_active":false,"_monsterinsights_sitenote_note":"","_monsterinsights_sitenote_category":0},"product_brand":[],"product_cat":[15,134],"product_tag":[],"class_list":{"0":"post-32906","1":"product","2":"type-product","3":"status-publish","4":"has-post-thumbnail","6":"product_cat-uncategorized","7":"product_cat-lamps-led-lights","9":"first","10":"instock","11":"shipping-taxable","12":"purchasable","13":"product-type-simple"},"aioseo_notices":[],"_links":{"self":[{"href":"https:\/\/xn--kbrsglobalstore-7kcc.com\/tr\/wp-json\/wp\/v2\/product\/32906","targetHints":{"allow":["GET"]}}],"collection":[{"href":"https:\/\/xn--kbrsglobalstore-7kcc.com\/tr\/wp-json\/wp\/v2\/product"}],"about":[{"href":"https:\/\/xn--kbrsglobalstore-7kcc.com\/tr\/wp-json\/wp\/v2\/types\/product"}],"replies":[{"embeddable":true,"href":"https:\/\/xn--kbrsglobalstore-7kcc.com\/tr\/wp-json\/wp\/v2\/comments?post=32906"}],"wp:featuredmedia":[{"embeddable":true,"href":"https:\/\/xn--kbrsglobalstore-7kcc.com\/tr\/wp-json\/wp\/v2\/media\/32907"}],"wp:attachment":[{"href":"https:\/\/xn--kbrsglobalstore-7kcc.com\/tr\/wp-json\/wp\/v2\/media?parent=32906"}],"wp:term":[{"taxonomy":"product_brand","embeddable":true,"href":"https:\/\/xn--kbrsglobalstore-7kcc.com\/tr\/wp-json\/wp\/v2\/product_brand?post=32906"},{"taxonomy":"product_cat","embeddable":true,"href":"https:\/\/xn--kbrsglobalstore-7kcc.com\/tr\/wp-json\/wp\/v2\/product_cat?post=32906"},{"taxonomy":"product_tag","embeddable":true,"href":"https:\/\/xn--kbrsglobalstore-7kcc.com\/tr\/wp-json\/wp\/v2\/product_tag?post=32906"}],"curies":[{"name":"wp","href":"https:\/\/api.w.org\/{rel}","templated":true}]}}