{"id":32897,"date":"2025-12-12T20:38:34","date_gmt":"2025-12-12T20:38:34","guid":{"rendered":"https:\/\/xn--kbrsglobalstore-7kcc.com\/?post_type=product&#038;p=32897"},"modified":"2025-12-16T21:22:50","modified_gmt":"2025-12-16T21:22:50","slug":"amill-96-leds-flexible-willow-vine-lights-usb-powered-colorful-birch-tree-decor-with-8-modes-indoor-ambient-lighting-for-living-room-bedroom-parties-weddings-christmas-new-year-easy-to-instal","status":"publish","type":"product","link":"https:\/\/xn--kbrsglobalstore-7kcc.com\/tr\/urun\/amill-96-leds-flexible-willow-vine-lights-usb-powered-colorful-birch-tree-decor-with-8-modes-indoor-ambient-lighting-for-living-room-bedroom-parties-weddings-christmas-new-year-easy-to-instal\/","title":{"rendered":"AMill 96 LED'li Esnek S\u00f6\u011f\u00fct Sarma\u015f\u0131k Lambalar\u0131"},"content":{"rendered":"<p class=\"ds-markdown-paragraph translation-block\">Do\u011fa sanat\u0131n\u0131n ve b\u00fcy\u00fcleyici ayd\u0131nlatman\u0131n nefes kesici birle\u015fimi olan AMill 96-LED Esnek S\u00f6\u011f\u00fct Asma Lambalar\u0131 ile tan\u0131\u015f\u0131n. Bu \u00e7arp\u0131c\u0131 par\u00e7a, zarif bir \u015fekilde tasarlanm\u0131\u015f, tamamen b\u00fck\u00fclebilir bir hu\u015f a\u011fac\u0131 asmas\u0131 ve 96 adet s\u0131cak beyaz ve \u00e7ok renkli LED ile s\u00fcslenmi\u015ftir; b\u00f6ylece kendi \u0131\u015f\u0131kl\u0131 a\u011fac\u0131n\u0131z\u0131 veya duvara monte edilmi\u015f sahnenizi \u015fekillendirebilir ve tasarlayabilirsiniz.<\/p>\n<p class=\"ds-markdown-paragraph translation-block\">Sabit \u0131\u015f\u0131k, p\u0131r\u0131lt\u0131, solma ve fla\u015f dahil olmak \u00fczere 8 dinamik ayd\u0131nlatma moduyla, sakin bir rahatlamadan co\u015fkulu kutlamalara kadar her durum i\u00e7in m\u00fckemmel bir ambiyans yaratabilirsiniz. Kolay kurulum i\u00e7in USB ile \u00e7al\u0131\u015f\u0131r ve oturma odan\u0131za, yatak odan\u0131za veya etkinlik alan\u0131n\u0131za sihirli, \u00f6zelle\u015ftirilebilir bir \u00e7ekicilik katar.<\/p>\n<p class=\"ds-markdown-paragraph translation-block\">D\u00fc\u011f\u00fcnler, partiler, Noel ve Y\u0131lba\u015f\u0131 i\u00e7in zarif bir dekorasyon olarak m\u00fckemmel olan bu \u0131\u015f\u0131klar, parlad\u0131klar\u0131 her yere s\u0131cakl\u0131k ve ne\u015fe kat\u0131yor. Her k\u00f6\u015feyi rahat ve r\u00fcya gibi bir mekana d\u00f6n\u00fc\u015ft\u00fcren \u00e7ok y\u00f6nl\u00fc ve g\u00f6z al\u0131c\u0131 bir aksesuar.<\/p>","protected":false},"excerpt":{"rendered":"<p>Introducing the AMill 96-LED Flexible Willow Vine Lights, a breathtaking fusion of natural artistry and enchanting illumination. This stunning piece features a gracefully crafted,\u00a0fully bendable birch vine\u00a0adorned with\u00a096 warm white and multicolor LEDs, allowing you to shape and design your own luminous tree or wall-mounted scene. With\u00a08 dynamic lighting modes\u2014including steady glow, twinkle, fade, and [&hellip;]<\/p>","protected":false},"featured_media":32898,"comment_status":"open","ping_status":"closed","template":"","meta":{"_monsterinsights_skip_tracking":false,"_monsterinsights_sitenote_active":false,"_monsterinsights_sitenote_note":"","_monsterinsights_sitenote_category":0},"product_brand":[],"product_cat":[15,134],"product_tag":[],"class_list":{"0":"post-32897","1":"product","2":"type-product","3":"status-publish","4":"has-post-thumbnail","6":"product_cat-uncategorized","7":"product_cat-lamps-led-lights","9":"first","10":"instock","11":"shipping-taxable","12":"purchasable","13":"product-type-simple"},"aioseo_notices":[],"_links":{"self":[{"href":"https:\/\/xn--kbrsglobalstore-7kcc.com\/tr\/wp-json\/wp\/v2\/product\/32897","targetHints":{"allow":["GET"]}}],"collection":[{"href":"https:\/\/xn--kbrsglobalstore-7kcc.com\/tr\/wp-json\/wp\/v2\/product"}],"about":[{"href":"https:\/\/xn--kbrsglobalstore-7kcc.com\/tr\/wp-json\/wp\/v2\/types\/product"}],"replies":[{"embeddable":true,"href":"https:\/\/xn--kbrsglobalstore-7kcc.com\/tr\/wp-json\/wp\/v2\/comments?post=32897"}],"wp:featuredmedia":[{"embeddable":true,"href":"https:\/\/xn--kbrsglobalstore-7kcc.com\/tr\/wp-json\/wp\/v2\/media\/32898"}],"wp:attachment":[{"href":"https:\/\/xn--kbrsglobalstore-7kcc.com\/tr\/wp-json\/wp\/v2\/media?parent=32897"}],"wp:term":[{"taxonomy":"product_brand","embeddable":true,"href":"https:\/\/xn--kbrsglobalstore-7kcc.com\/tr\/wp-json\/wp\/v2\/product_brand?post=32897"},{"taxonomy":"product_cat","embeddable":true,"href":"https:\/\/xn--kbrsglobalstore-7kcc.com\/tr\/wp-json\/wp\/v2\/product_cat?post=32897"},{"taxonomy":"product_tag","embeddable":true,"href":"https:\/\/xn--kbrsglobalstore-7kcc.com\/tr\/wp-json\/wp\/v2\/product_tag?post=32897"}],"curies":[{"name":"wp","href":"https:\/\/api.w.org\/{rel}","templated":true}]}}