{"id":32889,"date":"2025-12-12T20:35:52","date_gmt":"2025-12-12T20:35:52","guid":{"rendered":"https:\/\/xn--kbrsglobalstore-7kcc.com\/?post_type=product&#038;p=32889"},"modified":"2025-12-16T21:28:37","modified_gmt":"2025-12-16T21:28:37","slug":"1pc-essential-oil-aromatherapy-mist-diffuser-humidifier-with-color-changing-night-light-cold-mist-function-refresh-and-purify-your-room-with-a-soothing-atmosphere-humidifier-for-home-bedroom-li","status":"publish","type":"product","link":"https:\/\/xn--kbrsglobalstore-7kcc.com\/tr\/urun\/1pc-essential-oil-aromatherapy-mist-diffuser-humidifier-with-color-changing-night-light-cold-mist-function-refresh-and-purify-your-room-with-a-soothing-atmosphere-humidifier-for-home-bedroom-li\/","title":{"rendered":"Renk De\u011fi\u015ftiren Gece Lambal\u0131 Esansiyel Ya\u011fl\u0131 Aromaterapi Buhar Dif\u00fcz\u00f6r\u00fc ve Nemlendirici"},"content":{"rendered":"<div class=\"dad65929\">\n<div class=\"_4f9bf79 d7dc56a8 _43c05b5\">\n<div class=\"ds-message _63c77b1\">\n<div class=\"ds-markdown\">\n<p class=\"ds-markdown-paragraph translation-block\">Essential Oil Aromatherapy Mist Dif\u00fcz\u00f6r ve Nemlendirici ile evinizde sakin bir ortam yarat\u0131n. Bu \u015f\u0131k, \u00e7ift fonksiyonlu cihaz, kuru havay\u0131 do\u011fal olarak nemlendirirken ayn\u0131 zamanda en sevdi\u011finiz u\u00e7ucu ya\u011flar\u0131n terap\u00f6tik kokular\u0131n\u0131 yayarak mekan\u0131n\u0131z\u0131 ferahlat\u0131r ve ar\u0131nd\u0131r\u0131r.<\/p>\n<p class=\"ds-markdown-paragraph translation-block\">Dahili renk de\u011fi\u015ftiren LED gece lambas\u0131yla rahatlaman\u0131z\u0131 art\u0131r\u0131n; tek bir sakinle\u015ftirici renge veya ruh halinize uyacak \u015fekilde canl\u0131 renkler d\u00f6ng\u00fcs\u00fcne ayarlanabilen yumu\u015fak, d\u00f6nen bir \u0131\u015f\u0131k sunar. Ultra sessiz \u00e7al\u0131\u015fmas\u0131 ve modern, kompakt tasar\u0131m\u0131, yatak odan\u0131z\u0131n, oturma odan\u0131z\u0131n veya ofisinizin dekoruna m\u00fckemmel bir katk\u0131 sa\u011flar.<\/p>\n<p class=\"ds-markdown-paragraph translation-block\">Sadece bir nemlendirici olmaktan \u00e7ok daha fazlas\u0131; ambiyans, aroma ve konforu bir araya getiren estetik bir sa\u011fl\u0131k arac\u0131. Her oday\u0131 daha iyi uyku, odaklanma ve rahatlama i\u00e7in huzurlu bir mekana d\u00f6n\u00fc\u015ft\u00fcr\u00fcn.<\/p>\n<\/div>\n<\/div>\n<div class=\"ds-theme\"><\/div>\n<div class=\"ds-flex _0a3d93b\">\n<div class=\"ds-flex _965abe9 _54866f7\">\n<div class=\"db183363 ds-icon-button ds-icon-button--m ds-icon-button--sizing-container\" tabindex=\"0\" role=\"button\" aria-disabled=\"false\">\n<div class=\"ds-icon-button__hover-bg\"><\/div>\n<div class=\"ds-icon\"><\/div>\n<div class=\"ds-focus-ring\"><\/div>\n<\/div>\n<div class=\"db183363 ds-icon-button ds-icon-button--m ds-icon-button--sizing-container\" tabindex=\"0\" role=\"button\" aria-disabled=\"false\">\n<div class=\"ds-icon-button__hover-bg\"><\/div>\n<div class=\"ds-icon\"><\/div>\n<div class=\"ds-focus-ring\"><\/div>\n<\/div>\n<div class=\"db183363 ds-icon-button ds-icon-button--m ds-icon-button--sizing-container\" tabindex=\"0\" role=\"button\" aria-disabled=\"false\">\n<div class=\"ds-icon-button__hover-bg\"><\/div>\n<div class=\"ds-icon\"><\/div>\n<div class=\"ds-focus-ring\"><\/div>\n<\/div>\n<div class=\"db183363 ds-icon-button ds-icon-button--m ds-icon-button--sizing-container\" tabindex=\"0\" role=\"button\" aria-disabled=\"false\">\n<div class=\"ds-icon-button__hover-bg\"><\/div>\n<div class=\"ds-icon\"><\/div>\n<div class=\"ds-focus-ring\"><\/div>\n<\/div>\n<div class=\"db183363 ds-icon-button ds-icon-button--m ds-icon-button--sizing-container\" tabindex=\"0\" role=\"button\" aria-disabled=\"false\">\n<div class=\"ds-icon-button__hover-bg\"><\/div>\n<div class=\"ds-icon\"><\/div>\n<div class=\"ds-focus-ring\"><\/div>\n<\/div>\n<\/div>\n<div><\/div>\n<\/div>\n<\/div>\n<\/div>\n<div class=\"_871cbca\">\n<div class=\"d72636e2\"><\/div>\n<div class=\"aaff8b8f\">\n<div class=\"_77cefa5 _3d616d3\">\n<div class=\"_020ab5b\">\n<div class=\"_24fad49\">\n<div class=\"ds-scroll-area__gutters\">\n<div class=\"ds-scroll-area__horizontal-gutter\"><\/div>\n<div class=\"ds-scroll-area__vertical-gutter\"><\/div>\n<\/div>\n<\/div>\n<\/div>\n<\/div>\n<\/div>\n<\/div>","protected":false},"excerpt":{"rendered":"<p>Create a sanctuary of calm in your home with the Essential Oil Aromatherapy Mist Diffuser &amp; Humidifier. This sleek, dual-function device quietly releases a\u00a0fine, cool mist\u00a0to naturally humidify dry air while dispersing the therapeutic scents of your favorite\u00a0essential oils, refreshing and purifying your space. Enhance relaxation with its built-in\u00a0color-changing LED night light, offering a soft, [&hellip;]<\/p>","protected":false},"featured_media":32890,"comment_status":"open","ping_status":"closed","template":"","meta":{"_monsterinsights_skip_tracking":false,"_monsterinsights_sitenote_active":false,"_monsterinsights_sitenote_note":"","_monsterinsights_sitenote_category":0},"product_brand":[],"product_cat":[15,134],"product_tag":[],"class_list":{"0":"post-32889","1":"product","2":"type-product","3":"status-publish","4":"has-post-thumbnail","6":"product_cat-uncategorized","7":"product_cat-lamps-led-lights","9":"first","10":"instock","11":"shipping-taxable","12":"purchasable","13":"product-type-simple"},"aioseo_notices":[],"_links":{"self":[{"href":"https:\/\/xn--kbrsglobalstore-7kcc.com\/tr\/wp-json\/wp\/v2\/product\/32889","targetHints":{"allow":["GET"]}}],"collection":[{"href":"https:\/\/xn--kbrsglobalstore-7kcc.com\/tr\/wp-json\/wp\/v2\/product"}],"about":[{"href":"https:\/\/xn--kbrsglobalstore-7kcc.com\/tr\/wp-json\/wp\/v2\/types\/product"}],"replies":[{"embeddable":true,"href":"https:\/\/xn--kbrsglobalstore-7kcc.com\/tr\/wp-json\/wp\/v2\/comments?post=32889"}],"wp:featuredmedia":[{"embeddable":true,"href":"https:\/\/xn--kbrsglobalstore-7kcc.com\/tr\/wp-json\/wp\/v2\/media\/32890"}],"wp:attachment":[{"href":"https:\/\/xn--kbrsglobalstore-7kcc.com\/tr\/wp-json\/wp\/v2\/media?parent=32889"}],"wp:term":[{"taxonomy":"product_brand","embeddable":true,"href":"https:\/\/xn--kbrsglobalstore-7kcc.com\/tr\/wp-json\/wp\/v2\/product_brand?post=32889"},{"taxonomy":"product_cat","embeddable":true,"href":"https:\/\/xn--kbrsglobalstore-7kcc.com\/tr\/wp-json\/wp\/v2\/product_cat?post=32889"},{"taxonomy":"product_tag","embeddable":true,"href":"https:\/\/xn--kbrsglobalstore-7kcc.com\/tr\/wp-json\/wp\/v2\/product_tag?post=32889"}],"curies":[{"name":"wp","href":"https:\/\/api.w.org\/{rel}","templated":true}]}}