{"id":32836,"date":"2025-12-12T18:16:25","date_gmt":"2025-12-12T18:16:25","guid":{"rendered":"https:\/\/xn--kbrsglobalstore-7kcc.com\/?post_type=product&#038;p=32836"},"modified":"2025-12-15T11:42:28","modified_gmt":"2025-12-15T11:42:28","slug":"fashionable-matte-phone-case-for-iphone-models-11-12-13-14-15-16-pro-max-xr-xs-x-7-8-plus-and-se-2020","status":"publish","type":"product","link":"https:\/\/xn--kbrsglobalstore-7kcc.com\/tr\/urun\/fashionable-matte-phone-case-for-iphone-models-11-12-13-14-15-16-pro-max-xr-xs-x-7-8-plus-and-se-2020\/","title":{"rendered":"iPhone 11, 12, 13, 14, 15, 16 Pro Max, XR, XS, X, 7, 8 Plus ve SE 2020 modelleri i\u00e7in \u015f\u0131k mat telefon k\u0131l\u0131f\u0131."},"content":{"rendered":"<p class=\"ds-markdown-paragraph translation-block\">\u015e\u0131k ve sade bir tarzla cihaz\u0131n\u0131z\u0131 koruyun. P\u00fcr\u00fczs\u00fcz, kaymaz mat bir y\u00fczeye sahip olan bu k\u0131l\u0131f, parmak izlerine ve g\u00fcnl\u00fck lekelere kar\u015f\u0131 dayan\u0131kl\u0131 olup telefonunuzun her zaman ilk g\u00fcnk\u00fc gibi g\u00f6r\u00fcnmesini sa\u011flarken rahat bir tutu\u015f sunar.<\/p>\n<p class=\"ds-markdown-paragraph translation-block\">Klasik iPhone 7'den en yeni iPhone 16 Pro Max'e kadar \u00e7ok \u00e7e\u015fitli pop\u00fcler iPhone modelleriyle uyumlu olan bu k\u0131l\u0131f, korumadan \u00f6d\u00fcn vermeden t\u00fcm ba\u011flant\u0131 noktalar\u0131na, d\u00fc\u011fmelere ve kameralara kolay eri\u015fim i\u00e7in hassas kesimler sunar. \u0130nce profili, g\u00fcnl\u00fck darbelere ve \u00e7izilmelere kar\u015f\u0131 koruma sa\u011flarken minimum d\u00fczeyde kal\u0131nl\u0131k katar.<\/p>\n<p class=\"ds-markdown-paragraph translation-block\">Bu k\u0131l\u0131f sadece bir kalkan olmaktan \u00f6te, telefonunuzun tasar\u0131m\u0131n\u0131 temiz ve \u00e7a\u011fda\u015f bir g\u00f6r\u00fcn\u00fcmle tamamlayan modern bir aksesuard\u0131r. G\u00fcnl\u00fck kullan\u0131m i\u00e7in gerekli koruma ve \u015f\u0131k sadeli\u011fin m\u00fckemmel bir kar\u0131\u015f\u0131m\u0131d\u0131r.<\/p>","protected":false},"excerpt":{"rendered":"<p>Protect your device with sleek, understated style using the Fashionable Matte Phone Case. Designed with a\u00a0smooth, non-slip matte finish, this case provides a comfortable grip while resisting fingerprints and everyday smudges, keeping your phone looking pristine. Compatible with a wide range of\u00a0popular iPhone models, from the classic iPhone 7 to the latest iPhone 16 Pro [&hellip;]<\/p>","protected":false},"featured_media":32882,"comment_status":"open","ping_status":"closed","template":"","meta":{"_monsterinsights_skip_tracking":false,"_monsterinsights_sitenote_active":false,"_monsterinsights_sitenote_note":"","_monsterinsights_sitenote_category":0},"product_brand":[],"product_cat":[15,117],"product_tag":[],"class_list":{"0":"post-32836","1":"product","2":"type-product","3":"status-publish","4":"has-post-thumbnail","6":"product_cat-uncategorized","7":"product_cat-automotive","9":"first","10":"instock","11":"shipping-taxable","12":"purchasable","13":"product-type-simple"},"aioseo_notices":[],"_links":{"self":[{"href":"https:\/\/xn--kbrsglobalstore-7kcc.com\/tr\/wp-json\/wp\/v2\/product\/32836","targetHints":{"allow":["GET"]}}],"collection":[{"href":"https:\/\/xn--kbrsglobalstore-7kcc.com\/tr\/wp-json\/wp\/v2\/product"}],"about":[{"href":"https:\/\/xn--kbrsglobalstore-7kcc.com\/tr\/wp-json\/wp\/v2\/types\/product"}],"replies":[{"embeddable":true,"href":"https:\/\/xn--kbrsglobalstore-7kcc.com\/tr\/wp-json\/wp\/v2\/comments?post=32836"}],"wp:featuredmedia":[{"embeddable":true,"href":"https:\/\/xn--kbrsglobalstore-7kcc.com\/tr\/wp-json\/wp\/v2\/media\/32882"}],"wp:attachment":[{"href":"https:\/\/xn--kbrsglobalstore-7kcc.com\/tr\/wp-json\/wp\/v2\/media?parent=32836"}],"wp:term":[{"taxonomy":"product_brand","embeddable":true,"href":"https:\/\/xn--kbrsglobalstore-7kcc.com\/tr\/wp-json\/wp\/v2\/product_brand?post=32836"},{"taxonomy":"product_cat","embeddable":true,"href":"https:\/\/xn--kbrsglobalstore-7kcc.com\/tr\/wp-json\/wp\/v2\/product_cat?post=32836"},{"taxonomy":"product_tag","embeddable":true,"href":"https:\/\/xn--kbrsglobalstore-7kcc.com\/tr\/wp-json\/wp\/v2\/product_tag?post=32836"}],"curies":[{"name":"wp","href":"https:\/\/api.w.org\/{rel}","templated":true}]}}