{"id":32834,"date":"2025-12-12T18:12:00","date_gmt":"2025-12-12T18:12:00","guid":{"rendered":"https:\/\/xn--kbrsglobalstore-7kcc.com\/?post_type=product&#038;p=32834"},"modified":"2025-12-16T22:01:33","modified_gmt":"2025-12-16T22:01:33","slug":"phone-and-tablet-holder-with-360-full-rotation-adjustable-directional-angle-for-hands-free-use-sturdy-and-durable-suitable-for-lazy-bedside-table-mobile-mount-sleek-design-spiral-adjustable","status":"publish","type":"product","link":"https:\/\/xn--kbrsglobalstore-7kcc.com\/tr\/urun\/phone-and-tablet-holder-with-360-full-rotation-adjustable-directional-angle-for-hands-free-use-sturdy-and-durable-suitable-for-lazy-bedside-table-mobile-mount-sleek-design-spiral-adjustable\/","title":{"rendered":"360\u00b0 Tam D\u00f6nd\u00fcrme \u00d6zelli\u011fine ve Ayarlanabilir Y\u00f6n A\u00e7\u0131s\u0131na Sahip Telefon ve Tablet Tutucu, Eller Serbest Kullan\u0131m \u0130mkan\u0131 Sunar."},"content":{"rendered":"<p class=\"ds-markdown-paragraph translation-block\">360\u00b0 D\u00f6nebilen Telefon ve Tablet Tutucu ile eller serbest kullan\u0131m kolayl\u0131\u011f\u0131n\u0131n keyfini \u00e7\u0131kar\u0131n. Bu \u00e7ok y\u00f6nl\u00fc tutucu, tam 360\u00b0 d\u00f6n\u00fc\u015f ve ayarlanabilir y\u00f6n a\u00e7\u0131s\u0131 \u00f6zelliklerine sahiptir; b\u00f6ylece video izlerken, g\u00f6r\u00fcnt\u00fcl\u00fc g\u00f6r\u00fc\u015fme yaparken veya yemek tariflerini takip ederken cihaz\u0131n\u0131z\u0131 m\u00fckemmel bir g\u00f6r\u00fcnt\u00fcleme deneyimi i\u00e7in zahmetsizce konumland\u0131rabilirsiniz.<\/p>\n<p class=\"ds-markdown-paragraph translation-block\">Sa\u011flam ve dayan\u0131kl\u0131 spiral taban\u0131 ve g\u00fcvenli klipsli tutaca\u011f\u0131yla, ak\u0131ll\u0131 telefonlar ve \u00e7o\u011fu tablet i\u00e7in cihaz\u0131n\u0131z\u0131 \u00e7izmeden sabit bir tutu\u015f sa\u011flar. \u015e\u0131k, kompakt tasar\u0131m\u0131 ve rahat spiral ayarlama mekanizmas\u0131, onu gece ge\u00e7 saatlerde film izlemek i\u00e7in ideal bir ba\u015fucu sehpas\u0131 arkada\u015f\u0131, g\u00fcvenilir bir mutfak yard\u0131mc\u0131s\u0131 veya pratik bir masa d\u00fczenleyici yapar.<\/p>\n<p class=\"ds-markdown-paragraph translation-block\">Yatak odalar\u0131, mutfaklar, ofisler veya oturma odalar\u0131 i\u00e7in m\u00fckemmel olan bu tutucu, modern evler i\u00e7in olmazsa olmaz bir aksesuard\u0131r ve her senaryoda zahmetsiz ve esnek bir g\u00f6r\u00fcnt\u00fcleme imkan\u0131 sunar.<\/p>","protected":false},"excerpt":{"rendered":"<p>Enjoy ultimate hands-free convenience with the 360\u00b0 Rotating Phone &amp; Tablet Holder. This versatile mount features a\u00a0full 360\u00b0 rotation\u00a0and\u00a0adjustable directional angle, allowing you to effortlessly position your device for the perfect viewing experience whether you&#8217;re watching videos, making video calls, or following recipes. Built with a\u00a0sturdy, durable spiral base\u00a0and a secure clip grip, it ensures [&hellip;]<\/p>","protected":false},"featured_media":32872,"comment_status":"open","ping_status":"closed","template":"","meta":{"_monsterinsights_skip_tracking":false,"_monsterinsights_sitenote_active":false,"_monsterinsights_sitenote_note":"","_monsterinsights_sitenote_category":0},"product_brand":[],"product_cat":[15,117],"product_tag":[],"class_list":{"0":"post-32834","1":"product","2":"type-product","3":"status-publish","4":"has-post-thumbnail","6":"product_cat-uncategorized","7":"product_cat-automotive","9":"first","10":"instock","11":"shipping-taxable","12":"purchasable","13":"product-type-simple"},"aioseo_notices":[],"_links":{"self":[{"href":"https:\/\/xn--kbrsglobalstore-7kcc.com\/tr\/wp-json\/wp\/v2\/product\/32834","targetHints":{"allow":["GET"]}}],"collection":[{"href":"https:\/\/xn--kbrsglobalstore-7kcc.com\/tr\/wp-json\/wp\/v2\/product"}],"about":[{"href":"https:\/\/xn--kbrsglobalstore-7kcc.com\/tr\/wp-json\/wp\/v2\/types\/product"}],"replies":[{"embeddable":true,"href":"https:\/\/xn--kbrsglobalstore-7kcc.com\/tr\/wp-json\/wp\/v2\/comments?post=32834"}],"wp:featuredmedia":[{"embeddable":true,"href":"https:\/\/xn--kbrsglobalstore-7kcc.com\/tr\/wp-json\/wp\/v2\/media\/32872"}],"wp:attachment":[{"href":"https:\/\/xn--kbrsglobalstore-7kcc.com\/tr\/wp-json\/wp\/v2\/media?parent=32834"}],"wp:term":[{"taxonomy":"product_brand","embeddable":true,"href":"https:\/\/xn--kbrsglobalstore-7kcc.com\/tr\/wp-json\/wp\/v2\/product_brand?post=32834"},{"taxonomy":"product_cat","embeddable":true,"href":"https:\/\/xn--kbrsglobalstore-7kcc.com\/tr\/wp-json\/wp\/v2\/product_cat?post=32834"},{"taxonomy":"product_tag","embeddable":true,"href":"https:\/\/xn--kbrsglobalstore-7kcc.com\/tr\/wp-json\/wp\/v2\/product_tag?post=32834"}],"curies":[{"name":"wp","href":"https:\/\/api.w.org\/{rel}","templated":true}]}}