{"id":32833,"date":"2025-12-12T18:09:10","date_gmt":"2025-12-12T18:09:10","guid":{"rendered":"https:\/\/xn--kbrsglobalstore-7kcc.com\/?post_type=product&#038;p=32833"},"modified":"2025-12-16T22:01:23","modified_gmt":"2025-12-16T22:01:23","slug":"3-in-1-magnetic-wireless-charger-15w-foldable-wireless-charging-station-smarterwatch-airpod-3-in-1-magnetic-stand-dock-for-iphone-17-16-15-14-13-12-11-x-pro-max-pro-mini-plus-for-airpods-3-2-pro","status":"publish","type":"product","link":"https:\/\/xn--kbrsglobalstore-7kcc.com\/tr\/urun\/3-in-1-magnetic-wireless-charger-15w-foldable-wireless-charging-station-smarterwatch-airpod-3-in-1-magnetic-stand-dock-for-iphone-17-16-15-14-13-12-11-x-pro-max-pro-mini-plus-for-airpods-3-2-pro\/","title":{"rendered":"3'\u00fc 1 arada Manyetik Kablosuz \u015earj Cihaz\u0131, 15W Katlanabilir Kablosuz \u015earj \u0130stasyonu"},"content":{"rendered":"<p>Komodininizi d\u00fczenleyin ve 3'\u00fc 1 arada Manyetik Kablosuz \u015earj \u0130stasyonu ile temel cihazlar\u0131n\u0131z\u0131 ayn\u0131 anda \u015farj edin. Bu yenilik\u00e7i, katlanabilir hepsi bir arada \u015farj istasyonu, iPhone, Apple Watch ve AirPods'unuz i\u00e7in \u00f6zel manyetik \u015farj noktalar\u0131na sahiptir ve kompakt, yerden tasarruf sa\u011flayan bir tasar\u0131mda h\u0131zl\u0131 ve verimli g\u00fc\u00e7 sa\u011flar.<\/p>\n<p>G\u00fc\u00e7l\u00fc dahili m\u0131knat\u0131slar\u0131yla donat\u0131lm\u0131\u015f olan bu \u00fcr\u00fcn, en yeni iPhone modelleriniz (iPhone 12-17 Pro\/Max dahil) i\u00e7in m\u00fckemmel hizalama sa\u011flar ve Apple Watch (Ultra, Series 7-10, SE) ve AirPods (2, 3, Pro) i\u00e7in g\u00fcvenli bir \u015farj stand\u0131 g\u00f6revi g\u00f6r\u00fcr. 15W'a kadar h\u0131zl\u0131 kablosuz \u015farj \u00f6zelli\u011fiyle cihazlar\u0131n\u0131z\u0131 h\u0131zl\u0131 ve g\u00fcvenilir bir \u015fekilde \u015farj eder.<\/p>\n<p>\u015e\u0131k, katlanabilir yap\u0131s\u0131 sayesinde seyahatler veya evde ya da ofiste g\u00fcnl\u00fck kullan\u0131m i\u00e7in idealdir. Kablo karma\u015fas\u0131na daha ak\u0131ll\u0131 ve sade bir \u00e7\u00f6z\u00fcm sunan bu \u00fcr\u00fcn, Apple ekosistemini kullanan herkes i\u00e7in olmazsa olmaz bir aksesuard\u0131r.<\/p>","protected":false},"excerpt":{"rendered":"<p>Declutter your nightstand and power up your essentials simultaneously with the 3-in-1 Magnetic Wireless Charging Station. This innovative, foldable all-in-one dock features dedicated magnetic charging spots for your iPhone, Apple Watch, and AirPods, delivering fast, efficient power in a compact, space-saving design. Equipped with strong built-in magnets, it ensures perfect alignment for your latest iPhone [&hellip;]<\/p>","protected":false},"featured_media":32867,"comment_status":"open","ping_status":"closed","template":"","meta":{"_monsterinsights_skip_tracking":false,"_monsterinsights_sitenote_active":false,"_monsterinsights_sitenote_note":"","_monsterinsights_sitenote_category":0},"product_brand":[],"product_cat":[15,117],"product_tag":[],"class_list":{"0":"post-32833","1":"product","2":"type-product","3":"status-publish","4":"has-post-thumbnail","6":"product_cat-uncategorized","7":"product_cat-automotive","9":"first","10":"instock","11":"shipping-taxable","12":"purchasable","13":"product-type-simple"},"aioseo_notices":[],"_links":{"self":[{"href":"https:\/\/xn--kbrsglobalstore-7kcc.com\/tr\/wp-json\/wp\/v2\/product\/32833","targetHints":{"allow":["GET"]}}],"collection":[{"href":"https:\/\/xn--kbrsglobalstore-7kcc.com\/tr\/wp-json\/wp\/v2\/product"}],"about":[{"href":"https:\/\/xn--kbrsglobalstore-7kcc.com\/tr\/wp-json\/wp\/v2\/types\/product"}],"replies":[{"embeddable":true,"href":"https:\/\/xn--kbrsglobalstore-7kcc.com\/tr\/wp-json\/wp\/v2\/comments?post=32833"}],"wp:featuredmedia":[{"embeddable":true,"href":"https:\/\/xn--kbrsglobalstore-7kcc.com\/tr\/wp-json\/wp\/v2\/media\/32867"}],"wp:attachment":[{"href":"https:\/\/xn--kbrsglobalstore-7kcc.com\/tr\/wp-json\/wp\/v2\/media?parent=32833"}],"wp:term":[{"taxonomy":"product_brand","embeddable":true,"href":"https:\/\/xn--kbrsglobalstore-7kcc.com\/tr\/wp-json\/wp\/v2\/product_brand?post=32833"},{"taxonomy":"product_cat","embeddable":true,"href":"https:\/\/xn--kbrsglobalstore-7kcc.com\/tr\/wp-json\/wp\/v2\/product_cat?post=32833"},{"taxonomy":"product_tag","embeddable":true,"href":"https:\/\/xn--kbrsglobalstore-7kcc.com\/tr\/wp-json\/wp\/v2\/product_tag?post=32833"}],"curies":[{"name":"wp","href":"https:\/\/api.w.org\/{rel}","templated":true}]}}