{"id":32832,"date":"2025-12-12T18:06:53","date_gmt":"2025-12-12T18:06:53","guid":{"rendered":"https:\/\/xn--kbrsglobalstore-7kcc.com\/?post_type=product&#038;p=32832"},"modified":"2025-12-16T22:01:14","modified_gmt":"2025-12-16T22:01:14","slug":"4-in-1-magnetic-phone-holder-set-includes-holder-magic-ring-cleaning-cloth-rubber-pad-with-n52-strong-magnet-360-rotation-suitable-for-car-desk-compatible-with-iphone-android-ideal-for","status":"publish","type":"product","link":"https:\/\/xn--kbrsglobalstore-7kcc.com\/tr\/urun\/4-in-1-magnetic-phone-holder-set-includes-holder-magic-ring-cleaning-cloth-rubber-pad-with-n52-strong-magnet-360-rotation-suitable-for-car-desk-compatible-with-iphone-android-ideal-for\/","title":{"rendered":"4'\u00fc 1 arada Manyetik Telefon Tutucu Seti | Tutucu, Sihirli Halka, Temizlik Bezi ve Kau\u00e7uk Ped \u0130\u00e7erir"},"content":{"rendered":"<p class=\"ds-markdown-paragraph translation-block\">Teknoloji hayat\u0131n\u0131z\u0131 en \u00fcst d\u00fczey manyetik ba\u011flant\u0131 \u00e7\u00f6z\u00fcm\u00fcyle kolayla\u015ft\u0131r\u0131n. 4'\u00fc 1 arada Manyetik Telefon Tutucu Seti, \u00e7ok y\u00f6nl\u00fc bir manyetik tutucu, telefon k\u0131l\u0131f\u0131n\u0131z i\u00e7in gizli bir sihirli halka, yumu\u015fak bir temizleme bezi ve benzersiz tutma g\u00fcc\u00fc i\u00e7in g\u00fc\u00e7l\u00fc bir N52 s\u0131n\u0131f\u0131 m\u0131knat\u0131s i\u00e7eren kaymaz bir kau\u00e7uk ped i\u00e7erir.<\/p>\n<p class=\"ds-markdown-paragraph translation-block\">Tam 360\u00b0 d\u00f6nebilen bilyal\u0131 mafsal \u00f6zelli\u011fi sayesinde, telefonunuzu ister araban\u0131zda, ister masan\u0131zda, ister herhangi bir metal y\u00fczeye monte edilmi\u015f olsun, dikey veya yatay modda m\u00fckemmel g\u00f6r\u00fc\u015f a\u00e7\u0131s\u0131na zahmetsizce ayarlayabilirsiniz. Evrensel tasar\u0131m, hem iPhone hem de Android ak\u0131ll\u0131 telefonlarla uyumludur.<\/p>\n<p class=\"ds-markdown-paragraph translation-block\">Evde, ofiste veya seyahatte kullan\u0131m i\u00e7in m\u00fckemmel olan bu set, karma\u015fay\u0131 ortadan kald\u0131r\u0131r ve cihaz\u0131n\u0131za her yerde g\u00fcvenli ve rahat eri\u015fim sa\u011flar. Ak\u0131c\u0131 ve eller serbest bir deneyim i\u00e7in olmazsa olmaz bir aksesuar.<\/p>","protected":false},"excerpt":{"rendered":"<p>Simplify your tech life with the ultimate magnetic attachment solution. The 4-in-1 Magnetic Phone Holder Set includes a\u00a0versatile magnetic holder, a discreet\u00a0magic ring\u00a0for your phone case, a\u00a0soft cleaning cloth, and a\u00a0non-slip rubber pad\u00a0with a powerful\u00a0N52 grade magnet\u00a0for unparalleled holding strength. Featuring a\u00a0full 360\u00b0 rotation\u00a0ball joint, the holder allows you to effortlessly adjust your phone to [&hellip;]<\/p>","protected":false},"featured_media":32861,"comment_status":"open","ping_status":"closed","template":"","meta":{"_monsterinsights_skip_tracking":false,"_monsterinsights_sitenote_active":false,"_monsterinsights_sitenote_note":"","_monsterinsights_sitenote_category":0},"product_brand":[],"product_cat":[15,117],"product_tag":[],"class_list":{"0":"post-32832","1":"product","2":"type-product","3":"status-publish","4":"has-post-thumbnail","6":"product_cat-uncategorized","7":"product_cat-automotive","9":"first","10":"instock","11":"shipping-taxable","12":"purchasable","13":"product-type-simple"},"aioseo_notices":[],"_links":{"self":[{"href":"https:\/\/xn--kbrsglobalstore-7kcc.com\/tr\/wp-json\/wp\/v2\/product\/32832","targetHints":{"allow":["GET"]}}],"collection":[{"href":"https:\/\/xn--kbrsglobalstore-7kcc.com\/tr\/wp-json\/wp\/v2\/product"}],"about":[{"href":"https:\/\/xn--kbrsglobalstore-7kcc.com\/tr\/wp-json\/wp\/v2\/types\/product"}],"replies":[{"embeddable":true,"href":"https:\/\/xn--kbrsglobalstore-7kcc.com\/tr\/wp-json\/wp\/v2\/comments?post=32832"}],"wp:featuredmedia":[{"embeddable":true,"href":"https:\/\/xn--kbrsglobalstore-7kcc.com\/tr\/wp-json\/wp\/v2\/media\/32861"}],"wp:attachment":[{"href":"https:\/\/xn--kbrsglobalstore-7kcc.com\/tr\/wp-json\/wp\/v2\/media?parent=32832"}],"wp:term":[{"taxonomy":"product_brand","embeddable":true,"href":"https:\/\/xn--kbrsglobalstore-7kcc.com\/tr\/wp-json\/wp\/v2\/product_brand?post=32832"},{"taxonomy":"product_cat","embeddable":true,"href":"https:\/\/xn--kbrsglobalstore-7kcc.com\/tr\/wp-json\/wp\/v2\/product_cat?post=32832"},{"taxonomy":"product_tag","embeddable":true,"href":"https:\/\/xn--kbrsglobalstore-7kcc.com\/tr\/wp-json\/wp\/v2\/product_tag?post=32832"}],"curies":[{"name":"wp","href":"https:\/\/api.w.org\/{rel}","templated":true}]}}