{"id":32831,"date":"2025-12-12T18:04:03","date_gmt":"2025-12-12T18:04:03","guid":{"rendered":"https:\/\/xn--kbrsglobalstore-7kcc.com\/?post_type=product&#038;p=32831"},"modified":"2025-12-15T11:56:24","modified_gmt":"2025-12-15T11:56:24","slug":"retro-inspired-wireless-headphones-with-hifi-sound-deep-bass-350mah-long-lasting-battery-type-c-fast-charging-foldable-design-button-volume-control-ideal-for-music-sports-gaming-dj","status":"publish","type":"product","link":"https:\/\/xn--kbrsglobalstore-7kcc.com\/tr\/urun\/retro-inspired-wireless-headphones-with-hifi-sound-deep-bass-350mah-long-lasting-battery-type-c-fast-charging-foldable-design-button-volume-control-ideal-for-music-sports-gaming-dj\/","title":{"rendered":"Retro tarz\u0131 kablosuz kulakl\u0131klar, HiFi ses ve derin bas \u00f6zellikleriyle \u00f6ne \u00e7\u0131k\u0131yor \u2013 350mAh uzun \u00f6m\u00fcrl\u00fc pil, Type-C h\u0131zl\u0131 \u015farj, katlanabilir tasar\u0131m, d\u00fc\u011fmeli ses kontrol\u00fc \u2013 M\u00fczik, spor, oyun ve DJ'lik i\u00e7in ideal."},"content":{"rendered":"<p class=\"ds-markdown-paragraph translation-block\">Bu retro esintili kablosuz kulakl\u0131klarla klasik bir g\u00f6r\u00fcn\u00fcm\u00fc modern performansla birle\u015ftirin. Zamans\u0131z bir estetikle tasarlanan bu kulakl\u0131klar, net HiFi ses ve etkileyici derin bas ile g\u00fc\u00e7l\u00fc ses sunarak m\u00fczi\u011finizi, podcast'lerinizi ve oyunlar\u0131n\u0131z\u0131 ola\u011fan\u00fcst\u00fc bir netlikle hayata ge\u00e7iriyor.<\/p>\n<p class=\"ds-markdown-paragraph translation-block\">Hareketli ya\u015fam tarz\u0131 i\u00e7in tasarlanan bu kulakl\u0131klar, uzun \u00f6m\u00fcrl\u00fc 350 mAh pil ve Type-C h\u0131zl\u0131 \u015farj \u00f6zelli\u011finin yan\u0131 s\u0131ra kolay ta\u015f\u0131nabilirlik i\u00e7in kullan\u0131\u015fl\u0131 katlanabilir bir tasar\u0131ma sahiptir. Kulakl\u0131k \u00fczerindeki sezgisel d\u00fc\u011fme kontrolleri, telefonunuza uzanman\u0131za gerek kalmadan ses seviyesini, par\u00e7alar\u0131 ve aramalar\u0131 zahmetsizce y\u00f6netmenizi sa\u011flar.<\/p>\n<p class=\"ds-markdown-paragraph\">\u0130ster i\u015fe gidip gelirken, ister spor yaparken, oyun oynarken veya m\u00fczik mikslerken, bu kulakl\u0131klar stil, konfor ve y\u00fcksek kaliteli ses sunar. G\u00fcnl\u00fck kullan\u0131m i\u00e7in vintage cazibesi ve son teknoloji i\u015flevselli\u011finin m\u00fckemmel birle\u015fimi.<\/p>","protected":false},"excerpt":{"rendered":"<p>Embrace a classic look with modern performance using these Retro-Inspired Wireless Headphones. Designed with a timeless aesthetic, they deliver powerful audio with\u00a0crisp HiFi sound\u00a0and immersive\u00a0deep bass, bringing your music, podcasts, and games to life with remarkable clarity. Built for the on-the-go lifestyle, they feature a\u00a0long-lasting 350mAh battery\u00a0with\u00a0Type-C fast charging, and a\u00a0convenient foldable design\u00a0for easy portability. [&hellip;]<\/p>","protected":false},"featured_media":32856,"comment_status":"open","ping_status":"closed","template":"","meta":{"_monsterinsights_skip_tracking":false,"_monsterinsights_sitenote_active":false,"_monsterinsights_sitenote_note":"","_monsterinsights_sitenote_category":0},"product_brand":[],"product_cat":[15,117],"product_tag":[],"class_list":{"0":"post-32831","1":"product","2":"type-product","3":"status-publish","4":"has-post-thumbnail","6":"product_cat-uncategorized","7":"product_cat-automotive","9":"first","10":"instock","11":"shipping-taxable","12":"purchasable","13":"product-type-simple"},"aioseo_notices":[],"_links":{"self":[{"href":"https:\/\/xn--kbrsglobalstore-7kcc.com\/tr\/wp-json\/wp\/v2\/product\/32831","targetHints":{"allow":["GET"]}}],"collection":[{"href":"https:\/\/xn--kbrsglobalstore-7kcc.com\/tr\/wp-json\/wp\/v2\/product"}],"about":[{"href":"https:\/\/xn--kbrsglobalstore-7kcc.com\/tr\/wp-json\/wp\/v2\/types\/product"}],"replies":[{"embeddable":true,"href":"https:\/\/xn--kbrsglobalstore-7kcc.com\/tr\/wp-json\/wp\/v2\/comments?post=32831"}],"wp:featuredmedia":[{"embeddable":true,"href":"https:\/\/xn--kbrsglobalstore-7kcc.com\/tr\/wp-json\/wp\/v2\/media\/32856"}],"wp:attachment":[{"href":"https:\/\/xn--kbrsglobalstore-7kcc.com\/tr\/wp-json\/wp\/v2\/media?parent=32831"}],"wp:term":[{"taxonomy":"product_brand","embeddable":true,"href":"https:\/\/xn--kbrsglobalstore-7kcc.com\/tr\/wp-json\/wp\/v2\/product_brand?post=32831"},{"taxonomy":"product_cat","embeddable":true,"href":"https:\/\/xn--kbrsglobalstore-7kcc.com\/tr\/wp-json\/wp\/v2\/product_cat?post=32831"},{"taxonomy":"product_tag","embeddable":true,"href":"https:\/\/xn--kbrsglobalstore-7kcc.com\/tr\/wp-json\/wp\/v2\/product_tag?post=32831"}],"curies":[{"name":"wp","href":"https:\/\/api.w.org\/{rel}","templated":true}]}}