{"id":32830,"date":"2025-12-12T18:01:51","date_gmt":"2025-12-12T18:01:51","guid":{"rendered":"https:\/\/xn--kbrsglobalstore-7kcc.com\/?post_type=product&#038;p=32830"},"modified":"2025-12-16T22:00:42","modified_gmt":"2025-12-16T22:00:42","slug":"feng-yang-wireless-clip-on-microphone-for-type-c-smartphones-rechargeable-lithium-battery-plug-and-play-usb-charging-suitable-for-vlogging-and-podcasting-podcast-equipment-indoor-and-outdoor-vi","status":"publish","type":"product","link":"https:\/\/xn--kbrsglobalstore-7kcc.com\/tr\/urun\/feng-yang-wireless-clip-on-microphone-for-type-c-smartphones-rechargeable-lithium-battery-plug-and-play-usb-charging-suitable-for-vlogging-and-podcasting-podcast-equipment-indoor-and-outdoor-vi\/","title":{"rendered":"Feng Yang Kablosuz Klipsli Mikrofon (Type-C Ak\u0131ll\u0131 Telefonlar \u0130\u00e7in) \u2013 \u015earj Edilebilir Lityum Pil"},"content":{"rendered":"<p class=\"ds-markdown-paragraph translation-block\">Feng Yang Kablosuz Klipsli Mikrofon ile ses kalitenizi profesyonel bir netlikle y\u00fckseltin. Kusursuz entegrasyon i\u00e7in tasarlanan bu tak ve \u00e7al\u0131\u015ft\u0131r mikrofon, do\u011frudan Type-C ak\u0131ll\u0131 telefonunuza ba\u011flanarak kristal netli\u011finde vlog \u00e7ekimi, podcast yay\u0131nc\u0131l\u0131\u011f\u0131 ve i\u00e7 veya d\u0131\u015f mekan video kayd\u0131 i\u00e7in m\u00fckemmel bir ara\u00e7 haline gelir.<\/p>\n<p class=\"ds-markdown-paragraph translation-block\">Kompakt, klipsli tasar\u0131m\u0131 ve kullan\u0131\u015fl\u0131 USB \u015farj\u0131 ile \u015farj edilebilir lityum pili sayesinde, kablo karma\u015fas\u0131 veya s\u0131k pil de\u011fi\u015ftirme derdi olmadan uzun kay\u0131t seanslar\u0131 sunar. Kullan\u0131c\u0131 dostu \u00e7al\u0131\u015fma \u015fekli, ekipman y\u00f6netimiyle u\u011fra\u015fmak yerine i\u00e7erik olu\u015fturmaya odaklanman\u0131z\u0131 sa\u011flar.<\/p>\n<p class=\"ds-markdown-paragraph translation-block\">\u0130\u00e7erik \u00fcreticileri, r\u00f6portajc\u0131lar ve hareket halindeyken g\u00fcvenilir, y\u00fcksek kaliteli sese ihtiya\u00e7 duyan herkes i\u00e7in idealdir. M\u00fckemmel bir y\u0131lba\u015f\u0131 hediyesi veya arma\u011fan olacak kadar kompakt olan bu mikrofon, nerede olursan\u0131z olun st\u00fcdyo kalitesinde ses sunan, olmazsa olmaz bir podcast ekipman\u0131d\u0131r.<\/p>","protected":false},"excerpt":{"rendered":"<p>Elevate your audio with professional clarity using the Feng Yang Wireless Clip-On Microphone. Designed for seamless integration, this\u00a0plug-and-play microphone\u00a0connects directly to your\u00a0Type-C smartphone, making it the perfect tool for crystal-clear\u00a0vlogging, podcasting, and indoor or outdoor video recording. Featuring a\u00a0compact, clip-on design\u00a0and a\u00a0rechargeable lithium battery\u00a0with convenient USB charging, it offers long recording sessions without the hassle [&hellip;]<\/p>","protected":false},"featured_media":32851,"comment_status":"open","ping_status":"closed","template":"","meta":{"_monsterinsights_skip_tracking":false,"_monsterinsights_sitenote_active":false,"_monsterinsights_sitenote_note":"","_monsterinsights_sitenote_category":0},"product_brand":[],"product_cat":[15,117],"product_tag":[],"class_list":{"0":"post-32830","1":"product","2":"type-product","3":"status-publish","4":"has-post-thumbnail","6":"product_cat-uncategorized","7":"product_cat-automotive","9":"first","10":"instock","11":"shipping-taxable","12":"purchasable","13":"product-type-simple"},"aioseo_notices":[],"_links":{"self":[{"href":"https:\/\/xn--kbrsglobalstore-7kcc.com\/tr\/wp-json\/wp\/v2\/product\/32830","targetHints":{"allow":["GET"]}}],"collection":[{"href":"https:\/\/xn--kbrsglobalstore-7kcc.com\/tr\/wp-json\/wp\/v2\/product"}],"about":[{"href":"https:\/\/xn--kbrsglobalstore-7kcc.com\/tr\/wp-json\/wp\/v2\/types\/product"}],"replies":[{"embeddable":true,"href":"https:\/\/xn--kbrsglobalstore-7kcc.com\/tr\/wp-json\/wp\/v2\/comments?post=32830"}],"wp:featuredmedia":[{"embeddable":true,"href":"https:\/\/xn--kbrsglobalstore-7kcc.com\/tr\/wp-json\/wp\/v2\/media\/32851"}],"wp:attachment":[{"href":"https:\/\/xn--kbrsglobalstore-7kcc.com\/tr\/wp-json\/wp\/v2\/media?parent=32830"}],"wp:term":[{"taxonomy":"product_brand","embeddable":true,"href":"https:\/\/xn--kbrsglobalstore-7kcc.com\/tr\/wp-json\/wp\/v2\/product_brand?post=32830"},{"taxonomy":"product_cat","embeddable":true,"href":"https:\/\/xn--kbrsglobalstore-7kcc.com\/tr\/wp-json\/wp\/v2\/product_cat?post=32830"},{"taxonomy":"product_tag","embeddable":true,"href":"https:\/\/xn--kbrsglobalstore-7kcc.com\/tr\/wp-json\/wp\/v2\/product_tag?post=32830"}],"curies":[{"name":"wp","href":"https:\/\/api.w.org\/{rel}","templated":true}]}}