{"id":32829,"date":"2025-12-12T17:59:28","date_gmt":"2025-12-12T17:59:28","guid":{"rendered":"https:\/\/xn--kbrsglobalstore-7kcc.com\/?post_type=product&#038;p=32829"},"modified":"2025-12-15T12:03:32","modified_gmt":"2025-12-15T12:03:32","slug":"wireless-headphones-wireless-5-3-earphone-with-bass-stereo-sound-noise-canceling-microphone-and-led-display-in-ear-style-36-hours-of-playtime-suitable-for-laptop-tablets-mobile-phones-and-sports","status":"publish","type":"product","link":"https:\/\/xn--kbrsglobalstore-7kcc.com\/tr\/urun\/wireless-headphones-wireless-5-3-earphone-with-bass-stereo-sound-noise-canceling-microphone-and-led-display-in-ear-style-36-hours-of-playtime-suitable-for-laptop-tablets-mobile-phones-and-sports\/","title":{"rendered":"Kablosuz Kulakl\u0131k, 5.3 Vitesli Kablosuz Kulakl\u0131k, Bas Stereo Ses, G\u00fcr\u00fclt\u00fc Engelleme \u00d6zellikli Mikrofon ve LED Ekran, Kulak \u0130\u00e7i Tasar\u0131m, 36 Saat \u00c7alma S\u00fcresi, Diz\u00fcst\u00fc Bilgisayar, Tablet, Cep Telefonu ve Spor \u0130\u00e7in Uygun"},"content":{"rendered":"<p class=\"ds-markdown-paragraph translation-block\">Bu kablosuz 5.3 kulakl\u0131klarla kristal netli\u011finde sesin keyfini \u00e7\u0131kar\u0131n. En yeni Bluetooth 5.3 teknolojisine sahip olan bu kulakl\u0131klar, ister \u00e7al\u0131\u015f\u0131rken, ister egzersiz yaparken, ister dinlenirken ola\u011fan\u00fcst\u00fc bir dinleme deneyimi i\u00e7in istikrarl\u0131, sorunsuz bir ba\u011flant\u0131 ve zengin bas stereo ses sunar.<\/p>\n<p class=\"ds-markdown-paragraph translation-block\">Kullan\u0131m kolayl\u0131\u011f\u0131 ve netlik i\u00e7in tasarlanan bu kulakl\u0131klar, net g\u00f6r\u00fc\u015fmeler i\u00e7in dahili g\u00fcr\u00fclt\u00fc \u00f6nleyici mikrofona ve \u015farj kutusunda bulunan benzersiz LED g\u00fc\u00e7 g\u00f6stergesine sahiptir, b\u00f6ylece pil durumunuzu her zaman bilirsiniz. Etkileyici toplam 36 saatlik kullan\u0131m s\u00fcresiyle (\u015farj kutusu dahil), uzun g\u00fcnler ve seyahatler i\u00e7in m\u00fckemmeldirler.<\/p>\n<p class=\"ds-markdown-paragraph translation-block\">Kulak i\u00e7i g\u00fcvenli tasar\u0131mlar\u0131, spor ve aktif ya\u015fam tarzlar\u0131 i\u00e7in idealdir; evrensel uyumluluklar\u0131 ise diz\u00fcst\u00fc bilgisayarlar, tabletler ve cep telefonlar\u0131 i\u00e7in uygun olmalar\u0131n\u0131 sa\u011flar. G\u00fcnl\u00fck kullan\u0131m i\u00e7in \u00e7ok y\u00f6nl\u00fc, y\u00fcksek performansl\u0131 bir ses \u00e7\u00f6z\u00fcm\u00fc.<\/p>","protected":false},"excerpt":{"rendered":"<p>Immerse yourself in crystal-clear audio with these Wireless 5.3 Headphones. Featuring the latest\u00a0Bluetooth 5.3 technology, they deliver a stable, seamless connection and rich\u00a0bass stereo sound\u00a0for an exceptional listening experience whether you&#8217;re working, working out, or relaxing. Designed for convenience and clarity, they include a\u00a0built-in noise-canceling microphone\u00a0for crisp calls and a unique\u00a0LED power display\u00a0on the charging [&hellip;]<\/p>","protected":false},"featured_media":32847,"comment_status":"open","ping_status":"closed","template":"","meta":{"_monsterinsights_skip_tracking":false,"_monsterinsights_sitenote_active":false,"_monsterinsights_sitenote_note":"","_monsterinsights_sitenote_category":0},"product_brand":[],"product_cat":[15,117],"product_tag":[],"class_list":{"0":"post-32829","1":"product","2":"type-product","3":"status-publish","4":"has-post-thumbnail","6":"product_cat-uncategorized","7":"product_cat-automotive","9":"first","10":"instock","11":"shipping-taxable","12":"purchasable","13":"product-type-simple"},"aioseo_notices":[],"_links":{"self":[{"href":"https:\/\/xn--kbrsglobalstore-7kcc.com\/tr\/wp-json\/wp\/v2\/product\/32829","targetHints":{"allow":["GET"]}}],"collection":[{"href":"https:\/\/xn--kbrsglobalstore-7kcc.com\/tr\/wp-json\/wp\/v2\/product"}],"about":[{"href":"https:\/\/xn--kbrsglobalstore-7kcc.com\/tr\/wp-json\/wp\/v2\/types\/product"}],"replies":[{"embeddable":true,"href":"https:\/\/xn--kbrsglobalstore-7kcc.com\/tr\/wp-json\/wp\/v2\/comments?post=32829"}],"wp:featuredmedia":[{"embeddable":true,"href":"https:\/\/xn--kbrsglobalstore-7kcc.com\/tr\/wp-json\/wp\/v2\/media\/32847"}],"wp:attachment":[{"href":"https:\/\/xn--kbrsglobalstore-7kcc.com\/tr\/wp-json\/wp\/v2\/media?parent=32829"}],"wp:term":[{"taxonomy":"product_brand","embeddable":true,"href":"https:\/\/xn--kbrsglobalstore-7kcc.com\/tr\/wp-json\/wp\/v2\/product_brand?post=32829"},{"taxonomy":"product_cat","embeddable":true,"href":"https:\/\/xn--kbrsglobalstore-7kcc.com\/tr\/wp-json\/wp\/v2\/product_cat?post=32829"},{"taxonomy":"product_tag","embeddable":true,"href":"https:\/\/xn--kbrsglobalstore-7kcc.com\/tr\/wp-json\/wp\/v2\/product_tag?post=32829"}],"curies":[{"name":"wp","href":"https:\/\/api.w.org\/{rel}","templated":true}]}}