{"id":32827,"date":"2025-12-12T17:57:20","date_gmt":"2025-12-12T17:57:20","guid":{"rendered":"https:\/\/xn--kbrsglobalstore-7kcc.com\/?post_type=product&#038;p=32827"},"modified":"2025-12-16T22:00:30","modified_gmt":"2025-12-16T22:00:30","slug":"24000mah-large-capacity-mobile-power-supply-led-power-display-type-c-fast-charging-usb-micro-interface-super-fast-charging-power-bank-suitable-for-charging-mobile-phones-of-all-brands-outdoor-re","status":"publish","type":"product","link":"https:\/\/xn--kbrsglobalstore-7kcc.com\/tr\/urun\/24000mah-large-capacity-mobile-power-supply-led-power-display-type-c-fast-charging-usb-micro-interface-super-fast-charging-power-bank-suitable-for-charging-mobile-phones-of-all-brands-outdoor-re\/","title":{"rendered":"24000mAh Y\u00fcksek Kapasiteli Ta\u015f\u0131nabilir G\u00fc\u00e7 Kayna\u011f\u0131, LED G\u00fc\u00e7 G\u00f6stergesi, Type-C H\u0131zl\u0131 \u015earj"},"content":{"rendered":"<div class=\"ds-message _63c77b1\">\n<div class=\"ds-markdown\">\n<p class=\"ds-markdown-paragraph translation-block\">24000mAh B\u00fcy\u00fck Kapasiteli Power Bank ile bir daha asla g\u00fc\u00e7s\u00fcz kalmay\u0131n; bu, ta\u015f\u0131nabilir \u015farj i\u00e7in en \u00fcst\u00fcn \u00e7\u00f6z\u00fcm\u00fcn\u00fcz. Bu y\u00fcksek kapasiteli batarya paketi, kalan \u015farj\u0131 tam olarak g\u00f6steren net bir LED g\u00fc\u00e7 g\u00f6stergesiyle donat\u0131lm\u0131\u015ft\u0131r, b\u00f6ylece asla haz\u0131rl\u0131ks\u0131z yakalanmazs\u0131n\u0131z.<\/p>\n<p class=\"ds-markdown-paragraph translation-block\"><strong>Type-C h\u0131zl\u0131 \u015farj<\/strong> ve <strong>USB ve Micro aray\u00fczleri<\/strong> dahil olmak \u00fczere birden fazla \u00e7\u0131k\u0131\u015f portuna sahip olan bu \u00fcr\u00fcn, <strong>t\u00fcm marka cep telefonlar\u0131yla<\/strong> uyumlu <strong>s\u00fcper h\u0131zl\u0131 \u015farj h\u0131zlar\u0131<\/strong> sunar. Sa\u011flam kapasitesi, cihazlar\u0131n\u0131z i\u00e7in birden fazla tam \u015farj sa\u011flayarak uzun yolculuklar, a\u00e7\u0131k hava maceralar\u0131 veya <strong>acil durum yedek g\u00fc\u00e7 kayna\u011f\u0131<\/strong> olarak kullan\u0131m i\u00e7in m\u00fckemmeldir.<\/p>\n<p class=\"ds-markdown-paragraph translation-block\">Dayan\u0131kl\u0131 ve g\u00fcvenilir olan bu \u00e7\u0131kar\u0131labilir pil paketi, seyahat, i\u015f ve g\u00fcnl\u00fck ya\u015fam i\u00e7in vazge\u00e7ilmez bir ara\u00e7t\u0131r. Pratik ve d\u00fc\u015f\u00fcnceli bir hediye olarak paketlenmi\u015f olan bu \u00fcr\u00fcn, nereye giderseniz gidin ba\u011flant\u0131da kalman\u0131z\u0131 sa\u011flayan g\u00fc\u00e7l\u00fc bir yol arkada\u015f\u0131d\u0131r.<\/p>\n<\/div>\n<\/div>\n<div class=\"ds-theme\"><\/div>\n<div class=\"ds-flex _0a3d93b\">\n<div class=\"ds-flex _965abe9\">\n<div class=\"db183363 ds-icon-button ds-icon-button--m ds-icon-button--sizing-container\" tabindex=\"0\" role=\"button\" aria-disabled=\"false\">\n<div class=\"ds-icon-button__hover-bg\"><\/div>\n<div class=\"ds-icon\"><\/div>\n<div class=\"ds-focus-ring\"><\/div>\n<\/div>\n<div class=\"db183363 ds-icon-button ds-icon-button--m ds-icon-button--sizing-container ds-icon-button--disabled\" role=\"button\" aria-disabled=\"true\">\n<div class=\"ds-icon\"><\/div>\n<div class=\"ds-focus-ring\"><\/div>\n<\/div>\n<div class=\"db183363 ds-icon-button ds-icon-button--m ds-icon-button--sizing-container\" tabindex=\"0\" role=\"button\" aria-disabled=\"false\">\n<div class=\"ds-icon-button__hover-bg\"><\/div>\n<div class=\"ds-icon\"><\/div>\n<div class=\"ds-focus-ring\"><\/div>\n<\/div>\n<div class=\"db183363 ds-icon-button ds-icon-button--m ds-icon-button--sizing-container\" tabindex=\"0\" role=\"button\" aria-disabled=\"false\">\n<div class=\"ds-icon-button__hover-bg\"><\/div>\n<div class=\"ds-icon\"><\/div>\n<div class=\"ds-focus-ring\"><\/div>\n<\/div>\n<div class=\"db183363 ds-icon-button ds-icon-button--m ds-icon-button--sizing-container\" tabindex=\"0\" role=\"button\" aria-disabled=\"false\">\n<div class=\"ds-icon-button__hover-bg\"><\/div>\n<div class=\"ds-icon\"><\/div>\n<\/div>\n<\/div>\n<\/div>","protected":false},"excerpt":{"rendered":"<p>Never run out of power again with the 24000mAh Large-Capacity Power Bank, your ultimate portable charging solution. This high-capacity battery pack is equipped with a clear\u00a0LED power display\u00a0that shows the exact remaining charge, so you\u2019re never caught off guard. Featuring\u00a0Type-C fast charging\u00a0and multiple output ports, including\u00a0USB and Micro interfaces, it delivers\u00a0super-fast charging speeds\u00a0compatible with\u00a0mobile phones [&hellip;]<\/p>","protected":false},"featured_media":32842,"comment_status":"open","ping_status":"closed","template":"","meta":{"_monsterinsights_skip_tracking":false,"_monsterinsights_sitenote_active":false,"_monsterinsights_sitenote_note":"","_monsterinsights_sitenote_category":0},"product_brand":[],"product_cat":[15,117],"product_tag":[],"class_list":{"0":"post-32827","1":"product","2":"type-product","3":"status-publish","4":"has-post-thumbnail","6":"product_cat-uncategorized","7":"product_cat-automotive","9":"first","10":"instock","11":"shipping-taxable","12":"purchasable","13":"product-type-simple"},"aioseo_notices":[],"_links":{"self":[{"href":"https:\/\/xn--kbrsglobalstore-7kcc.com\/tr\/wp-json\/wp\/v2\/product\/32827","targetHints":{"allow":["GET"]}}],"collection":[{"href":"https:\/\/xn--kbrsglobalstore-7kcc.com\/tr\/wp-json\/wp\/v2\/product"}],"about":[{"href":"https:\/\/xn--kbrsglobalstore-7kcc.com\/tr\/wp-json\/wp\/v2\/types\/product"}],"replies":[{"embeddable":true,"href":"https:\/\/xn--kbrsglobalstore-7kcc.com\/tr\/wp-json\/wp\/v2\/comments?post=32827"}],"wp:featuredmedia":[{"embeddable":true,"href":"https:\/\/xn--kbrsglobalstore-7kcc.com\/tr\/wp-json\/wp\/v2\/media\/32842"}],"wp:attachment":[{"href":"https:\/\/xn--kbrsglobalstore-7kcc.com\/tr\/wp-json\/wp\/v2\/media?parent=32827"}],"wp:term":[{"taxonomy":"product_brand","embeddable":true,"href":"https:\/\/xn--kbrsglobalstore-7kcc.com\/tr\/wp-json\/wp\/v2\/product_brand?post=32827"},{"taxonomy":"product_cat","embeddable":true,"href":"https:\/\/xn--kbrsglobalstore-7kcc.com\/tr\/wp-json\/wp\/v2\/product_cat?post=32827"},{"taxonomy":"product_tag","embeddable":true,"href":"https:\/\/xn--kbrsglobalstore-7kcc.com\/tr\/wp-json\/wp\/v2\/product_tag?post=32827"}],"curies":[{"name":"wp","href":"https:\/\/api.w.org\/{rel}","templated":true}]}}