{"id":32826,"date":"2025-12-12T17:55:50","date_gmt":"2025-12-12T17:55:50","guid":{"rendered":"https:\/\/xn--kbrsglobalstore-7kcc.com\/?post_type=product&#038;p=32826"},"modified":"2025-12-15T12:08:25","modified_gmt":"2025-12-15T12:08:25","slug":"lenovo-k3-pro-portable-speaker-with-hifi-stereo-sound-c-fast-operation-compact-speaker-system-for-travel-outdoor-pc-tv-smartphone-compatible-with-lenovo-smartphones-no-charger","status":"publish","type":"product","link":"https:\/\/xn--kbrsglobalstore-7kcc.com\/tr\/urun\/lenovo-k3-pro-portable-speaker-with-hifi-stereo-sound-c-fast-operation-compact-speaker-system-for-travel-outdoor-pc-tv-smartphone-compatible-with-lenovo-smartphones-no-charger\/","title":{"rendered":"Lenovo K3 PRO Ta\u015f\u0131nabilir Hoparl\u00f6r, HiFi Stereo Ses, H\u0131zl\u0131 \u00c7al\u0131\u015fma ve Kompakt Hoparl\u00f6r Sistemi - Seyahat, D\u0131\u015f Mekan, PC, TV, Ak\u0131ll\u0131 Telefonlar i\u00e7in Uygun - Lenovo Ak\u0131ll\u0131 Telefonlarla Uyumlu (\u015earj Cihaz\u0131 Dahil De\u011fil)"},"content":{"rendered":"<div class=\"ds-message _63c77b1\">\n<div class=\"ds-markdown\">\n<p class=\"ds-markdown-paragraph translation-block\">Lenovo K3 PRO Ta\u015f\u0131nabilir Hoparl\u00f6r ile hareket halindeyken zengin ve etkileyici ses deneyimini ya\u015fay\u0131n. Kullan\u0131\u015fl\u0131l\u0131k ve performans i\u00e7in tasarlanan bu kompakt hoparl\u00f6r, net tizler ve derin baslarla g\u00fc\u00e7l\u00fc HiFi stereo ses sunarak m\u00fcziklerinizi, podcast'lerinizi ve aramalar\u0131n\u0131z\u0131 zenginle\u015ftirmek i\u00e7in m\u00fckemmeldir.<\/p>\n<p class=\"ds-markdown-paragraph translation-block\"><strong>Bluetooth 5.0 ile istikrarl\u0131, kablosuz ba\u011flant\u0131<\/strong> ve <strong>USB Type-C portu ile h\u0131zl\u0131 \u015farj<\/strong> sunan bu \u00fcr\u00fcn, h\u0131zl\u0131 g\u00fc\u00e7 art\u0131\u015f\u0131 ve uzun kullan\u0131m s\u00fcresi sa\u011flar. <strong>\u015e\u0131k ve hafif yap\u0131s\u0131<\/strong>, seyahatlerinizde, a\u00e7\u0131k hava etkinliklerinde veya PC, TV veya ak\u0131ll\u0131 telefonunuzla masa\u00fcst\u00fc kullan\u0131m\u0131nda<\/strong> ideal bir yol arkada\u015f\u0131 olmas\u0131n\u0131 sa\u011flar.<\/p>\n<p class=\"ds-markdown-paragraph translation-block\">Lenovo ak\u0131ll\u0131 telefonlarla uyumluluk i\u00e7in \u00f6zel olarak optimize edilmi\u015f olan bu \u00fcr\u00fcn, kusursuz e\u015fle\u015ftirme ve \u00fcst\u00fcn ses senkronizasyonu sa\u011flar. Yan\u0131n\u0131zda ta\u015f\u0131d\u0131\u011f\u0131n\u0131z her yerde, k\u00fc\u00e7\u00fck boyutundan b\u00fcy\u00fck ses sunmaya haz\u0131r.<\/p>\n<\/div>\n<\/div>\n<div class=\"ds-theme\"><\/div>\n<div class=\"ds-flex _0a3d93b\">\n<div class=\"ds-flex _965abe9 _54866f7\">\n<div class=\"db183363 ds-icon-button ds-icon-button--m ds-icon-button--sizing-container\" tabindex=\"0\" role=\"button\" aria-disabled=\"false\">\n<div class=\"ds-icon-button__hover-bg\"><\/div>\n<div class=\"ds-icon\"><\/div>\n<div class=\"ds-focus-ring\"><\/div>\n<\/div>\n<div class=\"db183363 ds-icon-button ds-icon-button--m ds-icon-button--sizing-container\" tabindex=\"0\" role=\"button\" aria-disabled=\"false\">\n<div class=\"ds-icon-button__hover-bg\"><\/div>\n<div class=\"ds-icon\"><\/div>\n<div class=\"ds-focus-ring\"><\/div>\n<\/div>\n<div class=\"db183363 ds-icon-button ds-icon-button--m ds-icon-button--sizing-container\" tabindex=\"0\" role=\"button\" aria-disabled=\"false\">\n<div class=\"ds-icon-button__hover-bg\"><\/div>\n<div class=\"ds-icon\"><\/div>\n<div class=\"ds-focus-ring\"><\/div>\n<\/div>\n<div class=\"db183363 ds-icon-button ds-icon-button--m ds-icon-button--sizing-container\" tabindex=\"0\" role=\"button\" aria-disabled=\"false\">\n<div class=\"ds-icon-button__hover-bg\"><\/div>\n<div class=\"ds-icon\"><\/div>\n<div class=\"ds-focus-ring\"><\/div>\n<\/div>\n<div class=\"db183363 ds-icon-button ds-icon-button--m ds-icon-button--sizing-container\" tabindex=\"0\" role=\"button\" aria-disabled=\"false\">\n<div class=\"ds-icon-button__hover-bg\"><\/div>\n<div class=\"ds-icon\"><\/div>\n<\/div>\n<\/div>\n<\/div>","protected":false},"excerpt":{"rendered":"<p>Experience rich, immersive audio on the go with the Lenovo K3 PRO Portable Speaker. Designed for convenience and performance, this compact speaker delivers\u00a0powerful HiFi stereo sound\u00a0with clear highs and deep bass, perfect for enhancing your music, podcasts, and calls. Featuring\u00a0Bluetooth 5.0 for stable, wireless connectivity\u00a0and a\u00a0USB Type-C port for fast charging, it offers quick power-ups [&hellip;]<\/p>","protected":false},"featured_media":32838,"comment_status":"open","ping_status":"closed","template":"","meta":{"_monsterinsights_skip_tracking":false,"_monsterinsights_sitenote_active":false,"_monsterinsights_sitenote_note":"","_monsterinsights_sitenote_category":0},"product_brand":[],"product_cat":[15,117],"product_tag":[],"class_list":{"0":"post-32826","1":"product","2":"type-product","3":"status-publish","4":"has-post-thumbnail","6":"product_cat-uncategorized","7":"product_cat-automotive","9":"first","10":"instock","11":"shipping-taxable","12":"purchasable","13":"product-type-simple"},"aioseo_notices":[],"_links":{"self":[{"href":"https:\/\/xn--kbrsglobalstore-7kcc.com\/tr\/wp-json\/wp\/v2\/product\/32826","targetHints":{"allow":["GET"]}}],"collection":[{"href":"https:\/\/xn--kbrsglobalstore-7kcc.com\/tr\/wp-json\/wp\/v2\/product"}],"about":[{"href":"https:\/\/xn--kbrsglobalstore-7kcc.com\/tr\/wp-json\/wp\/v2\/types\/product"}],"replies":[{"embeddable":true,"href":"https:\/\/xn--kbrsglobalstore-7kcc.com\/tr\/wp-json\/wp\/v2\/comments?post=32826"}],"wp:featuredmedia":[{"embeddable":true,"href":"https:\/\/xn--kbrsglobalstore-7kcc.com\/tr\/wp-json\/wp\/v2\/media\/32838"}],"wp:attachment":[{"href":"https:\/\/xn--kbrsglobalstore-7kcc.com\/tr\/wp-json\/wp\/v2\/media?parent=32826"}],"wp:term":[{"taxonomy":"product_brand","embeddable":true,"href":"https:\/\/xn--kbrsglobalstore-7kcc.com\/tr\/wp-json\/wp\/v2\/product_brand?post=32826"},{"taxonomy":"product_cat","embeddable":true,"href":"https:\/\/xn--kbrsglobalstore-7kcc.com\/tr\/wp-json\/wp\/v2\/product_cat?post=32826"},{"taxonomy":"product_tag","embeddable":true,"href":"https:\/\/xn--kbrsglobalstore-7kcc.com\/tr\/wp-json\/wp\/v2\/product_tag?post=32826"}],"curies":[{"name":"wp","href":"https:\/\/api.w.org\/{rel}","templated":true}]}}