{"id":32758,"date":"2025-12-12T01:03:45","date_gmt":"2025-12-12T01:03:45","guid":{"rendered":"https:\/\/xn--kbrsglobalstore-7kcc.com\/?post_type=product&#038;p=32758"},"modified":"2025-12-16T22:00:10","modified_gmt":"2025-12-16T22:00:10","slug":"2-tier-stainless-steel-dish-drying-rack-with-drainboard-adjustable-rotatable-dish-drainer-utensil-cup-holder-space-saving-kitchen-counter-organizer-for-efficient-drying-efficient-water-drainage","status":"publish","type":"product","link":"https:\/\/xn--kbrsglobalstore-7kcc.com\/tr\/urun\/2-tier-stainless-steel-dish-drying-rack-with-drainboard-adjustable-rotatable-dish-drainer-utensil-cup-holder-space-saving-kitchen-counter-organizer-for-efficient-drying-efficient-water-drainage\/","title":{"rendered":"2 Katl\u0131 Paslanmaz \u00c7elik Bula\u015f\u0131k Kurutma Raf\u0131 ve S\u00fczge\u00e7li \u2013 Ayarlanabilir ve D\u00f6nd\u00fcr\u00fclebilir Bula\u015f\u0131k S\u00fczgeci"},"content":{"rendered":"<p class=\"ds-markdown-paragraph translation-block\">2 Katl\u0131 Paslanmaz \u00c7elik Bula\u015f\u0131k Kurutma Raf\u0131 ile mutfa\u011f\u0131n\u0131z\u0131n verimlili\u011fini ve tezgah alan\u0131n\u0131 en \u00fcst d\u00fczeye \u00e7\u0131kar\u0131n. Bu ak\u0131ll\u0131 d\u00fczenleyici, tabaklar, kaseler, bardaklar ve mutfak e\u015fyalar\u0131 i\u00e7in geni\u015f alan sa\u011flayan ve ayn\u0131 zamanda etkili hava sirk\u00fclasyonu ve h\u0131zl\u0131 su tahliyesi sa\u011flayan geni\u015f, entegre bir s\u00fczme tablas\u0131 ve ayarlanabilir, d\u00f6nd\u00fcr\u00fclebilir \u00fcst katlara sahiptir.<\/p>\n<p class=\"ds-markdown-paragraph translation-block\">Paslanmaz \u00e7elikten \u00fcretilen bu \u00fcr\u00fcn, dayan\u0131kl\u0131l\u0131k ve her mutfak dekoruna uyum sa\u011flayan \u015f\u0131k, modern bir g\u00f6r\u00fcn\u00fcm sunar. \u00d6zenle tasarlanm\u0131\u015f yap\u0131s\u0131, her \u015feyi d\u00fczenli ve el alt\u0131nda tutmak i\u00e7in \u00f6zel b\u0131\u00e7ak yuvalar\u0131, mutfak gere\u00e7leri tutucular\u0131 ve bardak ask\u0131lar\u0131 i\u00e7erir.<\/p>\n<p class=\"ds-markdown-paragraph translation-block\">Yer tasarrufu sa\u011flayan ve son derece i\u015flevsel olan bu bula\u015f\u0131k kurutma raf\u0131, lavabo alan\u0131n\u0131z\u0131 d\u00fczenli ve verimli bir b\u00f6lgeye d\u00f6n\u00fc\u015ft\u00fcr\u00fcr. Her y\u0131kamadan sonra mutfak tezgah\u0131n\u0131z\u0131 temiz, kuru ve da\u011f\u0131n\u0131kl\u0131ktan uzak tutmak i\u00e7in m\u00fckemmel bir \u00e7\u00f6z\u00fcmd\u00fcr.<\/p>","protected":false},"excerpt":{"rendered":"<p>Maximize your kitchen&#8217;s efficiency and counter space with the 2-Tier Stainless Steel Dish Drying Rack. This smart organizer features a\u00a0spacious, integrated drainboard\u00a0and\u00a0adjustable, rotatable upper tiers\u00a0that provide ample room for plates, bowls, cups, and utensils while ensuring efficient air circulation and\u00a0rapid water drainage. Constructed from\u00a0rust-resistant, high-quality stainless steel, it offers durability and a sleek, modern look [&hellip;]<\/p>","protected":false},"featured_media":32818,"comment_status":"open","ping_status":"closed","template":"","meta":{"_monsterinsights_skip_tracking":false,"_monsterinsights_sitenote_active":false,"_monsterinsights_sitenote_note":"","_monsterinsights_sitenote_category":0},"product_brand":[],"product_cat":[15,136],"product_tag":[],"class_list":{"0":"post-32758","1":"product","2":"type-product","3":"status-publish","4":"has-post-thumbnail","6":"product_cat-uncategorized","7":"product_cat-kitchen-dining","9":"first","10":"instock","11":"shipping-taxable","12":"purchasable","13":"product-type-simple"},"aioseo_notices":[],"_links":{"self":[{"href":"https:\/\/xn--kbrsglobalstore-7kcc.com\/tr\/wp-json\/wp\/v2\/product\/32758","targetHints":{"allow":["GET"]}}],"collection":[{"href":"https:\/\/xn--kbrsglobalstore-7kcc.com\/tr\/wp-json\/wp\/v2\/product"}],"about":[{"href":"https:\/\/xn--kbrsglobalstore-7kcc.com\/tr\/wp-json\/wp\/v2\/types\/product"}],"replies":[{"embeddable":true,"href":"https:\/\/xn--kbrsglobalstore-7kcc.com\/tr\/wp-json\/wp\/v2\/comments?post=32758"}],"wp:featuredmedia":[{"embeddable":true,"href":"https:\/\/xn--kbrsglobalstore-7kcc.com\/tr\/wp-json\/wp\/v2\/media\/32818"}],"wp:attachment":[{"href":"https:\/\/xn--kbrsglobalstore-7kcc.com\/tr\/wp-json\/wp\/v2\/media?parent=32758"}],"wp:term":[{"taxonomy":"product_brand","embeddable":true,"href":"https:\/\/xn--kbrsglobalstore-7kcc.com\/tr\/wp-json\/wp\/v2\/product_brand?post=32758"},{"taxonomy":"product_cat","embeddable":true,"href":"https:\/\/xn--kbrsglobalstore-7kcc.com\/tr\/wp-json\/wp\/v2\/product_cat?post=32758"},{"taxonomy":"product_tag","embeddable":true,"href":"https:\/\/xn--kbrsglobalstore-7kcc.com\/tr\/wp-json\/wp\/v2\/product_tag?post=32758"}],"curies":[{"name":"wp","href":"https:\/\/api.w.org\/{rel}","templated":true}]}}