{"id":32757,"date":"2025-12-12T00:56:23","date_gmt":"2025-12-12T00:56:23","guid":{"rendered":"https:\/\/xn--kbrsglobalstore-7kcc.com\/?post_type=product&#038;p=32757"},"modified":"2025-12-15T12:13:33","modified_gmt":"2025-12-15T12:13:33","slug":"airtight-storage-cans-with-lid-15pcs-storage-container-set-for-storing-muesli-flour-and-sugar-practical-storage-box-kitchen-for-all-food","status":"publish","type":"product","link":"https:\/\/xn--kbrsglobalstore-7kcc.com\/tr\/urun\/airtight-storage-cans-with-lid-15pcs-storage-container-set-for-storing-muesli-flour-and-sugar-practical-storage-box-kitchen-for-all-food\/","title":{"rendered":"Kapakl\u0131 Hava Ge\u00e7irmez Saklama Kutular\u0131 | 15 Par\u00e7a Saklama Kab\u0131 Seti | M\u00fcsli, Un ve \u015eeker Saklamak \u0130\u00e7in | T\u00fcm G\u0131dalar \u0130\u00e7in Pratik Mutfak Saklama Kutusu"},"content":{"rendered":"<p class=\"ds-markdown-paragraph translation-block\">15 Par\u00e7al\u0131 Hava Ge\u00e7irmez Saklama Kab\u0131 Seti ile kilerinizi hem \u015f\u0131k hem de verimli bir \u015fekilde d\u00fczenleyin. Bu kapsaml\u0131 koleksiyon, \u00e7e\u015fitli boyutlarda dayan\u0131kl\u0131, BPA i\u00e7ermeyen plastik kaplardan olu\u015fur ve her biri un, \u015feker, m\u00fcsli, makarna, kahve ve at\u0131\u015ft\u0131rmal\u0131klar\u0131 taze, kuru ve zararl\u0131lardan uzak tutan m\u00fckemmel bir s\u0131zd\u0131rmazl\u0131k sa\u011flayan g\u00fcvenli kilitli bir kapa\u011fa sahiptir.<\/p>\n<p class=\"ds-markdown-paragraph\">Designed for practicality, the containers are\u00a0<strong>stackable<\/strong>\u00a0to maximize shelf space and\u00a0<strong>transparent<\/strong>\u00a0for easy identification of contents at a glance. Their uniform, clean design brings order and a modern look to any\u00a0<strong>kitchen, pantry, or cupboard<\/strong>.<\/p>\n<p class=\"ds-markdown-paragraph\">Toplu al\u0131\u015fveri\u015f, yemek haz\u0131rl\u0131\u011f\u0131 veya tezgahlar\u0131n\u0131z\u0131 d\u00fczenlemek i\u00e7in ideal olan bu set, d\u00fczenli ev a\u015f\u00e7\u0131lar\u0131 i\u00e7in vazge\u00e7ilmez bir ara\u00e7t\u0131r. Kuru g\u0131dalar\u0131n\u0131z\u0131 taze, eri\u015filebilir ve d\u00fczenli bir \u015fekilde muhafaza edin.<\/p>","protected":false},"excerpt":{"rendered":"<p>Organize your pantry with both elegance and efficiency using the 15-Piece Airtight Storage Container Set. This comprehensive collection features durable,\u00a0BPA-free plastic containers\u00a0in a variety of sizes, each equipped with a secure\u00a0lock-tight lid\u00a0to create a perfect seal that keeps\u00a0flour, sugar, muesli, pasta, coffee, and snacks\u00a0fresh, dry, and free from pests. Designed for practicality, the containers are\u00a0stackable\u00a0to [&hellip;]<\/p>","protected":false},"featured_media":32813,"comment_status":"open","ping_status":"closed","template":"","meta":{"_monsterinsights_skip_tracking":false,"_monsterinsights_sitenote_active":false,"_monsterinsights_sitenote_note":"","_monsterinsights_sitenote_category":0},"product_brand":[],"product_cat":[15,136],"product_tag":[],"class_list":{"0":"post-32757","1":"product","2":"type-product","3":"status-publish","4":"has-post-thumbnail","6":"product_cat-uncategorized","7":"product_cat-kitchen-dining","9":"first","10":"instock","11":"shipping-taxable","12":"purchasable","13":"product-type-simple"},"aioseo_notices":[],"_links":{"self":[{"href":"https:\/\/xn--kbrsglobalstore-7kcc.com\/tr\/wp-json\/wp\/v2\/product\/32757","targetHints":{"allow":["GET"]}}],"collection":[{"href":"https:\/\/xn--kbrsglobalstore-7kcc.com\/tr\/wp-json\/wp\/v2\/product"}],"about":[{"href":"https:\/\/xn--kbrsglobalstore-7kcc.com\/tr\/wp-json\/wp\/v2\/types\/product"}],"replies":[{"embeddable":true,"href":"https:\/\/xn--kbrsglobalstore-7kcc.com\/tr\/wp-json\/wp\/v2\/comments?post=32757"}],"wp:featuredmedia":[{"embeddable":true,"href":"https:\/\/xn--kbrsglobalstore-7kcc.com\/tr\/wp-json\/wp\/v2\/media\/32813"}],"wp:attachment":[{"href":"https:\/\/xn--kbrsglobalstore-7kcc.com\/tr\/wp-json\/wp\/v2\/media?parent=32757"}],"wp:term":[{"taxonomy":"product_brand","embeddable":true,"href":"https:\/\/xn--kbrsglobalstore-7kcc.com\/tr\/wp-json\/wp\/v2\/product_brand?post=32757"},{"taxonomy":"product_cat","embeddable":true,"href":"https:\/\/xn--kbrsglobalstore-7kcc.com\/tr\/wp-json\/wp\/v2\/product_cat?post=32757"},{"taxonomy":"product_tag","embeddable":true,"href":"https:\/\/xn--kbrsglobalstore-7kcc.com\/tr\/wp-json\/wp\/v2\/product_tag?post=32757"}],"curies":[{"name":"wp","href":"https:\/\/api.w.org\/{rel}","templated":true}]}}