{"id":32756,"date":"2025-12-12T00:54:19","date_gmt":"2025-12-12T00:54:19","guid":{"rendered":"https:\/\/xn--kbrsglobalstore-7kcc.com\/?post_type=product&#038;p=32756"},"modified":"2025-12-16T21:59:54","modified_gmt":"2025-12-16T21:59:54","slug":"9pcs-plastic-food-storage-container-set-with-drain-basket-and-lids-leakproof-fridge-safe-reusable-multipurpose-kitchen-organizer-box-suitable-for-fruits-vegetables-and-food-kitchen-storage-and","status":"publish","type":"product","link":"https:\/\/xn--kbrsglobalstore-7kcc.com\/tr\/urun\/9pcs-plastic-food-storage-container-set-with-drain-basket-and-lids-leakproof-fridge-safe-reusable-multipurpose-kitchen-organizer-box-suitable-for-fruits-vegetables-and-food-kitchen-storage-and\/","title":{"rendered":"9 Par\u00e7al\u0131 Plastik G\u0131da Saklama Kab\u0131 Seti (S\u00fczge\u00e7 Sepeti ve Kapaklar\u0131yla Birlikte)"},"content":{"rendered":"<div class=\"ds-message _63c77b1\">\n<div class=\"ds-markdown\">\n<p class=\"ds-markdown-paragraph translation-block\">9 Par\u00e7al\u0131 Plastik G\u0131da Saklama Kab\u0131 Seti ile mutfa\u011f\u0131n\u0131z\u0131 d\u00fczenleyin ve yiyeceklerinizi daha uzun s\u00fcre taze tutun. Bu \u00e7ok y\u00f6nl\u00fc koleksiyon, \u00e7e\u015fitli boyutlarda istiflenebilir kaplar i\u00e7erir ve her biri g\u00fcvenilir, s\u0131zd\u0131rmaz saklama i\u00e7in g\u00fcvenli, ge\u00e7meli bir kapa\u011fa sahiptir. \u00d6ne \u00e7\u0131kan \u00f6zellik, se\u00e7ili kaplarda bulunan entegre s\u00fczme sepetidir; bu sepet, meyve, sebze ve otlar\u0131 y\u0131kamak, saklamak ve taze tutmak i\u00e7in m\u00fckemmeldir.<\/p>\n<p class=\"ds-markdown-paragraph translation-block\">BPA i\u00e7ermeyen, g\u0131da g\u00fcvenli\u011fine uygun plastikten \u00fcretilen bu kaplar buzdolab\u0131nda saklanmaya uygundur ve yemek haz\u0131rl\u0131\u011f\u0131, art\u0131klar\u0131 saklama ve kiler malzemelerini d\u00fczenleme i\u00e7in idealdir. \u015eeffaf tasar\u0131mlar\u0131 sayesinde i\u00e7erik kolayca belirlenebilirken, d\u00fczg\u00fcn stil buzdolab\u0131n\u0131z\u0131n ve raflar\u0131n\u0131z\u0131n d\u00fczenli ve tertipli g\u00f6r\u00fcnmesini sa\u011flar.<\/p>\n<p class=\"ds-markdown-paragraph translation-block\">Mutfakta olmazsa olmaz bir aksesuar olan bu set, yiyecek saklamay\u0131 kolayla\u015ft\u0131r\u0131r, israf\u0131 azalt\u0131r ve her ev mutfa\u011f\u0131na ak\u0131ll\u0131 bir d\u00fczen getirir.<\/p>\n<\/div>\n<\/div>\n<div class=\"ds-theme\"><\/div>\n<div class=\"ds-flex _0a3d93b\">\n<div class=\"ds-flex _965abe9 _54866f7\">\n<div class=\"db183363 ds-icon-button ds-icon-button--m ds-icon-button--sizing-container\" tabindex=\"0\" role=\"button\" aria-disabled=\"false\">\n<div class=\"ds-icon-button__hover-bg\"><\/div>\n<div class=\"ds-icon\"><\/div>\n<div class=\"ds-focus-ring\"><\/div>\n<\/div>\n<div class=\"db183363 ds-icon-button ds-icon-button--m ds-icon-button--sizing-container\" tabindex=\"0\" role=\"button\" aria-disabled=\"false\">\n<div class=\"ds-icon-button__hover-bg\"><\/div>\n<div class=\"ds-icon\"><\/div>\n<div class=\"ds-focus-ring\"><\/div>\n<\/div>\n<div class=\"db183363 ds-icon-button ds-icon-button--m ds-icon-button--sizing-container\" tabindex=\"0\" role=\"button\" aria-disabled=\"false\">\n<div class=\"ds-icon-button__hover-bg\"><\/div>\n<div class=\"ds-icon\"><\/div>\n<div class=\"ds-focus-ring\"><\/div>\n<\/div>\n<div class=\"db183363 ds-icon-button ds-icon-button--m ds-icon-button--sizing-container\" tabindex=\"0\" role=\"button\" aria-disabled=\"false\">\n<div class=\"ds-icon-button__hover-bg\"><\/div>\n<div class=\"ds-icon\"><\/div>\n<div class=\"ds-focus-ring\"><\/div>\n<\/div>\n<div class=\"db183363 ds-icon-button ds-icon-button--m ds-icon-button--sizing-container\" tabindex=\"0\" role=\"button\" aria-disabled=\"false\">\n<div class=\"ds-icon-button__hover-bg\"><\/div>\n<div class=\"ds-icon\"><\/div>\n<\/div>\n<\/div>\n<\/div>","protected":false},"excerpt":{"rendered":"<p>Organize your kitchen and keep food fresh longer with the 9-Piece Plastic Food Storage Container Set. This versatile collection includes\u00a0stackable containers\u00a0of various sizes, each equipped with a secure,\u00a0snap-tight lid\u00a0for reliable\u00a0leakproof\u00a0storage. The standout feature is the integrated\u00a0drain basket\u00a0in selected containers, perfect for washing, storing, and crisping\u00a0fruits, vegetables, and herbs. Made from\u00a0BPA-free, food-safe plastic, these containers are\u00a0fridge [&hellip;]<\/p>","protected":false},"featured_media":32808,"comment_status":"open","ping_status":"closed","template":"","meta":{"_monsterinsights_skip_tracking":false,"_monsterinsights_sitenote_active":false,"_monsterinsights_sitenote_note":"","_monsterinsights_sitenote_category":0},"product_brand":[],"product_cat":[15,136],"product_tag":[],"class_list":{"0":"post-32756","1":"product","2":"type-product","3":"status-publish","4":"has-post-thumbnail","6":"product_cat-uncategorized","7":"product_cat-kitchen-dining","9":"first","10":"instock","11":"shipping-taxable","12":"purchasable","13":"product-type-simple"},"aioseo_notices":[],"_links":{"self":[{"href":"https:\/\/xn--kbrsglobalstore-7kcc.com\/tr\/wp-json\/wp\/v2\/product\/32756","targetHints":{"allow":["GET"]}}],"collection":[{"href":"https:\/\/xn--kbrsglobalstore-7kcc.com\/tr\/wp-json\/wp\/v2\/product"}],"about":[{"href":"https:\/\/xn--kbrsglobalstore-7kcc.com\/tr\/wp-json\/wp\/v2\/types\/product"}],"replies":[{"embeddable":true,"href":"https:\/\/xn--kbrsglobalstore-7kcc.com\/tr\/wp-json\/wp\/v2\/comments?post=32756"}],"wp:featuredmedia":[{"embeddable":true,"href":"https:\/\/xn--kbrsglobalstore-7kcc.com\/tr\/wp-json\/wp\/v2\/media\/32808"}],"wp:attachment":[{"href":"https:\/\/xn--kbrsglobalstore-7kcc.com\/tr\/wp-json\/wp\/v2\/media?parent=32756"}],"wp:term":[{"taxonomy":"product_brand","embeddable":true,"href":"https:\/\/xn--kbrsglobalstore-7kcc.com\/tr\/wp-json\/wp\/v2\/product_brand?post=32756"},{"taxonomy":"product_cat","embeddable":true,"href":"https:\/\/xn--kbrsglobalstore-7kcc.com\/tr\/wp-json\/wp\/v2\/product_cat?post=32756"},{"taxonomy":"product_tag","embeddable":true,"href":"https:\/\/xn--kbrsglobalstore-7kcc.com\/tr\/wp-json\/wp\/v2\/product_tag?post=32756"}],"curies":[{"name":"wp","href":"https:\/\/api.w.org\/{rel}","templated":true}]}}