{"id":32754,"date":"2025-12-12T00:31:57","date_gmt":"2025-12-12T00:31:57","guid":{"rendered":"https:\/\/xn--kbrsglobalstore-7kcc.com\/?post_type=product&#038;p=32754"},"modified":"2025-12-16T21:59:00","modified_gmt":"2025-12-16T21:59:00","slug":"3-tier-heavy-duty-metal-kitchen-storage-rack-with-adjustable-shelves-space-saving-vertical-design-multi-functional-spice-utensil-knife-seasoning-organizer-for-countertop-or-cabinet-sturdy-sp","status":"publish","type":"product","link":"https:\/\/xn--kbrsglobalstore-7kcc.com\/tr\/urun\/3-tier-heavy-duty-metal-kitchen-storage-rack-with-adjustable-shelves-space-saving-vertical-design-multi-functional-spice-utensil-knife-seasoning-organizer-for-countertop-or-cabinet-sturdy-sp\/","title":{"rendered":"Ayarlanabilir Rafl\u0131 ve Yerden Tasarruf Sa\u011flayan Dikey Tasar\u0131ml\u0131 3 Katl\u0131 A\u011f\u0131r Hizmet Tipi Metal Mutfak Depolama Raf\u0131"},"content":{"rendered":"<div class=\"ds-message _63c77b1\">\n<div class=\"ds-markdown\">\n<p class=\"ds-markdown-paragraph translation-block\">3 Katl\u0131 A\u011f\u0131r Hizmet Tipi Metal Mutfak Saklama Raf\u0131 ile mutfak d\u00fczeninizi ba\u015ftan yarat\u0131n. Yer tasarrufu sa\u011flayan dikey yap\u0131s\u0131yla tasarlanan bu sa\u011flam d\u00fczenleyici, uzun baharat kavanozlar\u0131ndan ve ya\u011f \u015fi\u015felerinden mutfak gere\u00e7lerine, b\u0131\u00e7aklara ve baharat paketlerine kadar her \u015feyi s\u0131\u011fd\u0131racak \u015fekilde \u00f6zelle\u015ftirilebilen \u00fc\u00e7 ayarlanabilir rafa sahiptir.<\/p>\n<p class=\"ds-markdown-paragraph translation-block\">Sa\u011flam, paslanmaya dayan\u0131kl\u0131 metalden \u00fcretilen bu \u00fcr\u00fcn, en \u00e7ok kulland\u0131\u011f\u0131n\u0131z mutfak e\u015fyalar\u0131n\u0131z i\u00e7in dayan\u0131kl\u0131 ve istikrarl\u0131 bir yuva sa\u011flar. Kompakt boyutu, \u00f6zellikle her santimetrenin \u00f6nemli oldu\u011fu k\u00fc\u00e7\u00fck mutfaklarda, tezgah \u00fcstlerinde, dolap i\u00e7lerinde veya kiler raflar\u0131nda depolama alan\u0131n\u0131 en \u00fcst d\u00fczeye \u00e7\u0131karmak i\u00e7in m\u00fckemmel bir \u00e7\u00f6z\u00fcmd\u00fcr.<\/p>\n<p class=\"ds-markdown-paragraph translation-block\">Pi\u015firme alan\u0131n\u0131z\u0131 d\u00fczenleyin ve temel malzemeleri elinizin alt\u0131nda tutun. Bu \u00e7ok fonksiyonlu raf, da\u011f\u0131n\u0131kl\u0131\u011f\u0131 azalt\u0131r ve mutfa\u011f\u0131n\u0131za verimli ve d\u00fczenli bir d\u00fczen getirerek haz\u0131rl\u0131k s\u00fcresini daha h\u0131zl\u0131 ve keyifli hale getirir.<\/p>\n<\/div>\n<\/div>\n<div class=\"ds-theme\"><\/div>\n<div class=\"ds-flex _0a3d93b\">\n<div class=\"ds-flex _965abe9 _54866f7\">\n<div class=\"db183363 ds-icon-button ds-icon-button--m ds-icon-button--sizing-container\" tabindex=\"0\" role=\"button\" aria-disabled=\"false\">\n<div class=\"ds-icon-button__hover-bg\"><\/div>\n<div class=\"ds-icon\"><\/div>\n<div class=\"ds-focus-ring\"><\/div>\n<\/div>\n<div class=\"db183363 ds-icon-button ds-icon-button--m ds-icon-button--sizing-container\" tabindex=\"0\" role=\"button\" aria-disabled=\"false\">\n<div class=\"ds-icon-button__hover-bg\"><\/div>\n<div class=\"ds-icon\"><\/div>\n<div class=\"ds-focus-ring\"><\/div>\n<\/div>\n<div class=\"db183363 ds-icon-button ds-icon-button--m ds-icon-button--sizing-container\" tabindex=\"0\" role=\"button\" aria-disabled=\"false\">\n<div class=\"ds-icon-button__hover-bg\"><\/div>\n<div class=\"ds-icon\"><\/div>\n<div class=\"ds-focus-ring\"><\/div>\n<\/div>\n<div class=\"db183363 ds-icon-button ds-icon-button--m ds-icon-button--sizing-container\" tabindex=\"0\" role=\"button\" aria-disabled=\"false\">\n<div class=\"ds-icon-button__hover-bg\"><\/div>\n<div class=\"ds-icon\"><\/div>\n<div class=\"ds-focus-ring\"><\/div>\n<\/div>\n<div class=\"db183363 ds-icon-button ds-icon-button--m ds-icon-button--sizing-container\" tabindex=\"0\" role=\"button\" aria-disabled=\"false\">\n<div class=\"ds-icon-button__hover-bg\"><\/div>\n<div class=\"ds-icon\"><\/div>\n<\/div>\n<\/div>\n<\/div>","protected":false},"excerpt":{"rendered":"<p>Revolutionize your kitchen organization with the 3-Tier Heavy-Duty Metal Kitchen Storage Rack. Designed with a\u00a0space-saving vertical structure, this sturdy organizer features\u00a0three adjustable shelves\u00a0that can be customized to fit everything from tall spice jars and oil bottles to cooking utensils, knives, and seasoning packets. Constructed from\u00a0robust, rust-resistant metal, it provides a durable and stable home for [&hellip;]<\/p>","protected":false},"featured_media":32794,"comment_status":"open","ping_status":"closed","template":"","meta":{"_monsterinsights_skip_tracking":false,"_monsterinsights_sitenote_active":false,"_monsterinsights_sitenote_note":"","_monsterinsights_sitenote_category":0},"product_brand":[],"product_cat":[15,136],"product_tag":[],"class_list":{"0":"post-32754","1":"product","2":"type-product","3":"status-publish","4":"has-post-thumbnail","6":"product_cat-uncategorized","7":"product_cat-kitchen-dining","9":"first","10":"instock","11":"shipping-taxable","12":"purchasable","13":"product-type-simple"},"aioseo_notices":[],"_links":{"self":[{"href":"https:\/\/xn--kbrsglobalstore-7kcc.com\/tr\/wp-json\/wp\/v2\/product\/32754","targetHints":{"allow":["GET"]}}],"collection":[{"href":"https:\/\/xn--kbrsglobalstore-7kcc.com\/tr\/wp-json\/wp\/v2\/product"}],"about":[{"href":"https:\/\/xn--kbrsglobalstore-7kcc.com\/tr\/wp-json\/wp\/v2\/types\/product"}],"replies":[{"embeddable":true,"href":"https:\/\/xn--kbrsglobalstore-7kcc.com\/tr\/wp-json\/wp\/v2\/comments?post=32754"}],"wp:featuredmedia":[{"embeddable":true,"href":"https:\/\/xn--kbrsglobalstore-7kcc.com\/tr\/wp-json\/wp\/v2\/media\/32794"}],"wp:attachment":[{"href":"https:\/\/xn--kbrsglobalstore-7kcc.com\/tr\/wp-json\/wp\/v2\/media?parent=32754"}],"wp:term":[{"taxonomy":"product_brand","embeddable":true,"href":"https:\/\/xn--kbrsglobalstore-7kcc.com\/tr\/wp-json\/wp\/v2\/product_brand?post=32754"},{"taxonomy":"product_cat","embeddable":true,"href":"https:\/\/xn--kbrsglobalstore-7kcc.com\/tr\/wp-json\/wp\/v2\/product_cat?post=32754"},{"taxonomy":"product_tag","embeddable":true,"href":"https:\/\/xn--kbrsglobalstore-7kcc.com\/tr\/wp-json\/wp\/v2\/product_tag?post=32754"}],"curies":[{"name":"wp","href":"https:\/\/api.w.org\/{rel}","templated":true}]}}