{"id":32752,"date":"2025-12-12T00:29:54","date_gmt":"2025-12-12T00:29:54","guid":{"rendered":"https:\/\/xn--kbrsglobalstore-7kcc.com\/?post_type=product&#038;p=32752"},"modified":"2025-12-16T21:59:25","modified_gmt":"2025-12-16T21:59:25","slug":"3pcs-black-abs-corner-shelves-wall-mounted-space-saving-storage-rack-for-bathroom-kitchen-ideal-for-cosmetics-shower-gel-and-toiletries-multi-functional-organizer-with-easy-installation-bath","status":"publish","type":"product","link":"https:\/\/xn--kbrsglobalstore-7kcc.com\/tr\/urun\/3pcs-black-abs-corner-shelves-wall-mounted-space-saving-storage-rack-for-bathroom-kitchen-ideal-for-cosmetics-shower-gel-and-toiletries-multi-functional-organizer-with-easy-installation-bath\/","title":{"rendered":"3 Par\u00e7a Siyah ABS K\u00f6\u015fe Raf\u0131 \u2013 Duvara Monte Edilebilir, Banyo ve Mutfak \u0130\u00e7in Yerden Tasarruf Sa\u011flayan Saklama Raf\u0131"},"content":{"rendered":"<div class=\"ds-message _63c77b1\">\n<div class=\"ds-markdown\">\n<p class=\"ds-markdown-paragraph translation-block\">3 par\u00e7al\u0131 Siyah ABS K\u00f6\u015fe Raflar\u0131 ile alan\u0131n\u0131z\u0131n her santimetrekaresinden en iyi \u015fekilde yararlan\u0131n. Bu ak\u0131ll\u0131 duvara monte depolama raflar\u0131 seti, kullan\u0131lmayan k\u00f6\u015feleri son derece i\u015flevsel depolama alanlar\u0131na d\u00f6n\u00fc\u015ft\u00fcrmek i\u00e7in tasarlanm\u0131\u015ft\u0131r. Dayan\u0131kl\u0131, suya dayan\u0131kl\u0131 ABS plastikten \u00fcretilen bu raflar, banyo ve mutfak gibi nemli ortamlar i\u00e7in m\u00fckemmeldir.<\/p>\n<p class=\"ds-markdown-paragraph translation-block\">Her raf, \u015fi\u015feleri, du\u015f jelini, kozmetik \u00fcr\u00fcnlerini, tuvalet malzemelerini ve k\u00fc\u00e7\u00fck mutfak e\u015fyalar\u0131n\u0131 g\u00fcvenli bir \u015fekilde tutmak i\u00e7in geni\u015f, e\u011fimli bir tasar\u0131ma sahiptir; b\u00f6ylece e\u015fyalar kolayca ula\u015f\u0131labilir olur ve y\u00fczeyler da\u011f\u0131n\u0131kl\u0131ktan uzak kal\u0131r. Modern mat siyah kaplama, her t\u00fcrl\u00fc dekorla kusursuz bir \u015fekilde uyum sa\u011flar.<\/p>\n<p class=\"ds-markdown-paragraph translation-block\">Alet gerektirmeyen basit kurulumlar\u0131yla bu yerden tasarruf sa\u011flayan d\u00fczenleyiciler, zemin alan\u0131ndan \u00f6d\u00fcn vermeden depolama alan\u0131 eklemek i\u00e7in \u00e7ok y\u00f6nl\u00fc bir \u00e7\u00f6z\u00fcmd\u00fcr. D\u00fczenli ve verimli bir ev yaratmak i\u00e7in olmazsa olmazd\u0131r.<\/p>\n<\/div>\n<\/div>\n<div class=\"ds-theme\"><\/div>\n<div class=\"ds-flex _0a3d93b\">\n<div class=\"ds-flex _965abe9 _54866f7\">\n<div class=\"db183363 ds-icon-button ds-icon-button--m ds-icon-button--sizing-container\" tabindex=\"0\" role=\"button\" aria-disabled=\"false\">\n<div class=\"ds-icon-button__hover-bg\"><\/div>\n<div class=\"ds-icon\"><\/div>\n<div class=\"ds-focus-ring\"><\/div>\n<\/div>\n<div class=\"db183363 ds-icon-button ds-icon-button--m ds-icon-button--sizing-container\" tabindex=\"0\" role=\"button\" aria-disabled=\"false\">\n<div class=\"ds-icon-button__hover-bg\"><\/div>\n<div class=\"ds-icon\"><\/div>\n<div class=\"ds-focus-ring\"><\/div>\n<\/div>\n<div class=\"db183363 ds-icon-button ds-icon-button--m ds-icon-button--sizing-container\" tabindex=\"0\" role=\"button\" aria-disabled=\"false\">\n<div class=\"ds-icon-button__hover-bg\"><\/div>\n<div class=\"ds-icon\"><\/div>\n<div class=\"ds-focus-ring\"><\/div>\n<\/div>\n<div class=\"db183363 ds-icon-button ds-icon-button--m ds-icon-button--sizing-container\" tabindex=\"0\" role=\"button\" aria-disabled=\"false\">\n<div class=\"ds-icon-button__hover-bg\"><\/div>\n<div class=\"ds-icon\"><\/div>\n<div class=\"ds-focus-ring\"><\/div>\n<\/div>\n<div class=\"db183363 ds-icon-button ds-icon-button--m ds-icon-button--sizing-container\" tabindex=\"0\" role=\"button\" aria-disabled=\"false\">\n<div class=\"ds-icon-button__hover-bg\"><\/div>\n<div class=\"ds-icon\"><\/div>\n<\/div>\n<\/div>\n<\/div>","protected":false},"excerpt":{"rendered":"<p>Maximize every inch of your space with the 3pcs Black ABS Corner Shelves. This smart set of\u00a0wall-mounted storage racks\u00a0is designed to transform unused corners into highly functional storage areas. Made from\u00a0durable, water-resistant ABS plastic, they are perfect for humid environments like the\u00a0bathroom and kitchen. Each shelf features a\u00a0spacious, slanted design\u00a0to securely hold\u00a0bottles, shower gel, cosmetics, [&hellip;]<\/p>","protected":false},"featured_media":32788,"comment_status":"open","ping_status":"closed","template":"","meta":{"_monsterinsights_skip_tracking":false,"_monsterinsights_sitenote_active":false,"_monsterinsights_sitenote_note":"","_monsterinsights_sitenote_category":0},"product_brand":[],"product_cat":[15,136],"product_tag":[],"class_list":{"0":"post-32752","1":"product","2":"type-product","3":"status-publish","4":"has-post-thumbnail","6":"product_cat-uncategorized","7":"product_cat-kitchen-dining","9":"first","10":"instock","11":"shipping-taxable","12":"purchasable","13":"product-type-simple"},"aioseo_notices":[],"_links":{"self":[{"href":"https:\/\/xn--kbrsglobalstore-7kcc.com\/tr\/wp-json\/wp\/v2\/product\/32752","targetHints":{"allow":["GET"]}}],"collection":[{"href":"https:\/\/xn--kbrsglobalstore-7kcc.com\/tr\/wp-json\/wp\/v2\/product"}],"about":[{"href":"https:\/\/xn--kbrsglobalstore-7kcc.com\/tr\/wp-json\/wp\/v2\/types\/product"}],"replies":[{"embeddable":true,"href":"https:\/\/xn--kbrsglobalstore-7kcc.com\/tr\/wp-json\/wp\/v2\/comments?post=32752"}],"wp:featuredmedia":[{"embeddable":true,"href":"https:\/\/xn--kbrsglobalstore-7kcc.com\/tr\/wp-json\/wp\/v2\/media\/32788"}],"wp:attachment":[{"href":"https:\/\/xn--kbrsglobalstore-7kcc.com\/tr\/wp-json\/wp\/v2\/media?parent=32752"}],"wp:term":[{"taxonomy":"product_brand","embeddable":true,"href":"https:\/\/xn--kbrsglobalstore-7kcc.com\/tr\/wp-json\/wp\/v2\/product_brand?post=32752"},{"taxonomy":"product_cat","embeddable":true,"href":"https:\/\/xn--kbrsglobalstore-7kcc.com\/tr\/wp-json\/wp\/v2\/product_cat?post=32752"},{"taxonomy":"product_tag","embeddable":true,"href":"https:\/\/xn--kbrsglobalstore-7kcc.com\/tr\/wp-json\/wp\/v2\/product_tag?post=32752"}],"curies":[{"name":"wp","href":"https:\/\/api.w.org\/{rel}","templated":true}]}}