{"id":32751,"date":"2025-12-12T00:26:37","date_gmt":"2025-12-12T00:26:37","guid":{"rendered":"https:\/\/xn--kbrsglobalstore-7kcc.com\/?post_type=product&#038;p=32751"},"modified":"2025-12-16T21:57:44","modified_gmt":"2025-12-16T21:57:44","slug":"4pcs-stainless-steel-air-fryer-rack-and-reusable-silicone-liners-stackable-non-stick-cooking-basket-for-onion-rings-and-more-durable-304-stainless-steel-construction-perfect-for-home-and-outdo","status":"publish","type":"product","link":"https:\/\/xn--kbrsglobalstore-7kcc.com\/tr\/urun\/4pcs-stainless-steel-air-fryer-rack-and-reusable-silicone-liners-stackable-non-stick-cooking-basket-for-onion-rings-and-more-durable-304-stainless-steel-construction-perfect-for-home-and-outdo\/","title":{"rendered":"4 Par\u00e7a Paslanmaz \u00c7elik Hava Frit\u00f6z\u00fc Raf\u0131 ve Yeniden Kullan\u0131labilir Silikon Astar"},"content":{"rendered":"<p class=\"ds-markdown-paragraph translation-block\">4 par\u00e7al\u0131 Paslanmaz \u00c7elik Hava Frit\u00f6z\u00fc Raf\u0131 ve Silikon Astar Seti ile hava frit\u00f6z\u00fcnde pi\u015firme deneyiminizi bir \u00fcst seviyeye ta\u015f\u0131y\u0131n. Bu \u00e7ok y\u00f6nl\u00fc set, istiflenebilir, g\u0131da s\u0131n\u0131f\u0131 304 paslanmaz \u00e7elik raflar ve esnek, yeniden kullan\u0131labilir silikon astarlar i\u00e7erir; bu sayede hava frit\u00f6z\u00fcn\u00fcz\u00fcn kapasitesini en \u00fcst d\u00fczeye \u00e7\u0131kararak so\u011fan halkalar\u0131, patates k\u0131zartmas\u0131 ve sebzeler gibi birden fazla katmanl\u0131 yiyece\u011fi ayn\u0131 anda pi\u015firebilir ve daha h\u0131zl\u0131, daha e\u015fit sonu\u00e7lar elde edebilirsiniz.<\/p>\n<p class=\"ds-markdown-paragraph translation-block\">Yap\u0131\u015fmaz, kolay temizlenebilir silikon astarlar yiyeceklerin yap\u0131\u015fmas\u0131n\u0131 \u00f6nler ve damlamalar\u0131 toplar; dayan\u0131kl\u0131, paslanmaya kar\u015f\u0131 diren\u00e7li \u00e7elik raflar ise sa\u011flam ve g\u00fcvenli istifleme sa\u011flar. Hem ev hem de d\u0131\u015f mekan kullan\u0131m\u0131 i\u00e7in tasarlanan bu set, \u00e7o\u011fu standart hava frit\u00f6z\u00fc modeliyle uyumludur.<\/p>\n<p class=\"ds-markdown-paragraph translation-block\">Verimli ve zahmetsiz yemek pi\u015firmek i\u00e7in olmazsa olmaz bir frit\u00f6z aksesuar\u0131. Daha b\u00fcy\u00fck miktarlarda yemek haz\u0131rlaman\u0131za, kirlili\u011fi azaltman\u0131za ve her seferinde m\u00fckemmel \u00e7\u0131t\u0131r yiyecekler elde etmenize yard\u0131mc\u0131 olur.<\/p>","protected":false},"excerpt":{"rendered":"<p>Elevate your air frying game with the 4pcs Stainless Steel Air Fryer Rack and Silicone Liners Set. This versatile kit includes\u00a0stackable, food-grade 304 stainless steel racks\u00a0and\u00a0flexible, reusable silicone liners\u00a0that maximize your air fryer&#8217;s capacity, allowing you to cook multiple layers of food like\u00a0onion rings, fries, and veggies\u00a0simultaneously for faster, more even results. The\u00a0non-stick, easy-clean silicone [&hellip;]<\/p>","protected":false},"featured_media":32780,"comment_status":"open","ping_status":"closed","template":"","meta":{"_monsterinsights_skip_tracking":false,"_monsterinsights_sitenote_active":false,"_monsterinsights_sitenote_note":"","_monsterinsights_sitenote_category":0},"product_brand":[],"product_cat":[15,136],"product_tag":[],"class_list":{"0":"post-32751","1":"product","2":"type-product","3":"status-publish","4":"has-post-thumbnail","6":"product_cat-uncategorized","7":"product_cat-kitchen-dining","9":"first","10":"instock","11":"shipping-taxable","12":"purchasable","13":"product-type-simple"},"aioseo_notices":[],"_links":{"self":[{"href":"https:\/\/xn--kbrsglobalstore-7kcc.com\/tr\/wp-json\/wp\/v2\/product\/32751","targetHints":{"allow":["GET"]}}],"collection":[{"href":"https:\/\/xn--kbrsglobalstore-7kcc.com\/tr\/wp-json\/wp\/v2\/product"}],"about":[{"href":"https:\/\/xn--kbrsglobalstore-7kcc.com\/tr\/wp-json\/wp\/v2\/types\/product"}],"replies":[{"embeddable":true,"href":"https:\/\/xn--kbrsglobalstore-7kcc.com\/tr\/wp-json\/wp\/v2\/comments?post=32751"}],"wp:featuredmedia":[{"embeddable":true,"href":"https:\/\/xn--kbrsglobalstore-7kcc.com\/tr\/wp-json\/wp\/v2\/media\/32780"}],"wp:attachment":[{"href":"https:\/\/xn--kbrsglobalstore-7kcc.com\/tr\/wp-json\/wp\/v2\/media?parent=32751"}],"wp:term":[{"taxonomy":"product_brand","embeddable":true,"href":"https:\/\/xn--kbrsglobalstore-7kcc.com\/tr\/wp-json\/wp\/v2\/product_brand?post=32751"},{"taxonomy":"product_cat","embeddable":true,"href":"https:\/\/xn--kbrsglobalstore-7kcc.com\/tr\/wp-json\/wp\/v2\/product_cat?post=32751"},{"taxonomy":"product_tag","embeddable":true,"href":"https:\/\/xn--kbrsglobalstore-7kcc.com\/tr\/wp-json\/wp\/v2\/product_tag?post=32751"}],"curies":[{"name":"wp","href":"https:\/\/api.w.org\/{rel}","templated":true}]}}