{"id":32750,"date":"2025-12-11T23:00:16","date_gmt":"2025-12-11T23:00:16","guid":{"rendered":"https:\/\/xn--kbrsglobalstore-7kcc.com\/?post_type=product&#038;p=32750"},"modified":"2025-12-16T21:57:19","modified_gmt":"2025-12-16T21:57:19","slug":"3-tier-plastic-ruffled-cupcake-stand-with-tiered-tray-cake-holder-for-cupcakes-donuts-cake-stand-for-display-cake-stand-display-tray-for-serving-food-serving-dishes-and-platter","status":"publish","type":"product","link":"https:\/\/xn--kbrsglobalstore-7kcc.com\/tr\/urun\/3-tier-plastic-ruffled-cupcake-stand-with-tiered-tray-cake-holder-for-cupcakes-donuts-cake-stand-for-display-cake-stand-display-tray-for-serving-food-serving-dishes-and-platter\/","title":{"rendered":"Katl\u0131, f\u0131rf\u0131rl\u0131 plastik kek stand\u0131, katl\u0131 tepsili kek tutucu, kek ve donutlar i\u00e7in"},"content":{"rendered":"<div class=\"ds-message _63c77b1\">\n<div class=\"ds-markdown\">\n<p class=\"ds-markdown-paragraph translation-block\">3 Katl\u0131 F\u0131rf\u0131rl\u0131 Cupcake Stand\u0131 ile tatl\u0131 kreasyonlar\u0131n\u0131z\u0131 zarafet ve \u00e7ekicilikle sunun. Bu g\u00fczel tasarlanm\u0131\u015f katl\u0131 servis tepsisi, her kat\u0131nda zarif f\u0131rf\u0131rl\u0131 kenarlara sahiptir ve cupcake'ler, donutlar, makaronlar, pastalar ve di\u011fer k\u00fc\u00e7\u00fck ikramlar i\u00e7in m\u00fckemmel, g\u00f6rsel olarak \u00e7arp\u0131c\u0131 bir sunum olu\u015fturur.<\/p>\n<p class=\"ds-markdown-paragraph translation-block\">Dayan\u0131kl\u0131, y\u00fcksek kaliteli plastikten \u00fcretilen bu \u00fcr\u00fcn, kolay ta\u015f\u0131ma i\u00e7in hafiftir ve bol miktarda tatl\u0131y\u0131 ta\u015f\u0131yabilecek kadar sa\u011flamd\u0131r. \u00dcst \u00fcste dizilmi\u015f, basamakl\u0131 tasar\u0131m\u0131, masa alan\u0131n\u0131 en \u00fcst d\u00fczeye \u00e7\u0131kar\u0131rken tatl\u0131lar\u0131n\u0131z\u0131 d\u00fczenli ve g\u00f6z al\u0131c\u0131 bir \u015fekilde sergilemenizi sa\u011flar.<\/p>\n<p class=\"ds-markdown-paragraph translation-block\">Do\u011fum g\u00fcn\u00fc partileri, d\u00fc\u011f\u00fcnler, brunch'lar veya pasta sat\u0131\u015flar\u0131 i\u00e7in ideal olan bu stand, masan\u0131z\u0131 profesyonel bir tatl\u0131 b\u00fcfesine d\u00f6n\u00fc\u015ft\u00fcr\u00fcr. \u015e\u0131kl\u0131k ve pratiklikle etkilemeyi seven her ev sahibi i\u00e7in olmazsa olmaz bir servis taba\u011f\u0131 ve sunum tepsisi.<\/p>\n<\/div>\n<\/div>\n<div class=\"ds-theme\"><\/div>\n<div class=\"ds-flex _0a3d93b\">\n<div class=\"ds-flex _965abe9 _54866f7\">\n<div class=\"db183363 ds-icon-button ds-icon-button--m ds-icon-button--sizing-container\" tabindex=\"0\" role=\"button\" aria-disabled=\"false\">\n<div class=\"ds-icon-button__hover-bg\"><\/div>\n<div class=\"ds-icon\"><\/div>\n<div class=\"ds-focus-ring\"><\/div>\n<\/div>\n<div class=\"db183363 ds-icon-button ds-icon-button--m ds-icon-button--sizing-container\" tabindex=\"0\" role=\"button\" aria-disabled=\"false\">\n<div class=\"ds-icon-button__hover-bg\"><\/div>\n<div class=\"ds-icon\"><\/div>\n<div class=\"ds-focus-ring\"><\/div>\n<\/div>\n<div class=\"db183363 ds-icon-button ds-icon-button--m ds-icon-button--sizing-container\" tabindex=\"0\" role=\"button\" aria-disabled=\"false\">\n<div class=\"ds-icon-button__hover-bg\"><\/div>\n<div class=\"ds-icon\"><\/div>\n<div class=\"ds-focus-ring\"><\/div>\n<\/div>\n<div class=\"db183363 ds-icon-button ds-icon-button--m ds-icon-button--sizing-container\" tabindex=\"0\" role=\"button\" aria-disabled=\"false\">\n<div class=\"ds-icon-button__hover-bg\"><\/div>\n<div class=\"ds-icon\"><\/div>\n<div class=\"ds-focus-ring\"><\/div>\n<\/div>\n<div class=\"db183363 ds-icon-button ds-icon-button--m ds-icon-button--sizing-container\" tabindex=\"0\" role=\"button\" aria-disabled=\"false\">\n<div class=\"ds-icon-button__hover-bg\"><\/div>\n<div class=\"ds-icon\"><\/div>\n<\/div>\n<\/div>\n<\/div>","protected":false},"excerpt":{"rendered":"<p>Present your sweet creations with elegance and charm using the 3-Tier Ruffled Cupcake Stand. This beautifully designed\u00a0tiered serving tray\u00a0features delicate\u00a0ruffled edges\u00a0on each level, creating a visually stunning display perfect for\u00a0cupcakes, donuts, macarons, pastries, and other bite-sized treats. Crafted from durable,\u00a0high-quality plastic, it is both lightweight for easy transport and sturdy enough to hold a generous [&hellip;]<\/p>","protected":false},"featured_media":32773,"comment_status":"open","ping_status":"closed","template":"","meta":{"_monsterinsights_skip_tracking":false,"_monsterinsights_sitenote_active":false,"_monsterinsights_sitenote_note":"","_monsterinsights_sitenote_category":0},"product_brand":[],"product_cat":[15,136],"product_tag":[],"class_list":{"0":"post-32750","1":"product","2":"type-product","3":"status-publish","4":"has-post-thumbnail","6":"product_cat-uncategorized","7":"product_cat-kitchen-dining","9":"first","10":"instock","11":"shipping-taxable","12":"purchasable","13":"product-type-simple"},"aioseo_notices":[],"_links":{"self":[{"href":"https:\/\/xn--kbrsglobalstore-7kcc.com\/tr\/wp-json\/wp\/v2\/product\/32750","targetHints":{"allow":["GET"]}}],"collection":[{"href":"https:\/\/xn--kbrsglobalstore-7kcc.com\/tr\/wp-json\/wp\/v2\/product"}],"about":[{"href":"https:\/\/xn--kbrsglobalstore-7kcc.com\/tr\/wp-json\/wp\/v2\/types\/product"}],"replies":[{"embeddable":true,"href":"https:\/\/xn--kbrsglobalstore-7kcc.com\/tr\/wp-json\/wp\/v2\/comments?post=32750"}],"wp:featuredmedia":[{"embeddable":true,"href":"https:\/\/xn--kbrsglobalstore-7kcc.com\/tr\/wp-json\/wp\/v2\/media\/32773"}],"wp:attachment":[{"href":"https:\/\/xn--kbrsglobalstore-7kcc.com\/tr\/wp-json\/wp\/v2\/media?parent=32750"}],"wp:term":[{"taxonomy":"product_brand","embeddable":true,"href":"https:\/\/xn--kbrsglobalstore-7kcc.com\/tr\/wp-json\/wp\/v2\/product_brand?post=32750"},{"taxonomy":"product_cat","embeddable":true,"href":"https:\/\/xn--kbrsglobalstore-7kcc.com\/tr\/wp-json\/wp\/v2\/product_cat?post=32750"},{"taxonomy":"product_tag","embeddable":true,"href":"https:\/\/xn--kbrsglobalstore-7kcc.com\/tr\/wp-json\/wp\/v2\/product_tag?post=32750"}],"curies":[{"name":"wp","href":"https:\/\/api.w.org\/{rel}","templated":true}]}}