{"id":32749,"date":"2025-12-11T22:55:42","date_gmt":"2025-12-11T22:55:42","guid":{"rendered":"https:\/\/xn--kbrsglobalstore-7kcc.com\/?post_type=product&#038;p=32749"},"modified":"2025-12-16T21:57:01","modified_gmt":"2025-12-16T21:57:01","slug":"6-compartment-food-dispenser-800ml-per-cell-pppet-rotation-system-transparent-windows-one-press-release-with-measuring-cup-4-5l-capacity-dia-22x25cm-base-w-anti-slip","status":"publish","type":"product","link":"https:\/\/xn--kbrsglobalstore-7kcc.com\/tr\/urun\/6-compartment-food-dispenser-800ml-per-cell-pppet-rotation-system-transparent-windows-one-press-release-with-measuring-cup-4-5l-capacity-dia-22x25cm-base-w-anti-slip\/","title":{"rendered":"6 B\u00f6lmeli Mama Dispenseri | B\u00f6lme Ba\u015f\u0131na 800 ml (PP+PET) | D\u00f6ner Sistem"},"content":{"rendered":"<p class=\"ds-markdown-paragraph translation-block\">6 B\u00f6lmeli D\u00f6ner G\u0131da Da\u011f\u0131t\u0131c\u0131s\u0131 ile mutfak d\u00fczeninizi ba\u015ftan yarat\u0131n. Bu dahiyane saklama \u00e7\u00f6z\u00fcm\u00fc, 800 ml'lik alt\u0131 ayr\u0131 b\u00f6lmeye sahip, 360\u00b0 d\u00f6nebilen p\u00fcr\u00fczs\u00fcz bir d\u00f6ner tabla i\u00e7erir ve tah\u0131l, kuruyemi\u015f, makarna veya at\u0131\u015ft\u0131rmal\u0131klar gibi \u00e7e\u015fitli kuru g\u0131dalar\u0131 basit bir d\u00f6nd\u00fcrme hareketiyle saklaman\u0131za ve eri\u015fmenize olanak tan\u0131r.<\/p>\n<p class=\"ds-markdown-paragraph translation-block\">Dayan\u0131kl\u0131, g\u0131da g\u00fcvenli\u011fine uygun PP ve PET malzemelerden \u00fcretilen bu \u00fcr\u00fcn, i\u00e7eri\u011fin kolayca belirlenmesi i\u00e7in her bir b\u00f6lmede \u015feffaf pencereler i\u00e7erir. Yenilik\u00e7i tek tu\u015fla a\u00e7ma mekanizmas\u0131 m\u00fckemmel bir porsiyon sunar ve birlikte verilen \u00f6l\u00e7\u00fc kab\u0131 tariflerde do\u011frulu\u011fu sa\u011flar.<\/p>\n<p class=\"ds-markdown-paragraph translation-block\">4,5 litrelik geni\u015f kapasitesi ve 22 cm \u00e7ap\u0131ndaki sa\u011flam kaymaz taban\u0131yla bu da\u011f\u0131t\u0131c\u0131, tezgah\u0131n\u0131z\u0131 d\u00fczenli tutar ve kilerinizdeki temel malzemeleri taze, eri\u015filebilir ve g\u00fczel bir \u015fekilde organize eder. Modern ve verimli bir mutfak i\u00e7in olmazsa olmaz bir \u00fcr\u00fcn.<\/p>","protected":false},"excerpt":{"rendered":"<p>Revolutionize your kitchen organization with the 6-Compartment Rotating Food Dispenser. This ingenious storage solution features a\u00a0smooth 360\u00b0 rotating carousel\u00a0with\u00a0six individual 800ml compartments, allowing you to store and access a variety of dry goods like\u00a0cereal, nuts, pasta, or snacks\u00a0with a simple spin. Constructed from durable, food-safe\u00a0PP and PET materials, it includes\u00a0transparent windows\u00a0on each cell for easy [&hellip;]<\/p>","protected":false},"featured_media":32768,"comment_status":"open","ping_status":"closed","template":"","meta":{"_monsterinsights_skip_tracking":false,"_monsterinsights_sitenote_active":false,"_monsterinsights_sitenote_note":"","_monsterinsights_sitenote_category":0},"product_brand":[],"product_cat":[15,136],"product_tag":[],"class_list":{"0":"post-32749","1":"product","2":"type-product","3":"status-publish","4":"has-post-thumbnail","6":"product_cat-uncategorized","7":"product_cat-kitchen-dining","9":"first","10":"instock","11":"shipping-taxable","12":"purchasable","13":"product-type-simple"},"aioseo_notices":[],"_links":{"self":[{"href":"https:\/\/xn--kbrsglobalstore-7kcc.com\/tr\/wp-json\/wp\/v2\/product\/32749","targetHints":{"allow":["GET"]}}],"collection":[{"href":"https:\/\/xn--kbrsglobalstore-7kcc.com\/tr\/wp-json\/wp\/v2\/product"}],"about":[{"href":"https:\/\/xn--kbrsglobalstore-7kcc.com\/tr\/wp-json\/wp\/v2\/types\/product"}],"replies":[{"embeddable":true,"href":"https:\/\/xn--kbrsglobalstore-7kcc.com\/tr\/wp-json\/wp\/v2\/comments?post=32749"}],"wp:featuredmedia":[{"embeddable":true,"href":"https:\/\/xn--kbrsglobalstore-7kcc.com\/tr\/wp-json\/wp\/v2\/media\/32768"}],"wp:attachment":[{"href":"https:\/\/xn--kbrsglobalstore-7kcc.com\/tr\/wp-json\/wp\/v2\/media?parent=32749"}],"wp:term":[{"taxonomy":"product_brand","embeddable":true,"href":"https:\/\/xn--kbrsglobalstore-7kcc.com\/tr\/wp-json\/wp\/v2\/product_brand?post=32749"},{"taxonomy":"product_cat","embeddable":true,"href":"https:\/\/xn--kbrsglobalstore-7kcc.com\/tr\/wp-json\/wp\/v2\/product_cat?post=32749"},{"taxonomy":"product_tag","embeddable":true,"href":"https:\/\/xn--kbrsglobalstore-7kcc.com\/tr\/wp-json\/wp\/v2\/product_tag?post=32749"}],"curies":[{"name":"wp","href":"https:\/\/api.w.org\/{rel}","templated":true}]}}