{"id":32748,"date":"2025-12-11T22:53:33","date_gmt":"2025-12-11T22:53:33","guid":{"rendered":"https:\/\/xn--kbrsglobalstore-7kcc.com\/?post_type=product&#038;p=32748"},"modified":"2025-12-15T15:18:21","modified_gmt":"2025-12-15T15:18:21","slug":"spice-rack-retoo-homesmart-360-degree-rotating-16-glass-containers-stainless-steel-black-with-labels-and-marker-kitchen-organizer","status":"publish","type":"product","link":"https:\/\/xn--kbrsglobalstore-7kcc.com\/tr\/urun\/spice-rack-retoo-homesmart-360-degree-rotating-16-glass-containers-stainless-steel-black-with-labels-and-marker-kitchen-organizer\/","title":{"rendered":"RETOO Homesmart 360 Derece D\u00f6nebilen Baharatl\u0131k, 16 Cam Kap, Paslanmaz \u00c7elik, Siyah, Etiketli ve \u0130\u015faretleyicili Mutfak D\u00fczenleyici"},"content":{"rendered":"<p class=\"ds-markdown-paragraph translation-block\">RETOO Homesmart 360\u00b0 D\u00f6nen Baharat Raf\u0131 ile da\u011f\u0131n\u0131k dolaplar\u0131n\u0131z\u0131 \u015f\u0131k ve i\u015flevsel bir kiler merkezine d\u00f6n\u00fc\u015ft\u00fcr\u00fcn. Bu yenilik\u00e7i d\u00fczenleyici, t\u00fcm baharatlar\u0131n\u0131z\u0131 basit bir d\u00f6nd\u00fcrme hareketiyle kolayca ula\u015f\u0131labilir hale getiren ve kalabal\u0131k raflarda arama yapma ihtiyac\u0131n\u0131 ortadan kald\u0131ran, p\u00fcr\u00fczs\u00fcz 360 derece d\u00f6nen bir d\u00f6ner tabla \u00f6zelli\u011fine sahiptir.<\/p>\n<p class=\"ds-markdown-paragraph translation-block\">Set, tazeli\u011fi korumak i\u00e7in hava ge\u00e7irmez contalara sahip 16 adet birinci s\u0131n\u0131f cam kavanoz i\u00e7erir ve bunlar modern siyah kaplamal\u0131 dayan\u0131kl\u0131 paslanmaz \u00e7elik bir \u00e7er\u00e7eve \u00fczerinde muhafaza edilir. Her kavanoz, baharatlar\u0131, otlar\u0131 ve \u00e7e\u015fnileri zahmetsizce tan\u0131mlayabilmeniz i\u00e7in bo\u015f etiketler ve bir i\u015faretleyici ile birlikte gelir.<\/p>\n<p class=\"ds-markdown-paragraph translation-block\">Mutfak tezgah\u0131n\u0131zda veya dolab\u0131n\u0131zda yer tasarrufu sa\u011flarken, mutfa\u011f\u0131n\u0131za \u015f\u0131k ve modern bir tarz kat\u0131n. Bu hepsi bir arada mutfak d\u00fczenleyici, yemek haz\u0131rl\u0131\u011f\u0131n\u0131 kolayla\u015ft\u0131r\u0131r, baharatlar\u0131n\u0131z\u0131 d\u00fczenli bir \u015fekilde muhafaza eder ve bunu yaparken de harika g\u00f6r\u00fcn\u00fcr.<\/p>","protected":false},"excerpt":{"rendered":"<p>Transform cluttered cabinets into a sleek, functional pantry centerpiece with the RETOO Homesmart 360\u00b0 Rotating Spice Rack. This innovative organizer features a\u00a0smooth 360-degree rotating carousel\u00a0that brings all your spices within easy reach with a simple spin, eliminating the need to dig through crowded shelves. The set includes\u00a016 premium glass jars\u00a0with airtight seals to lock in [&hellip;]<\/p>","protected":false},"featured_media":32759,"comment_status":"open","ping_status":"closed","template":"","meta":{"_monsterinsights_skip_tracking":false,"_monsterinsights_sitenote_active":false,"_monsterinsights_sitenote_note":"","_monsterinsights_sitenote_category":0},"product_brand":[],"product_cat":[15,136],"product_tag":[],"class_list":{"0":"post-32748","1":"product","2":"type-product","3":"status-publish","4":"has-post-thumbnail","6":"product_cat-uncategorized","7":"product_cat-kitchen-dining","9":"first","10":"instock","11":"shipping-taxable","12":"purchasable","13":"product-type-simple"},"aioseo_notices":[],"_links":{"self":[{"href":"https:\/\/xn--kbrsglobalstore-7kcc.com\/tr\/wp-json\/wp\/v2\/product\/32748","targetHints":{"allow":["GET"]}}],"collection":[{"href":"https:\/\/xn--kbrsglobalstore-7kcc.com\/tr\/wp-json\/wp\/v2\/product"}],"about":[{"href":"https:\/\/xn--kbrsglobalstore-7kcc.com\/tr\/wp-json\/wp\/v2\/types\/product"}],"replies":[{"embeddable":true,"href":"https:\/\/xn--kbrsglobalstore-7kcc.com\/tr\/wp-json\/wp\/v2\/comments?post=32748"}],"wp:featuredmedia":[{"embeddable":true,"href":"https:\/\/xn--kbrsglobalstore-7kcc.com\/tr\/wp-json\/wp\/v2\/media\/32759"}],"wp:attachment":[{"href":"https:\/\/xn--kbrsglobalstore-7kcc.com\/tr\/wp-json\/wp\/v2\/media?parent=32748"}],"wp:term":[{"taxonomy":"product_brand","embeddable":true,"href":"https:\/\/xn--kbrsglobalstore-7kcc.com\/tr\/wp-json\/wp\/v2\/product_brand?post=32748"},{"taxonomy":"product_cat","embeddable":true,"href":"https:\/\/xn--kbrsglobalstore-7kcc.com\/tr\/wp-json\/wp\/v2\/product_cat?post=32748"},{"taxonomy":"product_tag","embeddable":true,"href":"https:\/\/xn--kbrsglobalstore-7kcc.com\/tr\/wp-json\/wp\/v2\/product_tag?post=32748"}],"curies":[{"name":"wp","href":"https:\/\/api.w.org\/{rel}","templated":true}]}}