{"id":32638,"date":"2025-12-11T12:40:17","date_gmt":"2025-12-11T12:40:17","guid":{"rendered":"https:\/\/xn--kbrsglobalstore-7kcc.com\/?post_type=product&#038;p=32638"},"modified":"2025-12-16T21:47:20","modified_gmt":"2025-12-16T21:47:20","slug":"retro-square-polarized-metal-sunglasses-for-men-classic-stylish-decoration-for-outdoor-travel-beach-vacation-uv-protection-glasses-sunglasses-sun-glasses-beach-accessories-sun-glasses-sunglasses-sh","status":"publish","type":"product","link":"https:\/\/xn--kbrsglobalstore-7kcc.com\/tr\/urun\/retro-square-polarized-metal-sunglasses-for-men-classic-stylish-decoration-for-outdoor-travel-beach-vacation-uv-protection-glasses-sunglasses-sun-glasses-beach-accessories-sun-glasses-sunglasses-sh\/","title":{"rendered":"Erkekler i\u00e7in Retro Kare Polarize Metal G\u00fcne\u015f G\u00f6zl\u00fc\u011f\u00fc"},"content":{"rendered":"<p class=\"ds-markdown-paragraph translation-block\">Bu Retro Kare Polarize Metal G\u00fcne\u015f G\u00f6zl\u00fckleri ile zamans\u0131z bir \u015f\u0131kl\u0131k yakalay\u0131n. Hafif ve dayan\u0131kl\u0131 metalden \u00fcretilmi\u015f klasik kare sil\u00fcetiyle bu g\u00fcne\u015f g\u00f6zl\u00fckleri, vintage esintili tasar\u0131m\u0131 modern performansla birle\u015ftirerek hem \u015f\u0131k hem de ikonik bir g\u00f6r\u00fcn\u00fcm sunuyor.<\/p>\n<p class=\"ds-markdown-paragraph translation-block\">Polarize lenslerle donat\u0131lm\u0131\u015f olan bu g\u00f6zl\u00fckler, su, yollar ve di\u011fer yans\u0131t\u0131c\u0131 y\u00fczeylerden gelen sert parlamay\u0131 etkili bir \u015fekilde ortadan kald\u0131rarak \u00fcst\u00fcn g\u00f6rsel konfor ve netlik sa\u011flar. 0 UV korumas\u0131 sunan bu g\u00f6zl\u00fckler, plaj tatilleri, a\u00e7\u0131k hava seyahatleri, araba kullanma ve t\u00fcm yaz aktiviteleri i\u00e7in vazge\u00e7ilmez bir aksesuard\u0131r.<\/p>\n<p class=\"ds-markdown-paragraph translation-block\">Sadece g\u00f6z korumas\u0131 olmaktan \u00f6te, her t\u00fcrl\u00fc s\u0131cak hava k\u0131yafetini tamamlayan \u015f\u0131k bir aksesuard\u0131r. Se\u00e7kin erkekler i\u00e7in retro cazibeyi pratik g\u00fcne\u015f korumas\u0131yla birle\u015ftiren olmazsa olmaz bir plaj aksesuar\u0131d\u0131r.<\/p>","protected":false},"excerpt":{"rendered":"<p>Channel timeless cool with these Retro Square Polarized Metal Sunglasses. Featuring a classic\u00a0square silhouette\u00a0crafted from lightweight, durable metal, these sunglasses blend\u00a0vintage-inspired design\u00a0with modern performance for a look that is both\u00a0stylish and iconic. Equipped with\u00a0polarized lenses, they effectively eliminate harsh glare from water, roads, and other reflective surfaces, providing superior visual comfort and clarity. Offering\u00a0100% UV [&hellip;]<\/p>","protected":false},"featured_media":32675,"comment_status":"open","ping_status":"closed","template":"","meta":{"_monsterinsights_skip_tracking":false,"_monsterinsights_sitenote_active":false,"_monsterinsights_sitenote_note":"","_monsterinsights_sitenote_category":0},"product_brand":[],"product_cat":[15,131],"product_tag":[],"class_list":{"0":"post-32638","1":"product","2":"type-product","3":"status-publish","4":"has-post-thumbnail","6":"product_cat-uncategorized","7":"product_cat-eyewear","9":"first","10":"instock","11":"shipping-taxable","12":"purchasable","13":"product-type-simple"},"aioseo_notices":[],"_links":{"self":[{"href":"https:\/\/xn--kbrsglobalstore-7kcc.com\/tr\/wp-json\/wp\/v2\/product\/32638","targetHints":{"allow":["GET"]}}],"collection":[{"href":"https:\/\/xn--kbrsglobalstore-7kcc.com\/tr\/wp-json\/wp\/v2\/product"}],"about":[{"href":"https:\/\/xn--kbrsglobalstore-7kcc.com\/tr\/wp-json\/wp\/v2\/types\/product"}],"replies":[{"embeddable":true,"href":"https:\/\/xn--kbrsglobalstore-7kcc.com\/tr\/wp-json\/wp\/v2\/comments?post=32638"}],"wp:featuredmedia":[{"embeddable":true,"href":"https:\/\/xn--kbrsglobalstore-7kcc.com\/tr\/wp-json\/wp\/v2\/media\/32675"}],"wp:attachment":[{"href":"https:\/\/xn--kbrsglobalstore-7kcc.com\/tr\/wp-json\/wp\/v2\/media?parent=32638"}],"wp:term":[{"taxonomy":"product_brand","embeddable":true,"href":"https:\/\/xn--kbrsglobalstore-7kcc.com\/tr\/wp-json\/wp\/v2\/product_brand?post=32638"},{"taxonomy":"product_cat","embeddable":true,"href":"https:\/\/xn--kbrsglobalstore-7kcc.com\/tr\/wp-json\/wp\/v2\/product_cat?post=32638"},{"taxonomy":"product_tag","embeddable":true,"href":"https:\/\/xn--kbrsglobalstore-7kcc.com\/tr\/wp-json\/wp\/v2\/product_tag?post=32638"}],"curies":[{"name":"wp","href":"https:\/\/api.w.org\/{rel}","templated":true}]}}