{"id":32637,"date":"2025-12-11T12:38:46","date_gmt":"2025-12-11T12:38:46","guid":{"rendered":"https:\/\/xn--kbrsglobalstore-7kcc.com\/?post_type=product&#038;p=32637"},"modified":"2025-12-15T15:21:35","modified_gmt":"2025-12-15T15:21:35","slug":"2025-new-tops-retro-high-quality-brand-designed-flat-light-glasses-anti-radiation-eye-protection-glasses-suitable-for-men-and-woman-fashion-polygon-tr90-glasses","status":"publish","type":"product","link":"https:\/\/xn--kbrsglobalstore-7kcc.com\/tr\/urun\/2025-new-tops-retro-high-quality-brand-designed-flat-light-glasses-anti-radiation-eye-protection-glasses-suitable-for-men-and-woman-fashion-polygon-tr90-glasses\/","title":{"rendered":"2025 Yeni Retro Y\u00fcksek Kaliteli Marka Tasar\u0131ml\u0131 D\u00fcz \u200b\u200bI\u015f\u0131k G\u00f6zl\u00fckleri Radyasyon \u00d6nleyici G\u00f6z Koruma G\u00f6zl\u00fckleri Erkekler ve Kad\u0131nlar \u0130\u00e7in Uygun Moda \u00c7okgen TR90 G\u00f6zl\u00fckler"},"content":{"rendered":"<p class=\"ds-markdown-paragraph translation-block\">2025 Retro Y\u00fcksek Kaliteli D\u00fcz I\u015f\u0131k G\u00f6zl\u00fckleri ile g\u00f6zl\u00fck tasar\u0131m\u0131n\u0131n gelece\u011fine ad\u0131m at\u0131n. Bu g\u00f6zl\u00fckler, g\u00fcn boyu konfor ve dayan\u0131kl\u0131l\u0131k i\u00e7in ultra hafif ve esnek TR90 malzemeden \u00fcretilmi\u015f, cesur ve modern \u00e7okgen \u00e7er\u00e7eve tasar\u0131m\u0131n\u0131 nostaljik retro bir sil\u00fcetle birle\u015ftiriyor.<\/p>\n<p class=\"ds-markdown-paragraph translation-block\">Geli\u015fmi\u015f d\u00fcz \u0131\u015f\u0131k lensleriyle tasarlanan bu g\u00f6zl\u00fckler, dijital ekranlardan yay\u0131lan mavi \u0131\u015f\u0131\u011f\u0131 etkili bir \u015fekilde filtreleyerek radyasyonu azalt\u0131r ve uzun \u00e7al\u0131\u015fma veya oyun saatlerinde g\u00f6zleriniz i\u00e7in gerekli korumay\u0131 sa\u011flar. Y\u00fcksek kaliteli yap\u0131s\u0131, hem erkekler hem de kad\u0131nlar i\u00e7in net g\u00f6r\u00fc\u015f ve rahat bir kullan\u0131m sunar.<\/p>\n<p class=\"ds-markdown-paragraph translation-block\"><strong>En son teknoloji koruma ve \u015f\u0131k tasar\u0131m\u0131n<\/strong> m\u00fckemmel birle\u015fimi olan bu g\u00f6zl\u00fckler, hem g\u00f6z sa\u011fl\u0131\u011f\u0131na hem de dikkat \u00e7ekici stile de\u011fer veren teknoloji merakl\u0131s\u0131 bireyler i\u00e7in ideal bir aksesuard\u0131r. G\u00f6r\u00fcn\u00fcm\u00fcn\u00fcz\u00fc y\u00fckseltirken g\u00f6r\u00fc\u015f\u00fcn\u00fcz\u00fc de koruyun.<\/p>","protected":false},"excerpt":{"rendered":"<p>Step into the future of eyewear with the 2025 Retro High-Quality Flat Light Glasses. These glasses blend a\u00a0bold, modern polygon frame design\u00a0with a nostalgic retro silhouette, crafted from\u00a0ultra-lightweight and flexible TR90 material\u00a0for all-day comfort and durability. Designed with\u00a0advanced flat light lenses, they effectively\u00a0filter blue light and reduce radiation\u00a0from digital screens, providing essential protection for your [&hellip;]<\/p>","protected":false},"featured_media":32670,"comment_status":"open","ping_status":"closed","template":"","meta":{"_monsterinsights_skip_tracking":false,"_monsterinsights_sitenote_active":false,"_monsterinsights_sitenote_note":"","_monsterinsights_sitenote_category":0},"product_brand":[],"product_cat":[15,131],"product_tag":[],"class_list":{"0":"post-32637","1":"product","2":"type-product","3":"status-publish","4":"has-post-thumbnail","6":"product_cat-uncategorized","7":"product_cat-eyewear","9":"first","10":"instock","11":"shipping-taxable","12":"purchasable","13":"product-type-simple"},"aioseo_notices":[],"_links":{"self":[{"href":"https:\/\/xn--kbrsglobalstore-7kcc.com\/tr\/wp-json\/wp\/v2\/product\/32637","targetHints":{"allow":["GET"]}}],"collection":[{"href":"https:\/\/xn--kbrsglobalstore-7kcc.com\/tr\/wp-json\/wp\/v2\/product"}],"about":[{"href":"https:\/\/xn--kbrsglobalstore-7kcc.com\/tr\/wp-json\/wp\/v2\/types\/product"}],"replies":[{"embeddable":true,"href":"https:\/\/xn--kbrsglobalstore-7kcc.com\/tr\/wp-json\/wp\/v2\/comments?post=32637"}],"wp:featuredmedia":[{"embeddable":true,"href":"https:\/\/xn--kbrsglobalstore-7kcc.com\/tr\/wp-json\/wp\/v2\/media\/32670"}],"wp:attachment":[{"href":"https:\/\/xn--kbrsglobalstore-7kcc.com\/tr\/wp-json\/wp\/v2\/media?parent=32637"}],"wp:term":[{"taxonomy":"product_brand","embeddable":true,"href":"https:\/\/xn--kbrsglobalstore-7kcc.com\/tr\/wp-json\/wp\/v2\/product_brand?post=32637"},{"taxonomy":"product_cat","embeddable":true,"href":"https:\/\/xn--kbrsglobalstore-7kcc.com\/tr\/wp-json\/wp\/v2\/product_cat?post=32637"},{"taxonomy":"product_tag","embeddable":true,"href":"https:\/\/xn--kbrsglobalstore-7kcc.com\/tr\/wp-json\/wp\/v2\/product_tag?post=32637"}],"curies":[{"name":"wp","href":"https:\/\/api.w.org\/{rel}","templated":true}]}}