{"id":32636,"date":"2025-12-11T12:36:25","date_gmt":"2025-12-11T12:36:25","guid":{"rendered":"https:\/\/xn--kbrsglobalstore-7kcc.com\/?post_type=product&#038;p=32636"},"modified":"2025-12-16T21:46:02","modified_gmt":"2025-12-16T21:46:02","slug":"3pcs-new-style-solid-color-retro-fashion-nd9-adjustable-dimming-mens-womens-glasses-alloy-spectacle-framesblack-gray-tac-lenses-fishing-driving-double-filter-glasses-anti-ultravioletboth-men-a","status":"publish","type":"product","link":"https:\/\/xn--kbrsglobalstore-7kcc.com\/tr\/urun\/3pcs-new-style-solid-color-retro-fashion-nd9-adjustable-dimming-mens-womens-glasses-alloy-spectacle-framesblack-gray-tac-lenses-fishing-driving-double-filter-glasses-anti-ultravioletboth-men-a\/","title":{"rendered":"3 Par\u00e7a Yeni Stil D\u00fcz Renk Retro Moda ND9 Ayarlanabilir I\u015f\u0131kland\u0131rmal\u0131 Erkek ve Kad\u0131n G\u00f6zl\u00fc\u011f\u00fc"},"content":{"rendered":"<p>Yeni Stil D\u00fcz Renkli Retro ND9 Ayarlanabilir Karartmal\u0131 G\u00f6zl\u00fcklerle \u00e7ok y\u00f6nl\u00fc g\u00f6rsel konforu deneyimleyin. Bu yenilik\u00e7i g\u00f6zl\u00fckler, ortam \u0131\u015f\u0131\u011f\u0131na g\u00f6re renk tonunu otomatik olarak ayarlayan geli\u015fmi\u015f ND9 lenslere sahiptir ve hem i\u00e7 hem de d\u0131\u015f mekan kullan\u0131m\u0131nda optimum netlik sa\u011flar.<\/p>\n<p>Zamans\u0131z, d\u00fcz renkli retro tasar\u0131ml\u0131, dayan\u0131kl\u0131 ala\u015f\u0131ml\u0131 \u00e7er\u00e7eveye sahip bu g\u00f6zl\u00fckler hem erkekler hem de kad\u0131nlar i\u00e7in uygundur. Lensler, UV \u0131\u015f\u0131nlar\u0131na ve parlamaya kar\u015f\u0131 \u00e7ift koruma sa\u011flayarak s\u00fcr\u00fc\u015f, bal\u0131k\u00e7\u0131l\u0131k, i\u015f seyahati ve ofis \u00e7al\u0131\u015fmalar\u0131 i\u00e7in idealdir. Polarize filtreleri ise g\u00f6z yorgunlu\u011funu azalt\u0131r ve g\u00f6rsel kontrast\u0131 art\u0131r\u0131r.<\/p>\n<p>\u0130\u015flevsel teknoloji ve retro modan\u0131n m\u00fckemmel birle\u015fimi olan bu g\u00f6zl\u00fckler, stil, konfor ve uyarlanabilir performansa de\u011fer veren modern profesyoneller veya a\u00e7\u0131k hava merakl\u0131lar\u0131 i\u00e7in ak\u0131ll\u0131 ve ki\u015fiselle\u015ftirilmi\u015f bir aksesuard\u0131r.<\/p>\n<p>&nbsp;<\/p>","protected":false},"excerpt":{"rendered":"<p>Experience versatile visual comfort with the New Style Solid-Color Retro ND9 Adjustable Dimming Glasses. These innovative glasses feature advanced ND9 lenses that automatically adjust their tint level based on ambient light, providing optimal clarity for both indoor and outdoor use. Crafted with a durable alloy frame in a timeless solid-color retro design, they suit both [&hellip;]<\/p>","protected":false},"featured_media":32667,"comment_status":"open","ping_status":"closed","template":"","meta":{"_monsterinsights_skip_tracking":false,"_monsterinsights_sitenote_active":false,"_monsterinsights_sitenote_note":"","_monsterinsights_sitenote_category":0},"product_brand":[],"product_cat":[15,131],"product_tag":[],"class_list":{"0":"post-32636","1":"product","2":"type-product","3":"status-publish","4":"has-post-thumbnail","6":"product_cat-uncategorized","7":"product_cat-eyewear","9":"first","10":"instock","11":"shipping-taxable","12":"purchasable","13":"product-type-simple"},"aioseo_notices":[],"_links":{"self":[{"href":"https:\/\/xn--kbrsglobalstore-7kcc.com\/tr\/wp-json\/wp\/v2\/product\/32636","targetHints":{"allow":["GET"]}}],"collection":[{"href":"https:\/\/xn--kbrsglobalstore-7kcc.com\/tr\/wp-json\/wp\/v2\/product"}],"about":[{"href":"https:\/\/xn--kbrsglobalstore-7kcc.com\/tr\/wp-json\/wp\/v2\/types\/product"}],"replies":[{"embeddable":true,"href":"https:\/\/xn--kbrsglobalstore-7kcc.com\/tr\/wp-json\/wp\/v2\/comments?post=32636"}],"wp:featuredmedia":[{"embeddable":true,"href":"https:\/\/xn--kbrsglobalstore-7kcc.com\/tr\/wp-json\/wp\/v2\/media\/32667"}],"wp:attachment":[{"href":"https:\/\/xn--kbrsglobalstore-7kcc.com\/tr\/wp-json\/wp\/v2\/media?parent=32636"}],"wp:term":[{"taxonomy":"product_brand","embeddable":true,"href":"https:\/\/xn--kbrsglobalstore-7kcc.com\/tr\/wp-json\/wp\/v2\/product_brand?post=32636"},{"taxonomy":"product_cat","embeddable":true,"href":"https:\/\/xn--kbrsglobalstore-7kcc.com\/tr\/wp-json\/wp\/v2\/product_cat?post=32636"},{"taxonomy":"product_tag","embeddable":true,"href":"https:\/\/xn--kbrsglobalstore-7kcc.com\/tr\/wp-json\/wp\/v2\/product_tag?post=32636"}],"curies":[{"name":"wp","href":"https:\/\/api.w.org\/{rel}","templated":true}]}}