{"id":32634,"date":"2025-12-11T12:32:25","date_gmt":"2025-12-11T12:32:25","guid":{"rendered":"https:\/\/xn--kbrsglobalstore-7kcc.com\/?post_type=product&#038;p=32634"},"modified":"2025-12-15T15:17:19","modified_gmt":"2025-12-15T15:17:19","slug":"2pcs-mens-casual-new-retro-style-rectangular-frame-full-frame-fashion-glasses-suitable-for-outdoor-activities-outfits-back-to-school-fashionable-preppy-school-look","status":"publish","type":"product","link":"https:\/\/xn--kbrsglobalstore-7kcc.com\/tr\/urun\/2pcs-mens-casual-new-retro-style-rectangular-frame-full-frame-fashion-glasses-suitable-for-outdoor-activities-outfits-back-to-school-fashionable-preppy-school-look\/","title":{"rendered":"2 Adet Erkek G\u00fcnl\u00fck Yeni Retro Tarz\u0131 Dikd\u00f6rtgen \u00c7er\u00e7eveli Tam \u00c7er\u00e7eveli Moda G\u00f6zl\u00fck, A\u00e7\u0131k Hava Aktiviteleri ve K\u0131yafetler \u0130\u00e7in Uygun, Okula D\u00f6n\u00fc\u015f \u0130\u00e7in \u015e\u0131k ve Preppy Okul G\u00f6r\u00fcn\u00fcm\u00fc"},"content":{"rendered":"<div class=\"ds-message _63c77b1\">\n<div class=\"ds-markdown\">\n<p class=\"ds-markdown-paragraph translation-block\">Klasik zek\u00e2 ve modern bir dokunu\u015fla tarz\u0131n\u0131z\u0131 tan\u0131mlay\u0131n. Bu Erkek Retro Tarz\u0131 Dikd\u00f6rtgen Tam \u00c7er\u00e7eveli Moda G\u00f6zl\u00fckler, \u00e7a\u011fda\u015f ve modaya uygun bir g\u00f6r\u00fcn\u00fcm sunarken vintage akademik stile g\u00f6nderme yapan cesur, tam \u00e7er\u00e7eveli dikd\u00f6rtgen bir tasar\u0131ma sahiptir. Sa\u011flam yap\u0131s\u0131, g\u00fcnl\u00fck kullan\u0131m i\u00e7in dayan\u0131kl\u0131l\u0131k sa\u011flar.<\/p>\n<p class=\"ds-markdown-paragraph translation-block\">\u015e\u0131k ve preppy bir okul g\u00f6r\u00fcn\u00fcm\u00fc yaratmak veya g\u00fcnl\u00fck ve d\u0131\u015f mekan k\u0131yafetlerinize incelikli bir dokunu\u015f katmak i\u00e7in m\u00fckemmel olan bu g\u00f6zl\u00fckler, her t\u00fcrl\u00fc kombini sade bir zarafetle tamaml\u0131yor. \u00c7ok y\u00f6nl\u00fc tasar\u0131mlar\u0131, kamp\u00fcsten hafta sonu maceralar\u0131na zahmetsizce ge\u00e7i\u015f sa\u011fl\u0131yor.<\/p>\n<p class=\"ds-markdown-paragraph\">Re\u00e7ete gerektirmeyen ideal bir aksesuar olan bu g\u00f6zl\u00fckler, zamans\u0131z tasar\u0131m\u0131 ve \u00e7ok y\u00f6nl\u00fc i\u015flevselli\u011fi takdir eden stil sahibi erkekler i\u00e7in m\u00fckemmel bir tamamlay\u0131c\u0131d\u0131r.<\/p>\n<\/div>\n<\/div>\n<div class=\"ds-theme\"><\/div>\n<div class=\"ds-flex _0a3d93b\">\n<div class=\"ds-flex _965abe9 _54866f7\">\n<div class=\"db183363 ds-icon-button ds-icon-button--m ds-icon-button--sizing-container\" tabindex=\"0\" role=\"button\" aria-disabled=\"false\">\n<div class=\"ds-icon-button__hover-bg\"><\/div>\n<div class=\"ds-icon\"><\/div>\n<div class=\"ds-focus-ring\"><\/div>\n<\/div>\n<div class=\"db183363 ds-icon-button ds-icon-button--m ds-icon-button--sizing-container\" tabindex=\"0\" role=\"button\" aria-disabled=\"false\">\n<div class=\"ds-icon-button__hover-bg\"><\/div>\n<div class=\"ds-icon\"><\/div>\n<div class=\"ds-focus-ring\"><\/div>\n<\/div>\n<div class=\"db183363 ds-icon-button ds-icon-button--m ds-icon-button--sizing-container\" tabindex=\"0\" role=\"button\" aria-disabled=\"false\">\n<div class=\"ds-icon-button__hover-bg\"><\/div>\n<div class=\"ds-icon\"><\/div>\n<div class=\"ds-focus-ring\"><\/div>\n<\/div>\n<div class=\"db183363 ds-icon-button ds-icon-button--m ds-icon-button--sizing-container\" tabindex=\"0\" role=\"button\" aria-disabled=\"false\">\n<div class=\"ds-icon-button__hover-bg\"><\/div>\n<div class=\"ds-icon\"><\/div>\n<div class=\"ds-focus-ring\"><\/div>\n<\/div>\n<div class=\"db183363 ds-icon-button ds-icon-button--m ds-icon-button--sizing-container\" tabindex=\"0\" role=\"button\" aria-disabled=\"false\">\n<div class=\"ds-icon-button__hover-bg\"><\/div>\n<div class=\"ds-icon\"><\/div>\n<\/div>\n<\/div>\n<\/div>","protected":false},"excerpt":{"rendered":"<p>Define your look with a touch of classic intellect and modern edge. These Men&#8217;s Retro Style Rectangular Full-Frame Fashion Glasses feature a\u00a0bold, full-frame rectangular design\u00a0that nods to vintage academic style while delivering contemporary, fashion-forward appeal. The sturdy construction ensures durability for everyday wear. Perfect for crafting a\u00a0sharp, preppy school look\u00a0or adding a thoughtful accent to [&hellip;]<\/p>","protected":false},"featured_media":32660,"comment_status":"open","ping_status":"closed","template":"","meta":{"_monsterinsights_skip_tracking":false,"_monsterinsights_sitenote_active":false,"_monsterinsights_sitenote_note":"","_monsterinsights_sitenote_category":0},"product_brand":[],"product_cat":[15,131],"product_tag":[],"class_list":{"0":"post-32634","1":"product","2":"type-product","3":"status-publish","4":"has-post-thumbnail","6":"product_cat-uncategorized","7":"product_cat-eyewear","9":"first","10":"instock","11":"shipping-taxable","12":"purchasable","13":"product-type-simple"},"aioseo_notices":[],"_links":{"self":[{"href":"https:\/\/xn--kbrsglobalstore-7kcc.com\/tr\/wp-json\/wp\/v2\/product\/32634","targetHints":{"allow":["GET"]}}],"collection":[{"href":"https:\/\/xn--kbrsglobalstore-7kcc.com\/tr\/wp-json\/wp\/v2\/product"}],"about":[{"href":"https:\/\/xn--kbrsglobalstore-7kcc.com\/tr\/wp-json\/wp\/v2\/types\/product"}],"replies":[{"embeddable":true,"href":"https:\/\/xn--kbrsglobalstore-7kcc.com\/tr\/wp-json\/wp\/v2\/comments?post=32634"}],"wp:featuredmedia":[{"embeddable":true,"href":"https:\/\/xn--kbrsglobalstore-7kcc.com\/tr\/wp-json\/wp\/v2\/media\/32660"}],"wp:attachment":[{"href":"https:\/\/xn--kbrsglobalstore-7kcc.com\/tr\/wp-json\/wp\/v2\/media?parent=32634"}],"wp:term":[{"taxonomy":"product_brand","embeddable":true,"href":"https:\/\/xn--kbrsglobalstore-7kcc.com\/tr\/wp-json\/wp\/v2\/product_brand?post=32634"},{"taxonomy":"product_cat","embeddable":true,"href":"https:\/\/xn--kbrsglobalstore-7kcc.com\/tr\/wp-json\/wp\/v2\/product_cat?post=32634"},{"taxonomy":"product_tag","embeddable":true,"href":"https:\/\/xn--kbrsglobalstore-7kcc.com\/tr\/wp-json\/wp\/v2\/product_tag?post=32634"}],"curies":[{"name":"wp","href":"https:\/\/api.w.org\/{rel}","templated":true}]}}