{"id":32631,"date":"2025-12-11T12:25:52","date_gmt":"2025-12-11T12:25:52","guid":{"rendered":"https:\/\/xn--kbrsglobalstore-7kcc.com\/?post_type=product&#038;p=32631"},"modified":"2025-12-15T15:09:49","modified_gmt":"2025-12-15T15:09:49","slug":"mens-ultra-light-titanium-alloy-eyeglass-frame-large-face-integrated-metal-titanium-frame-for-big-eye-glasses-accessories","status":"publish","type":"product","link":"https:\/\/xn--kbrsglobalstore-7kcc.com\/tr\/urun\/mens-ultra-light-titanium-alloy-eyeglass-frame-large-face-integrated-metal-titanium-frame-for-big-eye-glasses-accessories\/","title":{"rendered":"Erkekler i\u00e7in Ultra Hafif Titanyum Ala\u015f\u0131ml\u0131 G\u00f6zl\u00fck \u00c7er\u00e7evesi, B\u00fcy\u00fck Y\u00fcz \u0130\u00e7in Entegre Metal Titanyum \u00c7er\u00e7eve, B\u00fcy\u00fck G\u00f6zl\u00fck Aksesuarlar\u0131"},"content":{"rendered":"<p class=\"ds-markdown-paragraph translation-block\">Erkekler i\u00e7in tasarlanm\u0131\u015f ultra hafif titanyum ala\u015f\u0131ml\u0131 g\u00f6zl\u00fck \u00e7er\u00e7evesi ile benzersiz konforu ve \u00e7a\u011fda\u015f stili deneyimleyin. Y\u00fcksek kaliteli titanyum ala\u015f\u0131m\u0131ndan titizlikle \u00fcretilen bu \u00e7er\u00e7eve, ola\u011fan\u00fcst\u00fc dayan\u0131kl\u0131l\u0131k ve t\u00fcy kadar hafiflik aras\u0131nda m\u00fckemmel bir denge sa\u011flayarak, t\u00fcm g\u00fcn kullan\u0131mda neredeyse fark edilmemesini garanti eder.<\/p>\n<p class=\"ds-markdown-paragraph translation-block\">Tasar\u0131m, cesur ve modern bir ifade olu\u015fturan, kusursuz bir \u015fekilde entegre edilmi\u015f metal bir yap\u0131ya sahiptir. Sa\u011flam ancak esnek yap\u0131s\u0131 g\u00fcvenli ve rahat bir uyum sa\u011flarken, titanyumun hipoalerjenik ve korozyona dayan\u0131kl\u0131 \u00f6zellikleri hassas ciltler i\u00e7in idealdir.<\/p>\n<p class=\"ds-markdown-paragraph\">\u0130ster numaral\u0131 g\u00f6zl\u00fck, ister g\u00fcne\u015f g\u00f6zl\u00fc\u011f\u00fc, isterse mavi \u0131\u015f\u0131k filtreli g\u00f6zl\u00fck olarak kullan\u0131ls\u0131n, bu \u00e7er\u00e7eve en son malzeme bilimini minimalist bir zarafetle birle\u015ftiriyor. Hem geli\u015fmi\u015f m\u00fchendisli\u011fe hem de \u015f\u0131k tasar\u0131ma de\u011fer veren se\u00e7kin erkekler i\u00e7in m\u00fckemmel bir aksesuar.<\/p>","protected":false},"excerpt":{"rendered":"<p>Experience unparalleled comfort and contemporary style with the Men&#8217;s Ultra-Light Titanium Alloy Eyeglass Frame. Meticulously crafted from\u00a0high-grade titanium alloy, this frame achieves an exceptional balance of\u00a0extreme durability and featherlight weight, ensuring it feels almost unnoticeable during all-day wear. The design features a\u00a0seamlessly integrated metal structure\u00a0with a\u00a0bold, large-face geometry\u00a0that makes a confident, modern statement. Its robust [&hellip;]<\/p>","protected":false},"featured_media":32650,"comment_status":"open","ping_status":"closed","template":"","meta":{"_monsterinsights_skip_tracking":false,"_monsterinsights_sitenote_active":false,"_monsterinsights_sitenote_note":"","_monsterinsights_sitenote_category":0},"product_brand":[],"product_cat":[15,131],"product_tag":[],"class_list":{"0":"post-32631","1":"product","2":"type-product","3":"status-publish","4":"has-post-thumbnail","6":"product_cat-uncategorized","7":"product_cat-eyewear","9":"first","10":"instock","11":"shipping-taxable","12":"purchasable","13":"product-type-simple"},"aioseo_notices":[],"_links":{"self":[{"href":"https:\/\/xn--kbrsglobalstore-7kcc.com\/tr\/wp-json\/wp\/v2\/product\/32631","targetHints":{"allow":["GET"]}}],"collection":[{"href":"https:\/\/xn--kbrsglobalstore-7kcc.com\/tr\/wp-json\/wp\/v2\/product"}],"about":[{"href":"https:\/\/xn--kbrsglobalstore-7kcc.com\/tr\/wp-json\/wp\/v2\/types\/product"}],"replies":[{"embeddable":true,"href":"https:\/\/xn--kbrsglobalstore-7kcc.com\/tr\/wp-json\/wp\/v2\/comments?post=32631"}],"wp:featuredmedia":[{"embeddable":true,"href":"https:\/\/xn--kbrsglobalstore-7kcc.com\/tr\/wp-json\/wp\/v2\/media\/32650"}],"wp:attachment":[{"href":"https:\/\/xn--kbrsglobalstore-7kcc.com\/tr\/wp-json\/wp\/v2\/media?parent=32631"}],"wp:term":[{"taxonomy":"product_brand","embeddable":true,"href":"https:\/\/xn--kbrsglobalstore-7kcc.com\/tr\/wp-json\/wp\/v2\/product_brand?post=32631"},{"taxonomy":"product_cat","embeddable":true,"href":"https:\/\/xn--kbrsglobalstore-7kcc.com\/tr\/wp-json\/wp\/v2\/product_cat?post=32631"},{"taxonomy":"product_tag","embeddable":true,"href":"https:\/\/xn--kbrsglobalstore-7kcc.com\/tr\/wp-json\/wp\/v2\/product_tag?post=32631"}],"curies":[{"name":"wp","href":"https:\/\/api.w.org\/{rel}","templated":true}]}}