{"id":32630,"date":"2025-12-11T12:24:08","date_gmt":"2025-12-11T12:24:08","guid":{"rendered":"https:\/\/xn--kbrsglobalstore-7kcc.com\/?post_type=product&#038;p=32630"},"modified":"2025-12-15T12:23:16","modified_gmt":"2025-12-15T12:23:16","slug":"1-pair-mens-metal-asymmetrical-geometric-clear-lens-glasses-beach-cover-up-tops-summer-glasses","status":"publish","type":"product","link":"https:\/\/xn--kbrsglobalstore-7kcc.com\/tr\/urun\/1-pair-mens-metal-asymmetrical-geometric-clear-lens-glasses-beach-cover-up-tops-summer-glasses\/","title":{"rendered":"1 \u00c7ift Erkek Metal Asimetrik Geometrik \u015eeffaf Lensli G\u00f6zl\u00fck, Plaj \u00d6rt\u00fcs\u00fc, Yaz G\u00f6zl\u00fc\u011f\u00fc"},"content":{"rendered":"<p>Bu erkek metal asimetrik geometrik g\u00f6zl\u00fcklerle cesur ve modern bir tarz yarat\u0131n. Hafif metalden \u00fcretilmi\u015f, son teknoloji \u00fcr\u00fcn\u00fc a\u00e7\u0131l\u0131, asimetrik \u00e7er\u00e7eve tasar\u0131m\u0131na sahip bu g\u00f6zl\u00fckler, s\u0131radanl\u0131ktan s\u0131yr\u0131lan, kendine \u00f6zg\u00fc ve modaya uygun bir g\u00f6r\u00fcn\u00fcm sunuyor. \u015eeffaf, re\u00e7etesiz lensler ise aksesuarlarla m\u00fckemmel uyum sa\u011flayan haval\u0131 ve entelekt\u00fcel bir hava kat\u0131yor.<\/p>\n<p>Yaz stilinizi tamamlamak i\u00e7in ideal olan bu \u00fcr\u00fcnler, \u015f\u0131k bir plaj \u00f6rt\u00fcs\u00fc aksesuar\u0131 olarak veya g\u00fcndelik hafta sonu ve tatil k\u0131yafetlerinize dikkat \u00e7ekici bir ek olarak kullan\u0131labilir. E\u015fsiz geometrik \u015fekilleri, herhangi bir sade kombini daha \u015f\u0131k hale getiren, iddial\u0131 ancak giyilebilir bir vurgu sa\u011flar.<\/p>\n<p>Stil sahibi erkekler i\u00e7in \u00e7ok y\u00f6nl\u00fc bir aksesuar olan bu \u00fcr\u00fcn, sanatsal tasar\u0131m\u0131 g\u00fcnl\u00fck kullan\u0131mla birle\u015ftirerek ger\u00e7ekten \u00e7a\u011fda\u015f bir g\u00f6r\u00fcn\u00fcm sunuyor.<\/p>","protected":false},"excerpt":{"rendered":"<p>Make a bold, modern statement with these Men&#8217;s Metal Asymmetrical Geometric Glasses. Featuring a cutting-edge angular, asymmetrical frame design crafted from lightweight metal, these glasses offer a distinctive, fashion-forward look that stands out from the ordinary. The clear, non-prescription lenses add a cool, intellectual vibe perfect for accessorizing. Ideal for completing your summer aesthetic, they [&hellip;]<\/p>","protected":false},"featured_media":32646,"comment_status":"open","ping_status":"closed","template":"","meta":{"_monsterinsights_skip_tracking":false,"_monsterinsights_sitenote_active":false,"_monsterinsights_sitenote_note":"","_monsterinsights_sitenote_category":0},"product_brand":[],"product_cat":[15,131],"product_tag":[],"class_list":{"0":"post-32630","1":"product","2":"type-product","3":"status-publish","4":"has-post-thumbnail","6":"product_cat-uncategorized","7":"product_cat-eyewear","9":"first","10":"instock","11":"shipping-taxable","12":"purchasable","13":"product-type-simple"},"aioseo_notices":[],"_links":{"self":[{"href":"https:\/\/xn--kbrsglobalstore-7kcc.com\/tr\/wp-json\/wp\/v2\/product\/32630","targetHints":{"allow":["GET"]}}],"collection":[{"href":"https:\/\/xn--kbrsglobalstore-7kcc.com\/tr\/wp-json\/wp\/v2\/product"}],"about":[{"href":"https:\/\/xn--kbrsglobalstore-7kcc.com\/tr\/wp-json\/wp\/v2\/types\/product"}],"replies":[{"embeddable":true,"href":"https:\/\/xn--kbrsglobalstore-7kcc.com\/tr\/wp-json\/wp\/v2\/comments?post=32630"}],"wp:featuredmedia":[{"embeddable":true,"href":"https:\/\/xn--kbrsglobalstore-7kcc.com\/tr\/wp-json\/wp\/v2\/media\/32646"}],"wp:attachment":[{"href":"https:\/\/xn--kbrsglobalstore-7kcc.com\/tr\/wp-json\/wp\/v2\/media?parent=32630"}],"wp:term":[{"taxonomy":"product_brand","embeddable":true,"href":"https:\/\/xn--kbrsglobalstore-7kcc.com\/tr\/wp-json\/wp\/v2\/product_brand?post=32630"},{"taxonomy":"product_cat","embeddable":true,"href":"https:\/\/xn--kbrsglobalstore-7kcc.com\/tr\/wp-json\/wp\/v2\/product_cat?post=32630"},{"taxonomy":"product_tag","embeddable":true,"href":"https:\/\/xn--kbrsglobalstore-7kcc.com\/tr\/wp-json\/wp\/v2\/product_tag?post=32630"}],"curies":[{"name":"wp","href":"https:\/\/api.w.org\/{rel}","templated":true}]}}