{"id":32629,"date":"2025-12-11T12:22:41","date_gmt":"2025-12-11T12:22:41","guid":{"rendered":"https:\/\/xn--kbrsglobalstore-7kcc.com\/?post_type=product&#038;p=32629"},"modified":"2025-12-15T12:21:23","modified_gmt":"2025-12-15T12:21:23","slug":"1-pair-metal-aviator-rimmed-decorative-retro-fashion-fashion-glasses-for-summer-beach-vacationoutdoortravel-back-to-school-fashionable-preppy-school-look","status":"publish","type":"product","link":"https:\/\/xn--kbrsglobalstore-7kcc.com\/tr\/urun\/1-pair-metal-aviator-rimmed-decorative-retro-fashion-fashion-glasses-for-summer-beach-vacationoutdoortravel-back-to-school-fashionable-preppy-school-look\/","title":{"rendered":"1 \u00c7ift Metal \u00c7er\u00e7eveli Dekoratif Retro Moda G\u00f6zl\u00fck, Yaz Plaj Tatili, A\u00e7\u0131k Hava, Seyahat, Okula D\u00f6n\u00fc\u015f \u0130\u00e7in \u015e\u0131k ve Okul Tarz\u0131 G\u00f6r\u00fcn\u00fcm"},"content":{"rendered":"<p class=\"ds-markdown-paragraph translation-block\">Bu metal \u00e7er\u00e7eveli retro moda g\u00f6zl\u00fcklerle zamans\u0131z bir \u015f\u0131kl\u0131\u011f\u0131 yakalay\u0131n. Klasik pilot sil\u00fceti ve kal\u0131n, dolgun \u00e7er\u00e7evesiyle bu g\u00f6zl\u00fckler, vintage retro tarz\u0131n\u0131 modern ve modaya uygun bir \u00e7ekicilikle birle\u015ftiriyor. Metal \u00e7er\u00e7eve, t\u00fcm g\u00fcn kullan\u0131m i\u00e7in m\u00fckemmel, hafif ve rahat bir uyum sunuyor.<\/p>\n<p class=\"ds-markdown-paragraph translation-block\">G\u00f6z al\u0131c\u0131 bir aksesuar olarak tasarlanan bu \u00fcr\u00fcnler, \u015f\u0131k ve preppy bir okul g\u00f6r\u00fcn\u00fcm\u00fc yaratmak, okula d\u00f6n\u00fc\u015f stilinizi y\u00fckseltmek veya yaz plaj tatili ve a\u00e7\u0131k hava seyahat k\u0131yafetlerinize sofistike bir dokunu\u015f katmak i\u00e7in idealdir.<\/p>\n<p class=\"ds-markdown-paragraph\">Re\u00e7etesiz sat\u0131lan bu lensler, tarz\u0131n\u0131z\u0131 ortaya koymak i\u00e7in tasarland\u0131. Her gard\u0131roba \u015f\u0131kl\u0131k katacak \u00e7ok y\u00f6nl\u00fc bir aksesuar olan bu lensler, ikonik ve retro esintili moda ile ki\u015fili\u011fini ifade etmeyi sevenler i\u00e7in m\u00fckemmeldir.<\/p>","protected":false},"excerpt":{"rendered":"<p>Capture timeless cool with these Metal Aviator Rimmed Retro Fashion Glasses. Featuring a classic\u00a0aviator silhouette with a bold, full rim, these glasses blend\u00a0vintage retro style\u00a0with modern,\u00a0fashion-forward appeal. The metal frame offers a lightweight, comfortable fit perfect for all-day wear. Designed as a standout accessory, they are ideal for creating a\u00a0chic preppy school look, elevating your\u00a0back-to-school\u00a0style, [&hellip;]<\/p>","protected":false},"featured_media":32641,"comment_status":"open","ping_status":"closed","template":"","meta":{"_monsterinsights_skip_tracking":false,"_monsterinsights_sitenote_active":false,"_monsterinsights_sitenote_note":"","_monsterinsights_sitenote_category":0},"product_brand":[],"product_cat":[15,131],"product_tag":[],"class_list":{"0":"post-32629","1":"product","2":"type-product","3":"status-publish","4":"has-post-thumbnail","6":"product_cat-uncategorized","7":"product_cat-eyewear","9":"first","10":"instock","11":"shipping-taxable","12":"purchasable","13":"product-type-simple"},"aioseo_notices":[],"_links":{"self":[{"href":"https:\/\/xn--kbrsglobalstore-7kcc.com\/tr\/wp-json\/wp\/v2\/product\/32629","targetHints":{"allow":["GET"]}}],"collection":[{"href":"https:\/\/xn--kbrsglobalstore-7kcc.com\/tr\/wp-json\/wp\/v2\/product"}],"about":[{"href":"https:\/\/xn--kbrsglobalstore-7kcc.com\/tr\/wp-json\/wp\/v2\/types\/product"}],"replies":[{"embeddable":true,"href":"https:\/\/xn--kbrsglobalstore-7kcc.com\/tr\/wp-json\/wp\/v2\/comments?post=32629"}],"wp:featuredmedia":[{"embeddable":true,"href":"https:\/\/xn--kbrsglobalstore-7kcc.com\/tr\/wp-json\/wp\/v2\/media\/32641"}],"wp:attachment":[{"href":"https:\/\/xn--kbrsglobalstore-7kcc.com\/tr\/wp-json\/wp\/v2\/media?parent=32629"}],"wp:term":[{"taxonomy":"product_brand","embeddable":true,"href":"https:\/\/xn--kbrsglobalstore-7kcc.com\/tr\/wp-json\/wp\/v2\/product_brand?post=32629"},{"taxonomy":"product_cat","embeddable":true,"href":"https:\/\/xn--kbrsglobalstore-7kcc.com\/tr\/wp-json\/wp\/v2\/product_cat?post=32629"},{"taxonomy":"product_tag","embeddable":true,"href":"https:\/\/xn--kbrsglobalstore-7kcc.com\/tr\/wp-json\/wp\/v2\/product_tag?post=32629"}],"curies":[{"name":"wp","href":"https:\/\/api.w.org\/{rel}","templated":true}]}}