{"id":32605,"date":"2025-12-11T12:08:26","date_gmt":"2025-12-11T12:08:26","guid":{"rendered":"https:\/\/xn--kbrsglobalstore-7kcc.com\/?post_type=product&#038;p=32605"},"modified":"2025-12-17T20:11:36","modified_gmt":"2025-12-17T20:11:36","slug":"mens-comfy-lapel-jackets-soft-solid-colour-zipper-closure-long-sleeve-business-style-casual-wear-for-outdoor-activities-versatile-and-breathable","status":"publish","type":"product","link":"https:\/\/xn--kbrsglobalstore-7kcc.com\/tr\/urun\/mens-comfy-lapel-jackets-soft-solid-colour-zipper-closure-long-sleeve-business-style-casual-wear-for-outdoor-activities-versatile-and-breathable\/","title":{"rendered":"Erkekler i\u00e7in Rahat Yakal\u0131 Ceketler \u2013 Yumu\u015fak D\u00fcz Renk, Fermuarl\u0131 Kapatma, Uzun Kollu, \u0130\u015f Stili, D\u0131\u015f Mekan Aktiviteleri i\u00e7in G\u00fcnl\u00fck Giyim, \u00c7ok Y\u00f6nl\u00fc ve Nefes Alabilir"},"content":{"rendered":"<div class=\"ds-message _63c77b1\">\n<div class=\"ds-markdown\">\n<p class=\"ds-markdown-paragraph translation-block\">Erkekler i\u00e7in tasarlanm\u0131\u015f, \u015f\u0131k ve rahat bir tarz\u0131, g\u00fcnl\u00fck konforuyla birle\u015ftiren, fermuarl\u0131 yakal\u0131 rahat erkek ceketini ke\u015ffedin. Klasik yakas\u0131 ve sade, d\u00fcz renk tasar\u0131m\u0131yla bu ceket, i\u015f ortamlar\u0131ndan hafta sonu gezilerine kadar zahmetsizce uyum sa\u011flayan \u015f\u0131k bir g\u00f6r\u00fcn\u00fcm sunuyor.<\/p>\n<p class=\"ds-markdown-paragraph translation-block\">Yumu\u015fak ve nefes alabilen bir kuma\u015ftan \u00fcretilen bu \u00fcr\u00fcn, ister ofiste olun ister a\u00e7\u0131k hava aktivitelerinin tad\u0131n\u0131 \u00e7\u0131kar\u0131n, g\u00fcn boyu konfor sa\u011flar. Pratik tam boy fermuar kapatma ve uzun kollar\u0131, kolay giyim ve uyarlanabilir koruma sa\u011flayarak, de\u011fi\u015fen hava ko\u015fullar\u0131 i\u00e7in ideal bir katman olu\u015fturur.<\/p>\n<p class=\"ds-markdown-paragraph\">\u00c7ok y\u00f6nl\u00fc ve sade olan bu ceket, chino pantolonlar, kot pantolonlar veya tak\u0131m elbiseli pantolonlarla kusursuz bir \u015fekilde uyum sa\u011flayan, gard\u0131robun vazge\u00e7ilmez bir par\u00e7as\u0131d\u0131r. Hem stile hem de zahmetsiz i\u015flevselli\u011fe de\u011fer veren erkekler i\u00e7in ideal bir se\u00e7imdir.<\/p>\n<\/div>\n<\/div>\n<div class=\"ds-theme\"><\/div>\n<div class=\"ds-flex _0a3d93b\">\n<div class=\"ds-flex _965abe9 _54866f7\">\n<div class=\"db183363 ds-icon-button ds-icon-button--m ds-icon-button--sizing-container\" tabindex=\"0\" role=\"button\" aria-disabled=\"false\">\n<div class=\"ds-icon-button__hover-bg\"><\/div>\n<div class=\"ds-icon\"><\/div>\n<div class=\"ds-focus-ring\"><\/div>\n<\/div>\n<div class=\"db183363 ds-icon-button ds-icon-button--m ds-icon-button--sizing-container\" tabindex=\"0\" role=\"button\" aria-disabled=\"false\">\n<div class=\"ds-icon-button__hover-bg\"><\/div>\n<div class=\"ds-icon\"><\/div>\n<div class=\"ds-focus-ring\"><\/div>\n<\/div>\n<div class=\"db183363 ds-icon-button ds-icon-button--m ds-icon-button--sizing-container\" tabindex=\"0\" role=\"button\" aria-disabled=\"false\">\n<div class=\"ds-icon-button__hover-bg\"><\/div>\n<div class=\"ds-icon\"><\/div>\n<div class=\"ds-focus-ring\"><\/div>\n<\/div>\n<div class=\"db183363 ds-icon-button ds-icon-button--m ds-icon-button--sizing-container\" tabindex=\"0\" role=\"button\" aria-disabled=\"false\">\n<div class=\"ds-icon-button__hover-bg\"><\/div>\n<div class=\"ds-icon\"><\/div>\n<div class=\"ds-focus-ring\"><\/div>\n<\/div>\n<div class=\"db183363 ds-icon-button ds-icon-button--m ds-icon-button--sizing-container\" tabindex=\"0\" role=\"button\" aria-disabled=\"false\">\n<div class=\"ds-icon-button__hover-bg\"><\/div>\n<div class=\"ds-icon\"><\/div>\n<\/div>\n<\/div>\n<\/div>","protected":false},"excerpt":{"rendered":"<p>Discover the perfect blend of smart-casual style and everyday comfort with the Men&#8217;s Comfy Lapel Zipper Jacket. Designed with a\u00a0classic lapel collar\u00a0and a clean,\u00a0solid color finish, this jacket offers a polished look that transitions effortlessly from\u00a0business settings\u00a0to weekend outings. Crafted from a\u00a0soft, breathable fabric, it ensures all-day comfort whether you&#8217;re at the office or enjoying\u00a0outdoor [&hellip;]<\/p>","protected":false},"featured_media":32606,"comment_status":"open","ping_status":"closed","template":"","meta":{"_monsterinsights_skip_tracking":false,"_monsterinsights_sitenote_active":false,"_monsterinsights_sitenote_note":"","_monsterinsights_sitenote_category":0},"product_brand":[],"product_cat":[15,75,140],"product_tag":[],"class_list":{"0":"post-32605","1":"product","2":"type-product","3":"status-publish","4":"has-post-thumbnail","6":"product_cat-uncategorized","7":"product_cat-mens-clothing","8":"product_cat-outwear-mens","10":"first","11":"instock","12":"shipping-taxable","13":"purchasable","14":"product-type-simple"},"aioseo_notices":[],"_links":{"self":[{"href":"https:\/\/xn--kbrsglobalstore-7kcc.com\/tr\/wp-json\/wp\/v2\/product\/32605","targetHints":{"allow":["GET"]}}],"collection":[{"href":"https:\/\/xn--kbrsglobalstore-7kcc.com\/tr\/wp-json\/wp\/v2\/product"}],"about":[{"href":"https:\/\/xn--kbrsglobalstore-7kcc.com\/tr\/wp-json\/wp\/v2\/types\/product"}],"replies":[{"embeddable":true,"href":"https:\/\/xn--kbrsglobalstore-7kcc.com\/tr\/wp-json\/wp\/v2\/comments?post=32605"}],"wp:featuredmedia":[{"embeddable":true,"href":"https:\/\/xn--kbrsglobalstore-7kcc.com\/tr\/wp-json\/wp\/v2\/media\/32606"}],"wp:attachment":[{"href":"https:\/\/xn--kbrsglobalstore-7kcc.com\/tr\/wp-json\/wp\/v2\/media?parent=32605"}],"wp:term":[{"taxonomy":"product_brand","embeddable":true,"href":"https:\/\/xn--kbrsglobalstore-7kcc.com\/tr\/wp-json\/wp\/v2\/product_brand?post=32605"},{"taxonomy":"product_cat","embeddable":true,"href":"https:\/\/xn--kbrsglobalstore-7kcc.com\/tr\/wp-json\/wp\/v2\/product_cat?post=32605"},{"taxonomy":"product_tag","embeddable":true,"href":"https:\/\/xn--kbrsglobalstore-7kcc.com\/tr\/wp-json\/wp\/v2\/product_tag?post=32605"}],"curies":[{"name":"wp","href":"https:\/\/api.w.org\/{rel}","templated":true}]}}