{"id":32584,"date":"2025-12-11T12:16:12","date_gmt":"2025-12-11T12:16:12","guid":{"rendered":"https:\/\/xn--kbrsglobalstore-7kcc.com\/?post_type=product&#038;p=32584"},"modified":"2025-12-17T20:11:35","modified_gmt":"2025-12-17T20:11:35","slug":"manfinity-homme-men-black-fabric-bomber-jacket-with-long-regular-sleeves-and-zipper-closure-for-everyday-wear-fall","status":"publish","type":"product","link":"https:\/\/xn--kbrsglobalstore-7kcc.com\/tr\/urun\/manfinity-homme-men-black-fabric-bomber-jacket-with-long-regular-sleeves-and-zipper-closure-for-everyday-wear-fall\/","title":{"rendered":"Manfinity Homme Erkek Siyah Kuma\u015f Bomber Ceket, Uzun Normal Kollu ve Fermuarl\u0131 Kapan\u0131\u015fl\u0131, G\u00fcnl\u00fck Kullan\u0131m \u0130\u00e7in, Sonbahar"},"content":{"rendered":"<div class=\"ds-message _63c77b1\">\n<div class=\"ds-markdown\">\n<p class=\"ds-markdown-paragraph translation-block\">Manfinity Homme Erkek Siyah Kuma\u015f Bomber Ceket ile g\u00fcnl\u00fck gard\u0131robunuzu bir \u00fcst seviyeye ta\u015f\u0131y\u0131n. Bu \u00e7ok y\u00f6nl\u00fc par\u00e7a, rahat ve dayan\u0131kl\u0131 bir kuma\u015ftan \u00fcretilmi\u015f klasik bir bomber sil\u00fcetine sahiptir ve sonbahar mevsiminde g\u00fcnl\u00fck rahat giyim i\u00e7in ideal bir se\u00e7imdir.<\/p>\n<p class=\"ds-markdown-paragraph translation-block\">Ceket, <strong>uzun, normal kollar\u0131<\/strong> ve <strong>yumu\u015fak \u00f6n fermuar kapatmas\u0131<\/strong> ile tasarlanm\u0131\u015f olup, katmanl\u0131 giyime uygun, sade ve minimalist bir g\u00f6r\u00fcn\u00fcm sunar. <strong>\u00d6zel dikim kesimi<\/strong>, hareket \u00f6zg\u00fcrl\u00fc\u011f\u00fcn\u00fc k\u0131s\u0131tlamadan do\u011fru miktarda yap\u0131 sa\u011flar; g\u00fcnd\u00fczden geceye ge\u00e7i\u015f i\u00e7in m\u00fckemmeldir.<\/p>\n<p class=\"ds-markdown-paragraph\">Zahmetsizce haval\u0131 bir g\u00f6r\u00fcn\u00fcm i\u00e7in kot pantolon ve ti\u015f\u00f6rtle kombinleyin veya ekstra s\u0131cakl\u0131k i\u00e7in kap\u00fc\u015fonlu bir sweatshirt \u00fczerine giyin. Modern erkek i\u00e7in sadeli\u011fi, rahatl\u0131\u011f\u0131 ve stili bir araya getiren zamans\u0131z, g\u00f6steri\u015fsiz bir temel par\u00e7a.<\/p>\n<\/div>\n<\/div>\n<div class=\"ds-theme\"><\/div>\n<div class=\"ds-flex _0a3d93b\">\n<div class=\"ds-flex _965abe9 _54866f7\">\n<div class=\"db183363 ds-icon-button ds-icon-button--m ds-icon-button--sizing-container\" tabindex=\"0\" role=\"button\" aria-disabled=\"false\">\n<div class=\"ds-icon-button__hover-bg\"><\/div>\n<div class=\"ds-icon\"><\/div>\n<div class=\"ds-focus-ring\"><\/div>\n<\/div>\n<div class=\"db183363 ds-icon-button ds-icon-button--m ds-icon-button--sizing-container\" tabindex=\"0\" role=\"button\" aria-disabled=\"false\">\n<div class=\"ds-icon-button__hover-bg\"><\/div>\n<div class=\"ds-icon\"><\/div>\n<div class=\"ds-focus-ring\"><\/div>\n<\/div>\n<div class=\"db183363 ds-icon-button ds-icon-button--m ds-icon-button--sizing-container\" tabindex=\"0\" role=\"button\" aria-disabled=\"false\">\n<div class=\"ds-icon-button__hover-bg\"><\/div>\n<div class=\"ds-icon\"><\/div>\n<div class=\"ds-focus-ring\"><\/div>\n<\/div>\n<div class=\"db183363 ds-icon-button ds-icon-button--m ds-icon-button--sizing-container\" tabindex=\"0\" role=\"button\" aria-disabled=\"false\">\n<div class=\"ds-icon-button__hover-bg\"><\/div>\n<div class=\"ds-icon\"><\/div>\n<div class=\"ds-focus-ring\"><\/div>\n<\/div>\n<div class=\"db183363 ds-icon-button ds-icon-button--m ds-icon-button--sizing-container\" tabindex=\"0\" role=\"button\" aria-disabled=\"false\">\n<div class=\"ds-icon-button__hover-bg\"><\/div>\n<div class=\"ds-icon\"><\/div>\n<\/div>\n<\/div>\n<\/div>","protected":false},"excerpt":{"rendered":"<p>Elevate your everyday wardrobe with the Manfinity Homme Men&#8217;s Black Fabric Bomber Jacket. This versatile piece features a\u00a0classic bomber silhouette\u00a0crafted from a comfortable, durable fabric, making it an ideal choice for\u00a0casual, everyday wear\u00a0during the\u00a0fall\u00a0season. The jacket is designed with\u00a0long, regular sleeves\u00a0and a\u00a0smooth front zipper closure, offering a clean, minimalist look that&#8217;s easy to layer. Its\u00a0tailored [&hellip;]<\/p>","protected":false},"featured_media":32623,"comment_status":"open","ping_status":"closed","template":"","meta":{"_monsterinsights_skip_tracking":false,"_monsterinsights_sitenote_active":false,"_monsterinsights_sitenote_note":"","_monsterinsights_sitenote_category":0},"product_brand":[],"product_cat":[15,75,140],"product_tag":[],"class_list":{"0":"post-32584","1":"product","2":"type-product","3":"status-publish","4":"has-post-thumbnail","6":"product_cat-uncategorized","7":"product_cat-mens-clothing","8":"product_cat-outwear-mens","10":"first","11":"instock","12":"shipping-taxable","13":"purchasable","14":"product-type-simple"},"aioseo_notices":[],"_links":{"self":[{"href":"https:\/\/xn--kbrsglobalstore-7kcc.com\/tr\/wp-json\/wp\/v2\/product\/32584","targetHints":{"allow":["GET"]}}],"collection":[{"href":"https:\/\/xn--kbrsglobalstore-7kcc.com\/tr\/wp-json\/wp\/v2\/product"}],"about":[{"href":"https:\/\/xn--kbrsglobalstore-7kcc.com\/tr\/wp-json\/wp\/v2\/types\/product"}],"replies":[{"embeddable":true,"href":"https:\/\/xn--kbrsglobalstore-7kcc.com\/tr\/wp-json\/wp\/v2\/comments?post=32584"}],"wp:featuredmedia":[{"embeddable":true,"href":"https:\/\/xn--kbrsglobalstore-7kcc.com\/tr\/wp-json\/wp\/v2\/media\/32623"}],"wp:attachment":[{"href":"https:\/\/xn--kbrsglobalstore-7kcc.com\/tr\/wp-json\/wp\/v2\/media?parent=32584"}],"wp:term":[{"taxonomy":"product_brand","embeddable":true,"href":"https:\/\/xn--kbrsglobalstore-7kcc.com\/tr\/wp-json\/wp\/v2\/product_brand?post=32584"},{"taxonomy":"product_cat","embeddable":true,"href":"https:\/\/xn--kbrsglobalstore-7kcc.com\/tr\/wp-json\/wp\/v2\/product_cat?post=32584"},{"taxonomy":"product_tag","embeddable":true,"href":"https:\/\/xn--kbrsglobalstore-7kcc.com\/tr\/wp-json\/wp\/v2\/product_tag?post=32584"}],"curies":[{"name":"wp","href":"https:\/\/api.w.org\/{rel}","templated":true}]}}