{"id":32583,"date":"2025-12-11T12:14:30","date_gmt":"2025-12-11T12:14:30","guid":{"rendered":"https:\/\/xn--kbrsglobalstore-7kcc.com\/?post_type=product&#038;p=32583"},"modified":"2025-12-17T20:11:35","modified_gmt":"2025-12-17T20:11:35","slug":"mens-faux-leather-jacketbomber-jacket-menmotorcycle-stylevintage-fit-mens-leather-jacketfor-motorcyclingoutdoor-activitiesfor-boyfriendshusbandsprofessional-leather-jacket-designessential","status":"publish","type":"product","link":"https:\/\/xn--kbrsglobalstore-7kcc.com\/tr\/urun\/mens-faux-leather-jacketbomber-jacket-menmotorcycle-stylevintage-fit-mens-leather-jacketfor-motorcyclingoutdoor-activitiesfor-boyfriendshusbandsprofessional-leather-jacket-designessential\/","title":{"rendered":"Erkek Suni Deri Ceket, Bomber Ceket Erkek, Motosiklet Tarz\u0131"},"content":{"rendered":"<div class=\"ds-message _63c77b1\">\n<div class=\"ds-markdown\">\n<p class=\"ds-markdown-paragraph translation-block\">Klasik asi tarz\u0131n\u0131 yans\u0131tan, vintage motosiklet tarz\u0131 suni deri bomber ceket ile \u015f\u0131kl\u0131\u011f\u0131n\u0131z\u0131 sergileyin. Bu ceket, eskitilmi\u015f suni deri g\u00f6r\u00fcn\u00fcm\u00fc, asimetrik fermuar kapatmas\u0131 ve vintage esintili kesimiyle ger\u00e7ek bir motosiklet\u00e7i ceketinin sa\u011flam ve zamans\u0131z g\u00f6r\u00fcn\u00fcm\u00fcn\u00fc yakalayarak, y\u00fcksek fiyat \u00f6demeden hem tarz hem de s\u0131cakl\u0131k sunuyor.<\/p>\n<p class=\"ds-markdown-paragraph translation-block\">Konfor ve dayan\u0131kl\u0131l\u0131k i\u00e7in tasarlanan bu ceket, sonbahar ve k\u0131\u015f aylar\u0131nda m\u00fckemmel yal\u0131t\u0131m sa\u011flayan yumu\u015fak ve rahat bir polar astara sahiptir; bu da onu motosiklet s\u00fcr\u00fc\u015f\u00fc, a\u00e7\u0131k hava maceralar\u0131 veya g\u00fcnl\u00fck \u015fehir giyimi i\u00e7in ideal k\u0131lar. \u00d6zel dikim sil\u00fceti ve klasik bomber detaylar\u0131, keskin ve erkeksi bir g\u00f6r\u00fcn\u00fcm sunar.<\/p>\n<p class=\"ds-markdown-paragraph translation-block\">Sadece bir d\u0131\u015f giyim par\u00e7as\u0131 olmaktan \u00f6te, erkek arkada\u015f veya e\u015fler i\u00e7in m\u00fckemmel bir aksesuar ve Noel veya Cad\u0131lar Bayram\u0131 i\u00e7in g\u00f6z al\u0131c\u0131 bir hediye se\u00e7ene\u011fi. Modern erkek i\u00e7in cesur stili pratik s\u0131cakl\u0131kla birle\u015ftiren \u00e7ok y\u00f6nl\u00fc bir temel par\u00e7a.<\/p>\n<\/div>\n<\/div>\n<div class=\"ds-theme\"><\/div>\n<div class=\"ds-flex _0a3d93b\">\n<div class=\"ds-flex _965abe9 _54866f7\">\n<div class=\"db183363 ds-icon-button ds-icon-button--m ds-icon-button--sizing-container\" tabindex=\"0\" role=\"button\" aria-disabled=\"false\">\n<div class=\"ds-icon-button__hover-bg\"><\/div>\n<div class=\"ds-icon\"><\/div>\n<div class=\"ds-focus-ring\"><\/div>\n<\/div>\n<div class=\"db183363 ds-icon-button ds-icon-button--m ds-icon-button--sizing-container\" tabindex=\"0\" role=\"button\" aria-disabled=\"false\">\n<div class=\"ds-icon-button__hover-bg\"><\/div>\n<div class=\"ds-icon\"><\/div>\n<div class=\"ds-focus-ring\"><\/div>\n<\/div>\n<div class=\"db183363 ds-icon-button ds-icon-button--m ds-icon-button--sizing-container\" tabindex=\"0\" role=\"button\" aria-disabled=\"false\">\n<div class=\"ds-icon-button__hover-bg\"><\/div>\n<div class=\"ds-icon\"><\/div>\n<div class=\"ds-focus-ring\"><\/div>\n<\/div>\n<div class=\"db183363 ds-icon-button ds-icon-button--m ds-icon-button--sizing-container\" tabindex=\"0\" role=\"button\" aria-disabled=\"false\">\n<div class=\"ds-icon-button__hover-bg\"><\/div>\n<div class=\"ds-icon\"><\/div>\n<div class=\"ds-focus-ring\"><\/div>\n<\/div>\n<div class=\"db183363 ds-icon-button ds-icon-button--m ds-icon-button--sizing-container\" tabindex=\"0\" role=\"button\" aria-disabled=\"false\">\n<div class=\"ds-icon-button__hover-bg\"><\/div>\n<div class=\"ds-icon\"><\/div>\n<\/div>\n<\/div>\n<\/div>","protected":false},"excerpt":{"rendered":"<p>Channel classic rebel style with the Men&#8217;s Vintage Motorcycle-Style Faux Leather Bomber Jacket. This jacket captures the rugged, timeless look of a true rider&#8217;s jacket with its\u00a0distressed faux leather finish,\u00a0asymmetric zip closure, and\u00a0vintage-inspired fit, delivering attitude and warmth without the premium price. Designed for comfort and durability, it features a\u00a0soft, cozy fleece lining\u00a0that provides excellent [&hellip;]<\/p>","protected":false},"featured_media":32617,"comment_status":"open","ping_status":"closed","template":"","meta":{"_monsterinsights_skip_tracking":false,"_monsterinsights_sitenote_active":false,"_monsterinsights_sitenote_note":"","_monsterinsights_sitenote_category":0},"product_brand":[],"product_cat":[15,75,140],"product_tag":[],"class_list":{"0":"post-32583","1":"product","2":"type-product","3":"status-publish","4":"has-post-thumbnail","6":"product_cat-uncategorized","7":"product_cat-mens-clothing","8":"product_cat-outwear-mens","10":"first","11":"instock","12":"shipping-taxable","13":"purchasable","14":"product-type-simple"},"aioseo_notices":[],"_links":{"self":[{"href":"https:\/\/xn--kbrsglobalstore-7kcc.com\/tr\/wp-json\/wp\/v2\/product\/32583","targetHints":{"allow":["GET"]}}],"collection":[{"href":"https:\/\/xn--kbrsglobalstore-7kcc.com\/tr\/wp-json\/wp\/v2\/product"}],"about":[{"href":"https:\/\/xn--kbrsglobalstore-7kcc.com\/tr\/wp-json\/wp\/v2\/types\/product"}],"replies":[{"embeddable":true,"href":"https:\/\/xn--kbrsglobalstore-7kcc.com\/tr\/wp-json\/wp\/v2\/comments?post=32583"}],"wp:featuredmedia":[{"embeddable":true,"href":"https:\/\/xn--kbrsglobalstore-7kcc.com\/tr\/wp-json\/wp\/v2\/media\/32617"}],"wp:attachment":[{"href":"https:\/\/xn--kbrsglobalstore-7kcc.com\/tr\/wp-json\/wp\/v2\/media?parent=32583"}],"wp:term":[{"taxonomy":"product_brand","embeddable":true,"href":"https:\/\/xn--kbrsglobalstore-7kcc.com\/tr\/wp-json\/wp\/v2\/product_brand?post=32583"},{"taxonomy":"product_cat","embeddable":true,"href":"https:\/\/xn--kbrsglobalstore-7kcc.com\/tr\/wp-json\/wp\/v2\/product_cat?post=32583"},{"taxonomy":"product_tag","embeddable":true,"href":"https:\/\/xn--kbrsglobalstore-7kcc.com\/tr\/wp-json\/wp\/v2\/product_tag?post=32583"}],"curies":[{"name":"wp","href":"https:\/\/api.w.org\/{rel}","templated":true}]}}