{"id":32582,"date":"2025-12-11T12:12:13","date_gmt":"2025-12-11T12:12:13","guid":{"rendered":"https:\/\/xn--kbrsglobalstore-7kcc.com\/?post_type=product&#038;p=32582"},"modified":"2025-12-17T20:11:35","modified_gmt":"2025-12-17T20:11:35","slug":"manfinity-homme-mens-fashionable-versatile-thermal-lined-long-sleeve-jacket-autumn-winter","status":"publish","type":"product","link":"https:\/\/xn--kbrsglobalstore-7kcc.com\/tr\/urun\/manfinity-homme-mens-fashionable-versatile-thermal-lined-long-sleeve-jacket-autumn-winter\/","title":{"rendered":"Manfinity Homme Erkek \u015e\u0131k ve \u00c7ok Y\u00f6nl\u00fc Termal Astarl\u0131 Uzun Kollu Ceket, Sonbahar\/K\u0131\u015f"},"content":{"rendered":"<p class=\"ds-markdown-paragraph translation-block\">Manfinity Homme Erkek \u015e\u0131k ve \u00c7ok Y\u00f6nl\u00fc Termal Ceket ile so\u011fuk havalara \u015f\u0131k bir \u015fekilde meydan okuyun. Sonbahar ve k\u0131\u015f i\u00e7in tasarlanan bu temel katman, en so\u011fuk aylarda g\u00fcvenilir yal\u0131t\u0131m ve konfor sa\u011flamak i\u00e7in modern, \u015f\u0131k bir sil\u00fceti s\u0131cak bir termal astarla birle\u015ftiriyor.<\/p>\n<p class=\"ds-markdown-paragraph translation-block\">Dayan\u0131kl\u0131 ve y\u00fcksek kaliteli kuma\u015ftan \u00fcretilen bu \u00fcr\u00fcn, hem r\u00fczgar direnci hem de g\u00fcnl\u00fck kullan\u0131mda dayan\u0131kl\u0131l\u0131k sunar. Sade tasar\u0131m\u0131 ve \u00e7ok y\u00f6nl\u00fc g\u00f6r\u00fcn\u00fcm\u00fc, rahat hafta sonu gezilerinden daha \u015f\u0131k etkinliklere ge\u00e7i\u015fi kolayla\u015ft\u0131r\u0131rken, ayn\u0131 zamanda sizi rahat\u00e7a s\u0131cak tutar.<\/p>\n<p class=\"ds-markdown-paragraph\">\u0130\u015flevsellik ve \u015f\u0131kl\u0131\u011f\u0131n m\u00fckemmel birle\u015fimi olan bu ceket, so\u011fuk havalarda giyilebilecek olmazsa olmaz bir par\u00e7a. Kot pantolon, chino pantolon veya kazak \u00fczerine giyerek hem pratik hem de zahmetsizce \u015f\u0131k bir g\u00f6r\u00fcn\u00fcm elde edebilirsiniz.<\/p>","protected":false},"excerpt":{"rendered":"<p>Master the cold weather in style with the Manfinity Homme Men&#8217;s Fashionable Versatile Thermal Jacket. Designed for\u00a0autumn and winter, this essential layer combines a\u00a0contemporary, tailored silhouette\u00a0with a\u00a0warm thermal lining\u00a0to provide reliable insulation and comfort during the chilliest months. Crafted from durable, high-quality fabric, it offers both\u00a0wind resistance\u00a0and everyday durability. The clean design and versatile look [&hellip;]<\/p>","protected":false},"featured_media":32613,"comment_status":"open","ping_status":"closed","template":"","meta":{"_monsterinsights_skip_tracking":false,"_monsterinsights_sitenote_active":false,"_monsterinsights_sitenote_note":"","_monsterinsights_sitenote_category":0},"product_brand":[],"product_cat":[15,75,140],"product_tag":[],"class_list":{"0":"post-32582","1":"product","2":"type-product","3":"status-publish","4":"has-post-thumbnail","6":"product_cat-uncategorized","7":"product_cat-mens-clothing","8":"product_cat-outwear-mens","10":"first","11":"instock","12":"shipping-taxable","13":"purchasable","14":"product-type-simple"},"aioseo_notices":[],"_links":{"self":[{"href":"https:\/\/xn--kbrsglobalstore-7kcc.com\/tr\/wp-json\/wp\/v2\/product\/32582","targetHints":{"allow":["GET"]}}],"collection":[{"href":"https:\/\/xn--kbrsglobalstore-7kcc.com\/tr\/wp-json\/wp\/v2\/product"}],"about":[{"href":"https:\/\/xn--kbrsglobalstore-7kcc.com\/tr\/wp-json\/wp\/v2\/types\/product"}],"replies":[{"embeddable":true,"href":"https:\/\/xn--kbrsglobalstore-7kcc.com\/tr\/wp-json\/wp\/v2\/comments?post=32582"}],"wp:featuredmedia":[{"embeddable":true,"href":"https:\/\/xn--kbrsglobalstore-7kcc.com\/tr\/wp-json\/wp\/v2\/media\/32613"}],"wp:attachment":[{"href":"https:\/\/xn--kbrsglobalstore-7kcc.com\/tr\/wp-json\/wp\/v2\/media?parent=32582"}],"wp:term":[{"taxonomy":"product_brand","embeddable":true,"href":"https:\/\/xn--kbrsglobalstore-7kcc.com\/tr\/wp-json\/wp\/v2\/product_brand?post=32582"},{"taxonomy":"product_cat","embeddable":true,"href":"https:\/\/xn--kbrsglobalstore-7kcc.com\/tr\/wp-json\/wp\/v2\/product_cat?post=32582"},{"taxonomy":"product_tag","embeddable":true,"href":"https:\/\/xn--kbrsglobalstore-7kcc.com\/tr\/wp-json\/wp\/v2\/product_tag?post=32582"}],"curies":[{"name":"wp","href":"https:\/\/api.w.org\/{rel}","templated":true}]}}