{"id":32581,"date":"2025-12-11T12:10:15","date_gmt":"2025-12-11T12:10:15","guid":{"rendered":"https:\/\/xn--kbrsglobalstore-7kcc.com\/?post_type=product&#038;p=32581"},"modified":"2025-12-17T20:11:35","modified_gmt":"2025-12-17T20:11:35","slug":"manfinity-homme-mens-long-sleeve-reversible-zipper-outdoor-windbreaker-jacket-reversible-jacket-fall","status":"publish","type":"product","link":"https:\/\/xn--kbrsglobalstore-7kcc.com\/tr\/urun\/manfinity-homme-mens-long-sleeve-reversible-zipper-outdoor-windbreaker-jacket-reversible-jacket-fall\/","title":{"rendered":"Manfinity Homme Erkek Uzun Kollu \u00c7ift Tarafl\u0131 Fermuarl\u0131 D\u0131\u015f Mekan R\u00fczgarl\u0131k Ceket, \u00c7ift Tarafl\u0131 Ceket, Sonbahar"},"content":{"rendered":"<p class=\"ds-markdown-paragraph translation-block\">Manfinity Homme Erkek \u00c7ift Tarafl\u0131 R\u00fczgarl\u0131k Ceket ile stil se\u00e7eneklerinizi ikiye katlay\u0131n. Bu yenilik\u00e7i ceket, tamamen \u00e7ift tarafl\u0131 tasar\u0131m\u0131yla tek bir \u00e7ok y\u00f6nl\u00fc par\u00e7ada iki farkl\u0131 g\u00f6r\u00fcn\u00fcm sunarak, stilinizi her t\u00fcrl\u00fc sonbahar etkinli\u011fine uyarlaman\u0131z i\u00e7in m\u00fckemmeldir.<\/p>\n<p class=\"ds-markdown-paragraph translation-block\">Hafif ve r\u00fczgara dayan\u0131kl\u0131 kuma\u015ftan \u00fcretilen bu \u00fcr\u00fcn, sonbahar esintilerine kar\u015f\u0131 tam do\u011fru miktarda koruma sa\u011flar. P\u00fcr\u00fczs\u00fcz, tam boy fermuar her iki tarafta da sorunsuz bir \u015fekilde \u00e7al\u0131\u015f\u0131rken, uzun kollar\u0131 ve ayarlanabilir kesimi, ister a\u00e7\u0131k hava maceras\u0131nda olun ister \u015fehirde dola\u015f\u0131n, konfor sa\u011flar.<\/p>\n<p class=\"ds-markdown-paragraph\">Sezon i\u00e7in hem pratik hem de \u015f\u0131k bir se\u00e7im olan bu ceket, renk veya desenleri saniyeler i\u00e7inde de\u011fi\u015ftirmenize olanak tan\u0131r. \u00c7ok y\u00f6nl\u00fcl\u00fc\u011f\u00fc, konforu ve ak\u0131ll\u0131 tasar\u0131m\u0131 \u00f6nemseyen modern erkek i\u00e7in en \u00fcst d\u00fczey i\u015flevsel katmand\u0131r.<\/p>","protected":false},"excerpt":{"rendered":"<p>Double your style options with the Manfinity Homme Men&#8217;s Reversible Windbreaker Jacket. This innovative jacket features a\u00a0fully reversible design, offering two distinct looks in one versatile piece, perfect for adapting your style to any\u00a0fall\u00a0occasion. Crafted from lightweight, wind-resistant fabric, it provides just the right amount of protection against autumn breezes. The\u00a0smooth, full-length zipper\u00a0functions seamlessly on [&hellip;]<\/p>","protected":false},"featured_media":32609,"comment_status":"open","ping_status":"closed","template":"","meta":{"_monsterinsights_skip_tracking":false,"_monsterinsights_sitenote_active":false,"_monsterinsights_sitenote_note":"","_monsterinsights_sitenote_category":0},"product_brand":[],"product_cat":[15,75,140],"product_tag":[],"class_list":{"0":"post-32581","1":"product","2":"type-product","3":"status-publish","4":"has-post-thumbnail","6":"product_cat-uncategorized","7":"product_cat-mens-clothing","8":"product_cat-outwear-mens","10":"first","11":"instock","12":"shipping-taxable","13":"purchasable","14":"product-type-simple"},"aioseo_notices":[],"_links":{"self":[{"href":"https:\/\/xn--kbrsglobalstore-7kcc.com\/tr\/wp-json\/wp\/v2\/product\/32581","targetHints":{"allow":["GET"]}}],"collection":[{"href":"https:\/\/xn--kbrsglobalstore-7kcc.com\/tr\/wp-json\/wp\/v2\/product"}],"about":[{"href":"https:\/\/xn--kbrsglobalstore-7kcc.com\/tr\/wp-json\/wp\/v2\/types\/product"}],"replies":[{"embeddable":true,"href":"https:\/\/xn--kbrsglobalstore-7kcc.com\/tr\/wp-json\/wp\/v2\/comments?post=32581"}],"wp:featuredmedia":[{"embeddable":true,"href":"https:\/\/xn--kbrsglobalstore-7kcc.com\/tr\/wp-json\/wp\/v2\/media\/32609"}],"wp:attachment":[{"href":"https:\/\/xn--kbrsglobalstore-7kcc.com\/tr\/wp-json\/wp\/v2\/media?parent=32581"}],"wp:term":[{"taxonomy":"product_brand","embeddable":true,"href":"https:\/\/xn--kbrsglobalstore-7kcc.com\/tr\/wp-json\/wp\/v2\/product_brand?post=32581"},{"taxonomy":"product_cat","embeddable":true,"href":"https:\/\/xn--kbrsglobalstore-7kcc.com\/tr\/wp-json\/wp\/v2\/product_cat?post=32581"},{"taxonomy":"product_tag","embeddable":true,"href":"https:\/\/xn--kbrsglobalstore-7kcc.com\/tr\/wp-json\/wp\/v2\/product_tag?post=32581"}],"curies":[{"name":"wp","href":"https:\/\/api.w.org\/{rel}","templated":true}]}}