{"id":32579,"date":"2025-12-11T12:03:42","date_gmt":"2025-12-11T12:03:42","guid":{"rendered":"https:\/\/xn--kbrsglobalstore-7kcc.com\/?post_type=product&#038;p=32579"},"modified":"2025-12-17T20:11:36","modified_gmt":"2025-12-17T20:11:36","slug":"manfinity-homme-mens-long-sleeve-bomber-jacket-fashionable-fall","status":"publish","type":"product","link":"https:\/\/xn--kbrsglobalstore-7kcc.com\/tr\/urun\/manfinity-homme-mens-long-sleeve-bomber-jacket-fashionable-fall\/","title":{"rendered":"Manfinity Homme Erkek Uzun Kollu Bomber Ceket, \u015e\u0131k, Sonbahar"},"content":{"rendered":"<p class=\"ds-markdown-paragraph translation-block\">Manfinity Homme Erkek Uzun Kollu Bomber Ceket ile zahmetsiz \u015f\u0131kl\u0131k ve konforla sonbahara ad\u0131m at\u0131n. Bu \u015f\u0131k ceket, klasik bomber sil\u00fcetini sade \u00e7izgiler ve \u00e7ok y\u00f6nl\u00fc bir tasar\u0131mla g\u00fcncelleyerek ge\u00e7i\u015f mevsimi olan sonbahar i\u00e7in m\u00fckemmel bir se\u00e7im sunuyor.<\/p>\n<p class=\"ds-markdown-paragraph translation-block\">Modern bir kesim i\u00e7in tasarlanan bu \u00fcr\u00fcn, \u015f\u0131k bir g\u00f6r\u00fcn\u00fcm i\u00e7in <strong>ribanal\u0131 man\u015fetlere ve etek ucuna<\/strong> ve kolay katmanlama i\u00e7in <strong>d\u00fcz fermuarl\u0131 \u00f6n k\u0131sma<\/strong> sahiptir. Hafif ancak sa\u011flam bir kuma\u015ftan \u00fcretilen bu \u00fcr\u00fcn, hacimli olmadan do\u011fru miktarda s\u0131cakl\u0131k sa\u011flar; bu da onu serin g\u00fcnler ve ferah ak\u015famlar i\u00e7in ideal k\u0131lar.<\/p>\n<p class=\"ds-markdown-paragraph\">Hafta sonu rahat bir g\u00f6r\u00fcn\u00fcm i\u00e7in kot pantolon ve spor ayakkab\u0131larla, \u015f\u0131k ve rahat bir d\u0131\u015f mekan g\u00f6r\u00fcn\u00fcm\u00fc i\u00e7in ise chino pantolonlarla kombinleyebilirsiniz. Her erke\u011fin sonbahar gard\u0131robunun olmazsa olmaz\u0131, \u015f\u0131k ve i\u015flevsel bir par\u00e7a.<\/p>","protected":false},"excerpt":{"rendered":"<p>Step into fall with effortless style and comfort in the Manfinity Homme Men&#8217;s Long Sleeve Bomber Jacket. This\u00a0fashionable jacket\u00a0updates the classic bomber silhouette with clean lines and a versatile design, perfect for the transitional autumn season. Crafted for a modern fit, it features\u00a0ribbed cuffs and hem\u00a0for a tailored look, along with a\u00a0smooth zip front\u00a0for easy [&hellip;]<\/p>","protected":false},"featured_media":32601,"comment_status":"open","ping_status":"closed","template":"","meta":{"_monsterinsights_skip_tracking":false,"_monsterinsights_sitenote_active":false,"_monsterinsights_sitenote_note":"","_monsterinsights_sitenote_category":0},"product_brand":[],"product_cat":[15,75,140],"product_tag":[],"class_list":{"0":"post-32579","1":"product","2":"type-product","3":"status-publish","4":"has-post-thumbnail","6":"product_cat-uncategorized","7":"product_cat-mens-clothing","8":"product_cat-outwear-mens","10":"first","11":"instock","12":"shipping-taxable","13":"purchasable","14":"product-type-simple"},"aioseo_notices":[],"_links":{"self":[{"href":"https:\/\/xn--kbrsglobalstore-7kcc.com\/tr\/wp-json\/wp\/v2\/product\/32579","targetHints":{"allow":["GET"]}}],"collection":[{"href":"https:\/\/xn--kbrsglobalstore-7kcc.com\/tr\/wp-json\/wp\/v2\/product"}],"about":[{"href":"https:\/\/xn--kbrsglobalstore-7kcc.com\/tr\/wp-json\/wp\/v2\/types\/product"}],"replies":[{"embeddable":true,"href":"https:\/\/xn--kbrsglobalstore-7kcc.com\/tr\/wp-json\/wp\/v2\/comments?post=32579"}],"wp:featuredmedia":[{"embeddable":true,"href":"https:\/\/xn--kbrsglobalstore-7kcc.com\/tr\/wp-json\/wp\/v2\/media\/32601"}],"wp:attachment":[{"href":"https:\/\/xn--kbrsglobalstore-7kcc.com\/tr\/wp-json\/wp\/v2\/media?parent=32579"}],"wp:term":[{"taxonomy":"product_brand","embeddable":true,"href":"https:\/\/xn--kbrsglobalstore-7kcc.com\/tr\/wp-json\/wp\/v2\/product_brand?post=32579"},{"taxonomy":"product_cat","embeddable":true,"href":"https:\/\/xn--kbrsglobalstore-7kcc.com\/tr\/wp-json\/wp\/v2\/product_cat?post=32579"},{"taxonomy":"product_tag","embeddable":true,"href":"https:\/\/xn--kbrsglobalstore-7kcc.com\/tr\/wp-json\/wp\/v2\/product_tag?post=32579"}],"curies":[{"name":"wp","href":"https:\/\/api.w.org\/{rel}","templated":true}]}}